{"id":180,"date":"2017-05-28T12:37:31","date_gmt":"2017-05-28T09:37:31","guid":{"rendered":"http:\/\/www.karelia.fi\/digisote\/?page_id=180"},"modified":"2017-07-10T14:22:52","modified_gmt":"2017-07-10T11:22:52","slug":"tulevaisuustyopajat","status":"publish","type":"page","link":"https:\/\/vanha.karelia.fi\/digisote\/tulevaisuustyopajat\/","title":{"rendered":"Tulevaisuusty\u00f6pajat"},"content":{"rendered":"\n<div class=\"twitter-share\"><a href=\"https:\/\/twitter.com\/intent\/tweet?via=pkdigisote\" class=\"twitter-share-button\">Twiittaa<\/a><\/div>\n<p>DigiSote j\u00e4rjesti loppuvuonna 2016 kolme tulevaisuusty\u00f6pajaa yhteisty\u00f6ss\u00e4 eri hankkeiden kanssa. Tulevaisuusty\u00f6pajojen tavoitteena oli tuottaa uutta tietoa sote-alan digitaalisista tulevaisuuksista ja hankkia kokeiluaihioita ja -teemoja tuleviin digikokeiluihin. Tulevaisuusty\u00f6pajat olivat my\u00f6s erinomainen tilaisuus t\u00f6rm\u00e4ytt\u00e4\u00e4 eri ammattialojen toimijoita, sill\u00e4 parhaillaan saman p\u00f6yd\u00e4n \u00e4\u00e4ress\u00e4 soten tulevaisuutta olivat pohtimassa julkisen ja yksityisen sektorin \u00a0sote-alan ammattilaisia, yritt\u00e4ji\u00e4, teknologian edustajia sek\u00e4 etenkin asiakkaita.<\/p>\n<p>Ensimm\u00e4inen ty\u00f6paja toteutetiin yhdess\u00e4 Smart Countryside\u00a0ja ETKO -hankkeiden kanssa 8.11.2016. Ty\u00f6pajan teemana oli uusien kokeiluaihioiden luominen ja suunnitelma niiden toteuttamiseksi. Ty\u00f6pajaosion toteutti Ajatushautomo Demos Helsingist\u00e4 kokeiluasiantuntija Mikko Annala.<\/p>\n<p><img loading=\"lazy\" decoding=\"async\" class=\"alignnone size-full wp-image-204\" src=\"http:\/\/www.karelia.fi\/digisote\/wp-content\/uploads\/2017\/06\/kokeilukanvaasi.jpg\" alt=\"\" width=\"1131\" height=\"792\" srcset=\"https:\/\/vanha.karelia.fi\/digisote\/wp-content\/uploads\/2017\/06\/kokeilukanvaasi.jpg 1131w, https:\/\/vanha.karelia.fi\/digisote\/wp-content\/uploads\/2017\/06\/kokeilukanvaasi-300x210.jpg 300w, https:\/\/vanha.karelia.fi\/digisote\/wp-content\/uploads\/2017\/06\/kokeilukanvaasi-768x538.jpg 768w, https:\/\/vanha.karelia.fi\/digisote\/wp-content\/uploads\/2017\/06\/kokeilukanvaasi-1024x717.jpg 1024w\" sizes=\"(max-width: 767px) 89vw, (max-width: 1000px) 54vw, (max-width: 1071px) 543px, 580px\" \/><\/p>\n<p>&nbsp;<\/p>\n<p>Tulevaisuusty\u00f6pajoihin halusimme tuoda hankkeen luonteen vuoksi my\u00f6s uutta kokeilua. Halusimme kokeilla kuinka ty\u00f6pajan voisi j\u00e4rjest\u00e4\u00e4 kahdessa paikassa samanaikaisesti niin, ett\u00e4 molemmat paikat ovat et\u00e4n\u00e4 yhteydess\u00e4 toisiinsa. Halusimme kokeilla lis\u00e4ksi online ty\u00f6pajaa niin, ett\u00e4 ty\u00f6pajan vet\u00e4j\u00e4 Mikko toimi toisessa paikassa, t\u00e4ss\u00e4 tapauksessa Joensuussa, ja alustajana toiminut Pirkko Kouri toisessa paikassa, Kiteell\u00e4. Et\u00e4yhteys muodostettiin siis niin, ett\u00e4 Kiteelt\u00e4 tuotettiin pajan alustus ja Joensuusta ohjaus.<\/p>\n<p>Ty\u00f6pajassa ryhm\u00e4t muodostivat kaikkiaan 8 eri kokeilusuunnitelmaa. Aiheina olivat mm. terveyden tilan digitaalinen arviointi ennen leikkaukseen saapumista, sairastumisen ennaltaehk\u00e4isy ja turvallisuuden tunteen lis\u00e4\u00e4minen \u00e4lylaitteiden avulla sek\u00e4 toimintakyvyn yll\u00e4pit\u00e4minen digitaalisilla fysioterapiapalveluilla. Lis\u00e4\u00e4 kokeilusuunnitelmista voit lukea <a href=\"http:\/\/tietokayttoon.fi\/julkaisu?pubid=16602\" target=\"_blank\" rel=\"noopener\">t\u00e4\u00e4lt\u00e4<\/a>.<\/p>\n<p>Toisen tulevaisuusty\u00f6pajan hanke j\u00e4rjesti Joensuun Tiedepuistolla 22.11.2016. Paikka valikoitui hyv\u00e4n sijainnin perusteella, koska pajaan haluttiin t\u00e4ll\u00e4 kertaa edustajia niin sote- kuin ICT-alalta. Osallistujajoukko olikin todella monialainen ja hankkeen suunnittelema ja toteuttama paja poikkesi ensimm\u00e4isest\u00e4 tilaisuudesta. Toisen pajan tavoitteena oli muodostaa kuva tulevaisuuden osaamistarpeista ja millaisia tekoja osaamiseen vaaditaan. K\u00e4ytimme menetelm\u00e4n\u00e4 tulevaisuudenmuistelua ja hypp\u00e4simme &#8221;muisteluissa&#8221; vuoteen 2040.<\/p>\n<p><img loading=\"lazy\" decoding=\"async\" class=\"alignnone size-full wp-image-206\" src=\"http:\/\/www.karelia.fi\/digisote\/wp-content\/uploads\/2016\/11\/20161122_144850.jpg\" alt=\"\" width=\"4128\" height=\"2322\" srcset=\"https:\/\/vanha.karelia.fi\/digisote\/wp-content\/uploads\/2016\/11\/20161122_144850.jpg 4128w, https:\/\/vanha.karelia.fi\/digisote\/wp-content\/uploads\/2016\/11\/20161122_144850-300x169.jpg 300w, https:\/\/vanha.karelia.fi\/digisote\/wp-content\/uploads\/2016\/11\/20161122_144850-768x432.jpg 768w, https:\/\/vanha.karelia.fi\/digisote\/wp-content\/uploads\/2016\/11\/20161122_144850-1024x576.jpg 1024w\" sizes=\"(max-width: 767px) 89vw, (max-width: 1000px) 54vw, (max-width: 1071px) 543px, 580px\" \/><\/p>\n<p>Kolmannen tulevaisuusty\u00f6pajan j\u00e4rjestimme j\u00e4lleen yhteisty\u00f6n\u00e4. T\u00e4ll\u00e4 kertaa kumppaninamme oli Pohjois-Savon DigiSote, jonka kanssa yhteisty\u00f6mme hankkeen edetess\u00e4 tulee olemaan tiivist\u00e4. Toteutuksena k\u00e4ytimme samaa tulevaisuudenmuistelua kuin edellisess\u00e4 ty\u00f6pajassa ja samaa et\u00e4paja tekniikkaa kuin ensimm\u00e4isess\u00e4 ty\u00f6pajassa. Paikkoina olivat t\u00e4ll\u00e4 kertaa Pohjois-Savossa Iisalmi ja Pohjois-Karjalassa Lieksa.<\/p>\n<p>Tulevaisuusty\u00f6pajojen tuloksena saimme ryhmien muodostamia skenaariota, joissa on pohdittu millaisia tulevaisuuden sote-palvelut voisivat olla:<\/p>\n<p><em>&#8221;V\u00e4est\u00f6 p\u00e4rj\u00e4\u00e4 kotona, robotiikka ja digitalisaatio palvelevat ennalta ehk\u00e4isev\u00e4ss\u00e4 roolissa sek\u00e4 ovat tehokkaasti k\u00e4yt\u00f6ss\u00e4 sairauksien hoidossa, asumispalveluissa sek\u00e4 kuntoutuksessa. V\u00e4est\u00f6 seuraa hyvinvointiaan ja terveytt\u00e4\u00e4n itsen\u00e4isesti ja yksil\u00f6llisesti digitekniikan avulla.\u00a0 T\u00e4m\u00e4n kaiken varmistaa k\u00e4ytt\u00f6varma ja luotettava\u00a0digi-infrastruktuuri.&#8221;<\/em><\/p>\n<p><em>&#8221;Teknologian kehitys tuo terveyden ja hyvinvoinnin seurannan ihmisen arkiel\u00e4m\u00e4\u00e4n mukaan. Oman el\u00e4m\u00e4n Big Data valjastetaan jokaisen ihmisen k\u00e4ytt\u00f6\u00f6n. Henkil\u00f6kohtaiset terveystiedot siirtyv\u00e4t suoraan tietokantaan, joka on terveyspalveluiden ja henkil\u00f6iden omassa k\u00e4yt\u00f6ss\u00e4. Teko\u00e4ly k\u00e4ytt\u00e4\u00e4 tietokannassa olevaa dataa analysoimaan yksityishenkil\u00f6iden ja kansakunnan terveystilaa.&#8221;<\/em><\/p>\n<p>Skenaarioista analysoimamme teemat, jotka toistuivat ryhmien tulevaisuusmuisteluissa.<\/p>\n<ul>\n<li>Tiedonhallinta<\/li>\n<li>Biohakkerointi<\/li>\n<li>Et\u00e4palvelut<\/li>\n<li>Robotiikka &#8211; suorittavan ty\u00f6n automatisointi<\/li>\n<li>Moniammatillisuus<\/li>\n<li>Digiarkkitehtuuri<\/li>\n<li>Asiakasl\u00e4ht\u00f6isyys ja asiakkaan vastuu<\/li>\n<li>Inhimillinen kohtaaminen<\/li>\n<\/ul>\n<p>Pohjois-Savon DigiSote- hankkeen kanssa yhteisty\u00f6ss\u00e4 tuotettu artikkeli tulevaisuusty\u00f6pajoista on luettavissa <a href=\"https:\/\/pohjoissavondigisote.files.wordpress.com\/2017\/01\/artikkeli_jauhiainen_ym_2017.pdf\" target=\"_blank\" rel=\"noopener\">t\u00e4\u00e4lt\u00e4<\/a>.<\/p>\n<p>&nbsp;<\/p>\n","protected":false},"excerpt":{"rendered":"<p>DigiSote j\u00e4rjesti loppuvuonna 2016 kolme tulevaisuusty\u00f6pajaa yhteisty\u00f6ss\u00e4 eri hankkeiden kanssa. Tulevaisuusty\u00f6pajojen tavoitteena oli tuottaa uutta tietoa sote-alan digitaalisista tulevaisuuksista ja hankkia kokeiluaihioita ja -teemoja tuleviin digikokeiluihin. Tulevaisuusty\u00f6pajat olivat my\u00f6s erinomainen tilaisuus t\u00f6rm\u00e4ytt\u00e4\u00e4 eri ammattialojen toimijoita, sill\u00e4 parhaillaan saman p\u00f6yd\u00e4n \u00e4\u00e4ress\u00e4 soten tulevaisuutta olivat pohtimassa julkisen ja yksityisen sektorin \u00a0sote-alan ammattilaisia, yritt\u00e4ji\u00e4, teknologian edustajia sek\u00e4 etenkin &hellip; <\/p>\n<p class=\"link-more\"><a href=\"https:\/\/vanha.karelia.fi\/digisote\/tulevaisuustyopajat\/\" class=\"more-link\">Jatka lukemista<span class=\"screen-reader-text\"> &#8221;Tulevaisuusty\u00f6pajat&#8221;<\/span><\/a><\/p>\n","protected":false},"author":13,"featured_media":232,"parent":0,"menu_order":0,"comment_status":"closed","ping_status":"closed","template":"","meta":{"footnotes":""},"tags":[],"_links":{"self":[{"href":"https:\/\/vanha.karelia.fi\/digisote\/wp-json\/wp\/v2\/pages\/180"}],"collection":[{"href":"https:\/\/vanha.karelia.fi\/digisote\/wp-json\/wp\/v2\/pages"}],"about":[{"href":"https:\/\/vanha.karelia.fi\/digisote\/wp-json\/wp\/v2\/types\/page"}],"author":[{"embeddable":true,"href":"https:\/\/vanha.karelia.fi\/digisote\/wp-json\/wp\/v2\/users\/13"}],"replies":[{"embeddable":true,"href":"https:\/\/vanha.karelia.fi\/digisote\/wp-json\/wp\/v2\/comments?post=180"}],"version-history":[{"count":5,"href":"https:\/\/vanha.karelia.fi\/digisote\/wp-json\/wp\/v2\/pages\/180\/revisions"}],"predecessor-version":[{"id":286,"href":"https:\/\/vanha.karelia.fi\/digisote\/wp-json\/wp\/v2\/pages\/180\/revisions\/286"}],"wp:featuredmedia":[{"embeddable":true,"href":"https:\/\/vanha.karelia.fi\/digisote\/wp-json\/wp\/v2\/media\/232"}],"wp:attachment":[{"href":"https:\/\/vanha.karelia.fi\/digisote\/wp-json\/wp\/v2\/media?parent=180"}],"wp:term":[{"taxonomy":"post_tag","embeddable":true,"href":"https:\/\/vanha.karelia.fi\/digisote\/wp-json\/wp\/v2\/tags?post=180"}],"curies":[{"name":"wp","href":"https:\/\/api.w.org\/{rel}","templated":true}]}}