{"id":188,"date":"2016-09-28T12:39:27","date_gmt":"2016-09-28T09:39:27","guid":{"rendered":"http:\/\/www.karelia.fi\/digisote\/?page_id=188"},"modified":"2017-09-11T09:57:10","modified_gmt":"2017-09-11T06:57:10","slug":"ajankohtaista","status":"publish","type":"page","link":"https:\/\/vanha.karelia.fi\/digisote\/ajankohtaista\/","title":{"rendered":"Esittely"},"content":{"rendered":"\n<div class=\"twitter-share\"><a href=\"https:\/\/twitter.com\/intent\/tweet?via=pkdigisote\" class=\"twitter-share-button\">Twiittaa<\/a><\/div>\n<p>Tervetuloa Pohjois-Karjalan DigiSoten sivuille. T\u00e4\u00e4lt\u00e4 voit seurata hankkeen etenemist\u00e4 ja mielenkiintoisia aiheita sote-alan digitalisaatiosta. Aluksi hieman johdantoa mist\u00e4 digitalisaatiosta on kyse ja kuinka se koskettaa sote-alaa.<\/p>\n<p>Yhteiskunnassa ja sosiaali- ja terveydenhuollossa on menossa suuri teknologinen ja digitalisaation vallankumous sitten historiassa tapahtuneen teollistumisen. Digitalisaation nopean kehityksen my\u00f6t\u00e4 kansalaisten k\u00e4ytett\u00e4viss\u00e4 on suuri joukko ns. virallisia kansallisia ja alueellisia s\u00e4hk\u00f6isi\u00e4 sosiaali-, ja terveyspalveluja, mutta my\u00f6s entist\u00e4 suurempi joukko vapaasti k\u00e4yt\u00f6ss\u00e4 olevia palveluita (s\u00e4hk\u00f6iset ja mobiilipalvelut, applikaatiot, robotiikka, sensorit, \u00e4lyvaatteet jne.). Digitalisaation ja digipalvelujen kehittyminen eli digity\u00f6 tulee muuttamaan sosiaali- ja terveyspalveluiden ammattilasten ty\u00f6t\u00e4 ja siin\u00e4 tarvittavaa osaamista, ty\u00f6 laajenee ja muuttuu. S\u00e4hk\u00f6isiin palveluihin tottuneet asiakkaat odottavat s\u00e4hk\u00f6isten mahdollisuuksien lis\u00e4\u00e4ntymist\u00e4.<\/p>\n<p><img loading=\"lazy\" decoding=\"async\" class=\"alignnone size-full wp-image-174\" src=\"http:\/\/www.karelia.fi\/digisote\/wp-content\/uploads\/2017\/01\/shutterstock_521601484.jpg\" alt=\"\" width=\"6798\" height=\"4768\" srcset=\"https:\/\/vanha.karelia.fi\/digisote\/wp-content\/uploads\/2017\/01\/shutterstock_521601484.jpg 6798w, https:\/\/vanha.karelia.fi\/digisote\/wp-content\/uploads\/2017\/01\/shutterstock_521601484-300x210.jpg 300w, https:\/\/vanha.karelia.fi\/digisote\/wp-content\/uploads\/2017\/01\/shutterstock_521601484-768x539.jpg 768w, https:\/\/vanha.karelia.fi\/digisote\/wp-content\/uploads\/2017\/01\/shutterstock_521601484-1024x718.jpg 1024w\" sizes=\"(max-width: 767px) 89vw, (max-width: 1000px) 54vw, (max-width: 1071px) 543px, 580px\" \/><\/p>\n<p>Digitalisaatio on nostettu my\u00f6s t\u00e4rke\u00e4ksi suomalaisen sosiaali- ja terveydenhuollon uudistuksen v\u00e4lineeksi ja se on Suomen hallitusohjelman l\u00e4pileikkaava teema. Sosiaali- ja terveyspalvelut on tavoitteena rakentaa k\u00e4ytt\u00e4j\u00e4l\u00e4ht\u00f6isiksi ja samalla digitaalisia toimintatapoja uudistamalla. Digitalisaation avulla voidaan monipuolistaa ja yksil\u00f6llist\u00e4\u00e4 hyvinvointipalveluja sek\u00e4 samalla turvata niiden saatavuus.<\/p>\n<p>Digitaalisuus on k\u00e4sitteen\u00e4 moniulotteinen. Se koostuu tietoj\u00e4rjestelmist\u00e4, sovelluksista, \u00e4lykk\u00e4ist\u00e4 koneista ja laitteista sek\u00e4 sensoreista. N\u00e4iden digitaalisten v\u00e4lineiden tuottama tieto koostaa massadataa ns. Big dataa, jota yh\u00e4 enemm\u00e4n tullaan k\u00e4ytt\u00e4m\u00e4\u00e4n hy\u00f6dyksi analysoimalla olennaista tietoa suurista tietovarannoista. Dataa hy\u00f6dynt\u00e4m\u00e4ll\u00e4 ja analysoimalla lis\u00e4arvoa tuotetaan asiakkaan hoitoon, p\u00e4\u00e4t\u00f6ksentekoon sek\u00e4 toiminnan suunnitteluun ja johtamiseen.<\/p>\n<p>Nopea teknologinen kehitys haastaa sosiaali- ja terveydenhuollon ty\u00f6n muutokseen. Digitaalisten palvelujen kehittyminen sosiaali- ja terveydenhuollossa tulee muuttamaan ammattilaisten ty\u00f6t\u00e4 ja siin\u00e4 tarvittavaa osaamista, jossa ns. eAmmattilaisuus osaamisvaatimuksineen on ratkaisevan t\u00e4rke\u00e4\u00e4.<\/p>\n<p>Karelia ammattikorkeakoulussa k\u00e4ynnistyi syyskuussa 2016 Euroopan sosiaalirahaston rahoittama eAmmattilaiset tulevaisuuden ty\u00f6el\u00e4m\u00e4ss\u00e4 &#8211; Pohjois-Karjalan DigiSote \u2013hanke, jossa digiosaaminen, sen tunnistaminen ja kehitt\u00e4minen ovat merkitt\u00e4vi\u00e4 tavoitteita. DigiSote-hanke toteutetaan Karelia ammattikorkeakoulun ja Siun sote organisaation kanssa yhteisty\u00f6ss\u00e4. Hankkeessa tavoitteena on tuottaa uutta tietoa sosiaali- ja terveydenhuollon digitaalisista tulevaisuuksista, valmentaa eAmmattilaisia tulevaisuuden ty\u00f6h\u00f6n sek\u00e4 edist\u00e4\u00e4 digitalisaatiota nopeiden digikokeilujen avulla.<\/p>\n<p>Tavoitteiden saavuttamiseksi hankkeessa toteutetaan kolme erilaista, toisiinsa linkittyv\u00e4\u00e4 toimenpidekokonaisuutta:<\/p>\n<p>1) Tulevaisuusty\u00f6pajoissa tunnistetaan ja visualisoidaan eAmmattilaisen muuttuva digitaalinen ty\u00f6 sek\u00e4 siin\u00e4 tarvittava osaaminen.<\/p>\n<p>2) Nopeiden digikokeilujen aiheet nousevat tulevaisuusty\u00f6pajoista ja kokeilut toimivat my\u00f6s eAmmattilaisten osaamisen kehitt\u00e4misen alustana. Kokeiluissa otetaan k\u00e4ytt\u00f6\u00f6n uusia digitaalisia palveluja sektorirajat ylitt\u00e4viin palveluketjuihin.<\/p>\n<p>3) eAmmattilaisuuden kehitt\u00e4misess\u00e4 mallinnetaan eAmmattilaisen osaamisen kehittymispolku ja tuotetaan siihen liittyvi\u00e4 valmennuskokonaisuuksia ja -materiaaleja.<\/p>\n<p>Hankkeen tavoitteena on:<br \/>\n1) tuottaa uutta tietoa sosiaali- ja terveydenhuollon digitaalisista tulevaisuuksista ja tunnistaa tulevaisuuden e-Ammattilaisuus ja siin\u00e4 tarvittavat osaamistarpeet,<br \/>\n2) kehitt\u00e4\u00e4 digitalisaatiota julkisen sosiaali- ja terveydenhuollon, yksityisen sosiaali- ja terveydenhuollon ja kolmannen sektorin yhdyspintojen palvelupolkuihin monitoimijaverkostona asiakasl\u00e4ht\u00f6isesti,<br \/>\n3) kehitt\u00e4\u00e4 sosiaali- ja terveydenhuollossa ty\u00f6skentelevien, alan yritysten ja kansalaisten digiosaamista muuttuvat osaamistarpeet ja erikoisosaaminen huomioiden,<br \/>\n4) kehitt\u00e4\u00e4 e-Ammattilaisten osaamisen kehityspolku ja siihen liittyv\u00e4t valmennuskokonaisuudet,<br \/>\n5) kehitt\u00e4\u00e4 digitalisaatiota edist\u00e4v\u00e4\u00e4 monitoimija- ja yritysyhteisty\u00f6t\u00e4,<br \/>\n6) integroida hankkeen kehitt\u00e4misty\u00f6 sote-alan koulutukseen sek\u00e4 hy\u00f6dynt\u00e4\u00e4 sit\u00e4 organisaatioiden tulevaisuuden toiminnassa<\/p>\n<p><iframe loading=\"lazy\" id=\"iframe_container\" frameborder=\"0\" webkitallowfullscreen=\"\" mozallowfullscreen=\"\" allowfullscreen=\"\" width=\"550\" height=\"400\" src=\"https:\/\/prezi.com\/embed\/jvmfcvcovzgi\/?bgcolor=ffffff&amp;lock_to_path=0&amp;autoplay=0&amp;autohide_ctrls=0&amp;landing_data=bHVZZmNaNDBIWnNjdEVENDRhZDFNZGNIUE43MHdLNWpsdFJLb2ZHanI0OFd4NEJCbjA0QmtiZG4xSC9QaFI1bFhRPT0&amp;landing_sign=UHoCb5Pz5-fuzf6fHIgPpKG_Y5xgwLp1mlpmreKwlhY\"><\/iframe><\/p>\n","protected":false},"excerpt":{"rendered":"<p>Tervetuloa Pohjois-Karjalan DigiSoten sivuille. T\u00e4\u00e4lt\u00e4 voit seurata hankkeen etenemist\u00e4 ja mielenkiintoisia aiheita sote-alan digitalisaatiosta. Aluksi hieman johdantoa mist\u00e4 digitalisaatiosta on kyse ja kuinka se koskettaa sote-alaa. Yhteiskunnassa ja sosiaali- ja terveydenhuollossa on menossa suuri teknologinen ja digitalisaation vallankumous sitten historiassa tapahtuneen teollistumisen. Digitalisaation nopean kehityksen my\u00f6t\u00e4 kansalaisten k\u00e4ytett\u00e4viss\u00e4 on suuri joukko ns. virallisia kansallisia ja &hellip; <\/p>\n<p class=\"link-more\"><a href=\"https:\/\/vanha.karelia.fi\/digisote\/ajankohtaista\/\" class=\"more-link\">Jatka lukemista<span class=\"screen-reader-text\"> &#8221;Esittely&#8221;<\/span><\/a><\/p>\n","protected":false},"author":13,"featured_media":173,"parent":0,"menu_order":0,"comment_status":"closed","ping_status":"closed","template":"","meta":{"footnotes":""},"tags":[],"_links":{"self":[{"href":"https:\/\/vanha.karelia.fi\/digisote\/wp-json\/wp\/v2\/pages\/188"}],"collection":[{"href":"https:\/\/vanha.karelia.fi\/digisote\/wp-json\/wp\/v2\/pages"}],"about":[{"href":"https:\/\/vanha.karelia.fi\/digisote\/wp-json\/wp\/v2\/types\/page"}],"author":[{"embeddable":true,"href":"https:\/\/vanha.karelia.fi\/digisote\/wp-json\/wp\/v2\/users\/13"}],"replies":[{"embeddable":true,"href":"https:\/\/vanha.karelia.fi\/digisote\/wp-json\/wp\/v2\/comments?post=188"}],"version-history":[{"count":7,"href":"https:\/\/vanha.karelia.fi\/digisote\/wp-json\/wp\/v2\/pages\/188\/revisions"}],"predecessor-version":[{"id":456,"href":"https:\/\/vanha.karelia.fi\/digisote\/wp-json\/wp\/v2\/pages\/188\/revisions\/456"}],"wp:featuredmedia":[{"embeddable":true,"href":"https:\/\/vanha.karelia.fi\/digisote\/wp-json\/wp\/v2\/media\/173"}],"wp:attachment":[{"href":"https:\/\/vanha.karelia.fi\/digisote\/wp-json\/wp\/v2\/media?parent=188"}],"wp:term":[{"taxonomy":"post_tag","embeddable":true,"href":"https:\/\/vanha.karelia.fi\/digisote\/wp-json\/wp\/v2\/tags?post=188"}],"curies":[{"name":"wp","href":"https:\/\/api.w.org\/{rel}","templated":true}]}}