{"id":242,"date":"2017-06-26T11:05:28","date_gmt":"2017-06-26T08:05:28","guid":{"rendered":"http:\/\/www.karelia.fi\/digisote\/?page_id=242"},"modified":"2017-07-12T08:34:31","modified_gmt":"2017-07-12T05:34:31","slug":"alykas-asiakastietojen-keraaminen","status":"publish","type":"page","link":"https:\/\/vanha.karelia.fi\/digisote\/alykas-asiakastietojen-keraaminen\/","title":{"rendered":"\u00c4lyk\u00e4s asiakastietojen ker\u00e4\u00e4minen"},"content":{"rendered":"\n<div class=\"twitter-share\"><a href=\"https:\/\/twitter.com\/intent\/tweet?via=pkdigisote\" class=\"twitter-share-button\">Twiittaa<\/a><\/div>\n<p><strong>\u00c4lyk\u00e4s virtsatieinfektion oirearvio<\/strong><\/p>\n<p><a href=\"https:\/\/www.duodecim.fi\/2016\/11\/25\/oda-hankkeessa-kehitetaan-tulevaisuuden-alykkaita-sahkoisia-sote-palveluja\/\" target=\"_blank\" rel=\"noopener\">Oman ajan digiajan hyvinvointipalvelujen (ODA)<\/a> odotetaan olevan k\u00e4yt\u00f6ss\u00e4 vuoden 2018 aikana tuoden kansalaisille s\u00e4hk\u00f6isi\u00e4 palveluja mm. hyvinvointitarkastuksen, itsehoitosuunnitelman, personoidun valmennuksen sek\u00e4 s\u00e4hk\u00f6isi\u00e4 oirearvioita. Virtuaaliyksik\u00f6n innovaatiopajassa yhdeksi kokeiluaihioiksi muodostui tulevia ODA-oirearvioita ennakoiva kokeilu. Kokeilun l\u00e4ht\u00f6kohtana pidimme nimenomaan <em>uuden toimintaprosessin kehitt\u00e4mist\u00e4<\/em>, sill\u00e4 prosessit tulevat ODA-palvelujen osalta muuttumaan.<\/p>\n<p>Siun soten potilastietoj\u00e4rjestelm\u00e4n\u00e4 oleva Mediatri k\u00e4sitt\u00e4\u00e4 asiakasportaali Medinetin, joka mahdollistaa asiakkaan oman terveyden seurannan ja terveystietojen p\u00e4ivitt\u00e4misen. Medinettiin on my\u00f6s luotu erilaisia lomakkeita, joka mahdollistaa asiakastietojen ker\u00e4\u00e4misen ja oirearvion tekemisen, joten kokeilua varten olevaa tekniikka ei tarvinnut erikseen kartoittaa ja kilpailuttaa.<\/p>\n<p>Kokeilua varten valitsimme perusterveiden naisten virtsatieinfektion oirearvion, koska kyseinen oirearvio on jatkossa mahdollista tehd\u00e4 my\u00f6s tulevassa ODA-palvelussa. Kokeilua l\u00e4hdettiin viem\u00e4\u00e4n eteenp\u00e4in Siun soten yhteisp\u00e4ivystyksess\u00e4, vaikka virtsatieoireita potevat asiakkaat ottavatkin arkip\u00e4iv\u00e4n aikana yhteytt\u00e4 l\u00e4himp\u00e4\u00e4n terveyskeskukseen. Yhteisp\u00e4ivystys palvelee kuitenkin kaikkia asiakkaita my\u00f6s &#8221;virka-ajan&#8221; ulkopuolella iltaisin ja viikonloppuisin.<\/p>\n<p>Virtsatieinfektion oireita potevan asiakkaan palvelupolku on aikaisemmin l\u00e4htenyt liikkeelle yleisimmin asiakkaan yhteydenotosta puhelimella hoitavaan tahoon joko terveyskeskukseen tai yhteisp\u00e4ivystykseen. Hoitaja on kartoittanut asiakkaan tilanteen ja muodostanut oirearvion puhelun edetess\u00e4. Oirearvio on johtanut jatkohoitoon esim. n\u00e4ytteenottoon tai l\u00e4\u00e4k\u00e4rille reseptin m\u00e4\u00e4r\u00e4ykseen.<\/p>\n<p>Kokeilua varten k\u00e4ytteen otettu Medinet-lomake mahdollistaa puhelun sijaan vaivattomamman tavan palvelupolun k\u00e4ynnist\u00e4miseen. Asiakas kirjautuu <a href=\"https:\/\/medinet.pohjoiskarjala.net\/\" target=\"_blank\" rel=\"noopener\">Medinet<\/a>-verkkosivuille vanhan tunnistautumisen kautta. Medinetiss\u00e4 asiakas t\u00e4ytt\u00e4\u00e4 virtsatietieinfektion oireita arvioivan lomakkeen, joka p\u00e4\u00e4tyy hoitajan k\u00e4sittelyyn. K\u00e4sittelyn j\u00e4lkeen asiakas saa oireiden perusteella hoitoon ohjauksen, joka voi olla suora l\u00e4\u00e4k\u00e4rin m\u00e4\u00e4r\u00e4\u00e4m\u00e4 resepti, lis\u00e4selvityksi\u00e4 vaativa n\u00e4ytteenotto tai ep\u00e4selv\u00e4ss\u00e4 tapauksessa hoitaja voi soittaa asiakkaalle ja kysy\u00e4 tarvittavia lis\u00e4tietoja.<\/p>\n<p>Uuden toimintamallin my\u00f6t\u00e4 kokeilu mahdollistaa asiakkaalle ymp\u00e4rivuorokautisen tavan k\u00e4ynnist\u00e4\u00e4 oma palvelupolku &#8211; vaikka keskell\u00e4 y\u00f6t\u00e4. Kokeilu on k\u00e4ynniss\u00e4 21.9.2017 saakka kokeilun jatkosta tiedotetaan DigiSoten <a href=\"https:\/\/www.facebook.com\/pkdigisote\" target=\"_blank\" rel=\"noopener\">Facebook-sivuilla.<\/a><\/p>\n<p><strong>\u00c4lyk\u00e4s opiskelijaterveydenhuollon esitietojen ker\u00e4\u00e4minen<\/strong><\/p>\n<p>Opiskelijaterveydenhuollon esitietojen ker\u00e4\u00e4minen, kuten my\u00f6s virtsatieinfektion oirearvio -kokeilu, toteutetaan samalla tekniikkalla Medinet -verkkosivujen kautta \u00e4lykk\u00e4\u00e4n lomakkeen avulla. Uusien ammattikorkeakouluopiskelijoiden aloittaessa opintojaan jokaiselta opiskelijalta kartoitetaan terveydentilaan liittyv\u00e4 selvitys. Kyseinen esitietojen ker\u00e4\u00e4minen on aiemmin toteutettu paperisin lomakkein, jotka hoitajat ovat k\u00e4yneet manuaalisesti l\u00e4pi ja seuloneet terveystarkastuksien vastaanottoajat. Prosessi on koettu hoitajien toimesta eritt\u00e4in ty\u00f6l\u00e4\u00e4ksi ja lis\u00e4ksi paperisista lomakkeista olevat tiedot sy\u00f6tet\u00e4\u00e4n viel\u00e4 vastaanoton aikana Mediatri -potilastietoj\u00e4rjestelm\u00e4\u00e4n.<\/p>\n<p>Kokeilun \u00e4lyk\u00e4s lomake mahdollistaa esitietojen ker\u00e4\u00e4misen suoraan opiskelijan toimesta Medinetiin, josta hoitaja voi erilaisilla her\u00e4tteill\u00e4 poimia omilla kriteereill\u00e4\u00e4n kiireisimm\u00e4t vastaanottoajat. Lis\u00e4ksi opiskelijoiden t\u00e4ydent\u00e4m\u00e4t tiedot hoitaja voi siirt\u00e4\u00e4 Mediatri -potilastietoj\u00e4rjestelm\u00e4n puolelle. Kokeilua varten oleva lomake on tarkoitus testata syksyll\u00e4 2017 aloittavilla ammattikorkeakouluopiskelijoilla. Kokeilun etenemisest\u00e4 tiedotetaan DigiSoten <a href=\"https:\/\/www.facebook.com\/pkdigisote\" target=\"_blank\" rel=\"noopener\">Facebook-sivuilla.<\/a><\/p>\n","protected":false},"excerpt":{"rendered":"<p>\u00c4lyk\u00e4s virtsatieinfektion oirearvio Oman ajan digiajan hyvinvointipalvelujen (ODA) odotetaan olevan k\u00e4yt\u00f6ss\u00e4 vuoden 2018 aikana tuoden kansalaisille s\u00e4hk\u00f6isi\u00e4 palveluja mm. hyvinvointitarkastuksen, itsehoitosuunnitelman, personoidun valmennuksen sek\u00e4 s\u00e4hk\u00f6isi\u00e4 oirearvioita. Virtuaaliyksik\u00f6n innovaatiopajassa yhdeksi kokeiluaihioiksi muodostui tulevia ODA-oirearvioita ennakoiva kokeilu. Kokeilun l\u00e4ht\u00f6kohtana pidimme nimenomaan uuden toimintaprosessin kehitt\u00e4mist\u00e4, sill\u00e4 prosessit tulevat ODA-palvelujen osalta muuttumaan. Siun soten potilastietoj\u00e4rjestelm\u00e4n\u00e4 oleva Mediatri k\u00e4sitt\u00e4\u00e4 asiakasportaali &hellip; <\/p>\n<p class=\"link-more\"><a href=\"https:\/\/vanha.karelia.fi\/digisote\/alykas-asiakastietojen-keraaminen\/\" class=\"more-link\">Jatka lukemista<span class=\"screen-reader-text\"> &#8221;\u00c4lyk\u00e4s asiakastietojen ker\u00e4\u00e4minen&#8221;<\/span><\/a><\/p>\n","protected":false},"author":13,"featured_media":295,"parent":0,"menu_order":0,"comment_status":"closed","ping_status":"closed","template":"","meta":{"footnotes":""},"tags":[],"_links":{"self":[{"href":"https:\/\/vanha.karelia.fi\/digisote\/wp-json\/wp\/v2\/pages\/242"}],"collection":[{"href":"https:\/\/vanha.karelia.fi\/digisote\/wp-json\/wp\/v2\/pages"}],"about":[{"href":"https:\/\/vanha.karelia.fi\/digisote\/wp-json\/wp\/v2\/types\/page"}],"author":[{"embeddable":true,"href":"https:\/\/vanha.karelia.fi\/digisote\/wp-json\/wp\/v2\/users\/13"}],"replies":[{"embeddable":true,"href":"https:\/\/vanha.karelia.fi\/digisote\/wp-json\/wp\/v2\/comments?post=242"}],"version-history":[{"count":5,"href":"https:\/\/vanha.karelia.fi\/digisote\/wp-json\/wp\/v2\/pages\/242\/revisions"}],"predecessor-version":[{"id":307,"href":"https:\/\/vanha.karelia.fi\/digisote\/wp-json\/wp\/v2\/pages\/242\/revisions\/307"}],"wp:featuredmedia":[{"embeddable":true,"href":"https:\/\/vanha.karelia.fi\/digisote\/wp-json\/wp\/v2\/media\/295"}],"wp:attachment":[{"href":"https:\/\/vanha.karelia.fi\/digisote\/wp-json\/wp\/v2\/media?parent=242"}],"wp:term":[{"taxonomy":"post_tag","embeddable":true,"href":"https:\/\/vanha.karelia.fi\/digisote\/wp-json\/wp\/v2\/tags?post=242"}],"curies":[{"name":"wp","href":"https:\/\/api.w.org\/{rel}","templated":true}]}}