{"id":243,"date":"2017-06-22T11:05:28","date_gmt":"2017-06-22T08:05:28","guid":{"rendered":"http:\/\/www.karelia.fi\/digisote\/?page_id=243"},"modified":"2018-01-25T13:24:11","modified_gmt":"2018-01-25T11:24:11","slug":"virtuaalitodellisuuden-hyodyntaminen-muistisairaiden-hyvinvoinnissa","status":"publish","type":"page","link":"https:\/\/vanha.karelia.fi\/digisote\/virtuaalitodellisuuden-hyodyntaminen-muistisairaiden-hyvinvoinnissa\/","title":{"rendered":"Virtuaalitodellisuuden hy\u00f6dynt\u00e4minen muistisairaiden hyvinvoinnissa"},"content":{"rendered":"\n<div class=\"twitter-share\"><a href=\"https:\/\/twitter.com\/intent\/tweet?via=pkdigisote\" class=\"twitter-share-button\">Twiittaa<\/a><\/div>\n<p>DigiSote kokeilee virtuaalitodellisuuden ratkaisuja eri kohderyhmill\u00e4 tavoitteena selvitt\u00e4\u00e4 VR-teknologian soveltuvuutta hyvinvoinnin edist\u00e4misess\u00e4.<\/p>\n<p>DigiSote yhteisty\u00f6ss\u00e4 <a href=\"http:\/\/kokeiletata.karelia.fi\/\" target=\"_blank\" rel=\"noopener\">Lumo2<\/a> -hankkeen kanssa on kokeillut Pohjois-Karjalan Muisti ry:n ty\u00f6ik\u00e4isten muistisairauden ryhm\u00e4ss\u00e4 virtuaalitodellisuuden soveltuvuutta heid\u00e4n hyvinvoinnin edist\u00e4misessa. Kokeilu on l\u00e4ht\u00f6isin asiakkaiden toiveesta ja tarkoituksena on ollut kokeilla mahdollisimman matalalla kynnyksell\u00e4 proaktiivisesti erilaisia virtuaalitodellisuuden sis\u00e4lt\u00f6j\u00e4.<\/p>\n<p><strong>Mit\u00e4 se virtuaalitodellisuus on?<\/strong><\/p>\n<p>Ensimm\u00e4isell\u00e4 tapaamiskerralla toimme asiakkaille tutuksi virtuaalitodellisuutta n\u00e4ytt\u00e4m\u00e4ll\u00e4 erilaisia sis\u00e4lt\u00f6j\u00e4 virtuaalilasien kautta. Virtuaalitodellisuus (VR) on viel\u00e4 suurelle yleis\u00f6lle aika tuntematon k\u00e4site ja monikaan ei ole viel\u00e4 tekniikkaa p\u00e4\u00e4ssyt kokeilemaan. N\u00e4k\u00f6kulmana meill\u00e4 kokeilun alussa oli esitell\u00e4 tekniikkaa niin, ett\u00e4 jokainen p\u00e4\u00e4see kokeilemaan laseja ja arvioimaan kuinka VR-tekniikalla voisi vaikuttaa heid\u00e4n hyvinvointiinsa. Tarpeellisena kysymyksen\u00e4 oli mit\u00e4 sis\u00e4lt\u00f6j\u00e4 kukin haluaa VR-laseilla katsella.<\/p>\n<p>Asiakkaat suhtautuivat uuteen tekniikkaan todella uteliaasti ja my\u00f6nteisesti, vaikka n\u00e4ytt\u00e4m\u00e4mme sis\u00e4lt\u00f6 ei kaikille soveltunutkaan. Palaute oli jopa yll\u00e4tt\u00e4v\u00e4\u00e4, sill\u00e4 asiakkaat eiv\u00e4t halunneetkaan menn\u00e4 tuttuun ja turvalliseen ymp\u00e4rist\u00f6\u00f6n ja menneisyyteen, vaan aivan uusiin paikkoihin, joissa eiv\u00e4t olleet aikaisemmin k\u00e4yneet. Luontoteema houkutteli my\u00f6s jokaisen kokeilijan mieliss\u00e4. Heid\u00e4n palautteen perusteella aloimme jo suunnitella seuraavan kokeilukerran sis\u00e4lt\u00f6aihioita.<\/p>\n<p><img loading=\"lazy\" decoding=\"async\" class=\"alignnone size-full wp-image-273\" src=\"http:\/\/www.karelia.fi\/digisote\/wp-content\/uploads\/2017\/07\/20170515_123357.jpg\" alt=\"\" width=\"4128\" height=\"2322\" srcset=\"https:\/\/vanha.karelia.fi\/digisote\/wp-content\/uploads\/2017\/07\/20170515_123357.jpg 4128w, https:\/\/vanha.karelia.fi\/digisote\/wp-content\/uploads\/2017\/07\/20170515_123357-300x169.jpg 300w, https:\/\/vanha.karelia.fi\/digisote\/wp-content\/uploads\/2017\/07\/20170515_123357-768x432.jpg 768w, https:\/\/vanha.karelia.fi\/digisote\/wp-content\/uploads\/2017\/07\/20170515_123357-1024x576.jpg 1024w\" sizes=\"(max-width: 767px) 89vw, (max-width: 1000px) 54vw, (max-width: 1071px) 543px, 580px\" \/><\/p>\n<p><strong>Katsotaan mit\u00e4 halutaan<\/strong><\/p>\n<p>Kokeilun ajatuksenamme alusta asti oli mahdollisimman asiakasl\u00e4ht\u00f6inen ote, sill\u00e4 asiakkaat p\u00e4\u00e4siv\u00e4t alusta asti vaikuttamaan kokeilun kulkuun. Ennen ensimm\u00e4ist\u00e4 tapaamista meill\u00e4 ei ollut valmista suunnitelmaa jatkoa varten, sill\u00e4 emme osanneet ennakoida kuinka kohderyhm\u00e4 tulisi ottamaa vastaan kokeilun. \u00a0Kokeiluprosessia ensimm\u00e4isen kokeilukerran j\u00e4lkeiselle ajalle emme suunnitelleet sen tarkemmin, koska riski kokeilun p\u00e4\u00e4ttymiseen heti alkumetreill\u00e4 oli olemassa.<\/p>\n<p>Ensimm\u00e4isen kerran j\u00e4lkeen kokeilua ilman muuta kannatti jatkaa ja toiselle kerralle otimme tapaamiseen mukaan usemmat VR-lasit ja n\u00e4ytt\u00f6p\u00e4\u00e4tteen, josta muut p\u00e4\u00e4siv\u00e4t seuraamaan mit\u00e4 lasien k\u00e4ytt\u00e4j\u00e4ll\u00e4 kulloinkin sis\u00e4lt\u00f6n\u00e4 n\u00e4kyi. Lis\u00e4ksi kartoitimme sis\u00e4lt\u00f6j\u00e4 edellisen kerran mieltymyksien mukaan \u00a0ja esim. luonto ja matkailu teemat olivat toistettavina sis\u00e4lt\u00f6in\u00e4.<\/p>\n<p>Palaute toisen tapaamisen j\u00e4lkeen oli j\u00e4lleen positiivista ja halusimme edelleen kehitt\u00e4\u00e4 kokeilua uusille urille. Kolmannen tapaamisen tavoitteena oli kokeilla viel\u00e4 kehittyneemp\u00e4\u00e4 tekniikkaa.<\/p>\n<p><img loading=\"lazy\" decoding=\"async\" class=\"alignnone size-full wp-image-278\" src=\"http:\/\/www.karelia.fi\/digisote\/wp-content\/uploads\/2017\/06\/20170515_123729.jpg\" alt=\"\" width=\"4128\" height=\"2322\" srcset=\"https:\/\/vanha.karelia.fi\/digisote\/wp-content\/uploads\/2017\/06\/20170515_123729.jpg 4128w, https:\/\/vanha.karelia.fi\/digisote\/wp-content\/uploads\/2017\/06\/20170515_123729-300x169.jpg 300w, https:\/\/vanha.karelia.fi\/digisote\/wp-content\/uploads\/2017\/06\/20170515_123729-768x432.jpg 768w, https:\/\/vanha.karelia.fi\/digisote\/wp-content\/uploads\/2017\/06\/20170515_123729-1024x576.jpg 1024w\" sizes=\"(max-width: 767px) 89vw, (max-width: 1000px) 54vw, (max-width: 1071px) 543px, 580px\" \/><\/p>\n<p><strong>Voisiko t\u00e4h\u00e4n saada jotain aktiviteettia?<\/strong><\/p>\n<p>Ensimm\u00e4isell\u00e4 ja toisella kokeilukerralla k\u00e4yt\u00f6ss\u00e4mme olleet yleismalliset VR-lasit olivat ns. \u00e4lypuhelimella toistettavia sis\u00e4lt\u00f6j\u00e4. T\u00e4m\u00e4 tarkoittaa sit\u00e4, ett\u00e4 VR-lasien sis\u00e4\u00e4n asennetaan puhelin, joka tukee virtuaalisena toistettavaa sis\u00e4lt\u00f6\u00e4. Kyseist\u00e4 sis\u00e4lt\u00f6\u00e4 voi toistaa esim. erilaisten sovellusten tai Youtuben kautta.<\/p>\n<p>Kolmas tapaamiskerta toteutettiin Karelia-ammattikorkeakoulun tiloissa Tiedepuistolla, jossa media-alan studiossa on k\u00e4yt\u00f6ss\u00e4 <a href=\"https:\/\/www.vive.com\/eu\/\" target=\"_blank\" rel=\"noopener\">VR-teknologiaa<\/a>, joka on t\u00e4ll\u00e4 hetkell\u00e4 my\u00f6s kuluttaja-asiakkaiden saatavissa. Kyseinen tekniikka ei perustu \u00e4lypuhelimen toistoon, vaan lasit ovat oma yksikk\u00f6ns\u00e4, joka on yhteydess\u00e4 liikeantureihin ja tietokoneeseen, josta sis\u00e4lt\u00f6\u00e4 toistetaan VR-laseille. Laseissa on my\u00f6s ohjaimet ja niill\u00e4 voidaan lasien k\u00e4ytt\u00e4j\u00e4n liikkeen lis\u00e4ksi tuoda aivan uusia ulottuvuuksia.<\/p>\n<p>Kyseinen tekniikka mahdollisti n\u00e4in ollen asiakkaiden liikkeen esim. merenalaisilla virtuaalisukellusretkill\u00e4. Kokeilija p\u00e4\u00e4si koskettelemaan koralleja ja meduusoja tuoden todellisemman vaikutelman kuin pelkk\u00e4 katselu. Oikeastaan kolmas kokeilukerta aktiivisen virtuaalitodellisuuden j\u00e4lkeen vaikutti tuovan todellisen el\u00e4mylllisyyden asiakkaille.<\/p>\n<p>Kokeilut jatkuvat syksyll\u00e4 2017<\/p>\n<p>&nbsp;<\/p>\n","protected":false},"excerpt":{"rendered":"<p>DigiSote kokeilee virtuaalitodellisuuden ratkaisuja eri kohderyhmill\u00e4 tavoitteena selvitt\u00e4\u00e4 VR-teknologian soveltuvuutta hyvinvoinnin edist\u00e4misess\u00e4. DigiSote yhteisty\u00f6ss\u00e4 Lumo2 -hankkeen kanssa on kokeillut Pohjois-Karjalan Muisti ry:n ty\u00f6ik\u00e4isten muistisairauden ryhm\u00e4ss\u00e4 virtuaalitodellisuuden soveltuvuutta heid\u00e4n hyvinvoinnin edist\u00e4misessa. Kokeilu on l\u00e4ht\u00f6isin asiakkaiden toiveesta ja tarkoituksena on ollut kokeilla mahdollisimman matalalla kynnyksell\u00e4 proaktiivisesti erilaisia virtuaalitodellisuuden sis\u00e4lt\u00f6j\u00e4. Mit\u00e4 se virtuaalitodellisuus on? Ensimm\u00e4isell\u00e4 tapaamiskerralla toimme asiakkaille &hellip; <\/p>\n<p class=\"link-more\"><a href=\"https:\/\/vanha.karelia.fi\/digisote\/virtuaalitodellisuuden-hyodyntaminen-muistisairaiden-hyvinvoinnissa\/\" class=\"more-link\">Jatka lukemista<span class=\"screen-reader-text\"> &#8221;Virtuaalitodellisuuden hy\u00f6dynt\u00e4minen muistisairaiden hyvinvoinnissa&#8221;<\/span><\/a><\/p>\n","protected":false},"author":13,"featured_media":0,"parent":0,"menu_order":0,"comment_status":"closed","ping_status":"closed","template":"","meta":{"footnotes":""},"tags":[],"_links":{"self":[{"href":"https:\/\/vanha.karelia.fi\/digisote\/wp-json\/wp\/v2\/pages\/243"}],"collection":[{"href":"https:\/\/vanha.karelia.fi\/digisote\/wp-json\/wp\/v2\/pages"}],"about":[{"href":"https:\/\/vanha.karelia.fi\/digisote\/wp-json\/wp\/v2\/types\/page"}],"author":[{"embeddable":true,"href":"https:\/\/vanha.karelia.fi\/digisote\/wp-json\/wp\/v2\/users\/13"}],"replies":[{"embeddable":true,"href":"https:\/\/vanha.karelia.fi\/digisote\/wp-json\/wp\/v2\/comments?post=243"}],"version-history":[{"count":6,"href":"https:\/\/vanha.karelia.fi\/digisote\/wp-json\/wp\/v2\/pages\/243\/revisions"}],"predecessor-version":[{"id":539,"href":"https:\/\/vanha.karelia.fi\/digisote\/wp-json\/wp\/v2\/pages\/243\/revisions\/539"}],"wp:attachment":[{"href":"https:\/\/vanha.karelia.fi\/digisote\/wp-json\/wp\/v2\/media?parent=243"}],"wp:term":[{"taxonomy":"post_tag","embeddable":true,"href":"https:\/\/vanha.karelia.fi\/digisote\/wp-json\/wp\/v2\/tags?post=243"}],"curies":[{"name":"wp","href":"https:\/\/api.w.org\/{rel}","templated":true}]}}