{"id":428,"date":"2017-09-04T08:45:26","date_gmt":"2017-09-04T05:45:26","guid":{"rendered":"http:\/\/www.karelia.fi\/digisote\/?page_id=428"},"modified":"2019-02-26T15:07:59","modified_gmt":"2019-02-26T13:07:59","slug":"julkaisut","status":"publish","type":"page","link":"https:\/\/vanha.karelia.fi\/digisote\/julkaisut\/","title":{"rendered":"Julkaisut"},"content":{"rendered":"\n<div class=\"twitter-share\"><a href=\"https:\/\/twitter.com\/intent\/tweet?via=pkdigisote\" class=\"twitter-share-button\">Twiittaa<\/a><\/div>\n<p><span lang=\"FI\">Juuso Ojasalo, Heli J\u00e4\u00e4skel\u00e4inen &amp; P\u00e4ivi Sihvo. DigiSote-hanke t\u00e4ht\u00e4\u00e4 kohti eAmmattilaisuutta. Vasu 5\/2016. <a href=\"http:\/\/www.karelia.fi\/vasu\/2016\/12\/13\/digisote\/\">\u00a0http:\/\/www.karelia.fi\/vasu\/2016\/12\/13\/digisote\/<\/a><\/span><\/p>\n<p>Annikki Jauhiainen &amp; P\u00e4ivi Sihvo, <a href=\"http:\/\/theseus.fi\/bitstream\/handle\/10024\/121629\/Jauhiainen_Sihvo.pdf?sequence=1\">eAmmattilaiset tulevaisuuden ty\u00f6el\u00e4m\u00e4ss\u00e4 &#8211; osaamsien ja palveluiden kehitt\u00e4minen hankeyhteisty\u00f6ll\u00e4<\/a>, Julkaisussa: AMK- ja ammattillisen koulutuksen tutkimusp\u00e4iv\u00e4t 8.-9.11.2016<\/p>\n<p>P\u00e4ivi Sihvo, Annikki Jauhiainen &amp; Susanne H\u00e4m\u00e4l\u00e4inen, I<a href=\"http:\/\/www.karelia.fi\/ikanyt\/2017\/03\/22\/ikadigi\/\">k\u00e4digi edist\u00e4\u00e4 hyvinvointia<\/a>, Julkaisussa: IK\u00c4 NYT! Ik\u00e4osaamisen verkkojulkaisu 1\/2017<\/p>\n<p>Annikki Jauhiainen, P\u00e4ivi Sihvo, Heli J\u00e4\u00e4skel\u00e4inen, Juuso Ojasalo &amp; Susanne H\u00e4m\u00e4l\u00e4inen, Skenaarioty\u00f6skentelyll\u00e4 tietoa tulevaisuuden sosiaali- ja terveyspalveluista ja osaamistarpeista. Finnish Journal of eHealth and eWelfare 2017, 9 (2-3), 137-147 <a href=\"https:\/\/pohjoissavondigisote.files.wordpress.com\/2017\/01\/artikkeli_jauhiainen_ym_2017.pdf\">Artikkeli_Jauhiainen_ym_2017<\/a><\/p>\n<p><span lang=\"FI\">P\u00e4ivi Sihvo, Juuso Ojasalo &amp; Heli J\u00e4\u00e4skel\u00e4inen. DigiSote osaamista uudistamassa. Karelia lehti 1\/2017, s. 18-19.\u00a0<a href=\"https:\/\/issuu.com\/karelia-amk\/docs\/karelia-fi-1-2017\">https:\/\/issuu.com\/karelia-amk\/docs\/karelia-fi-1-2017<\/a><\/span><\/p>\n<p class=\"x_MsoNormal\"><span lang=\"FI\">Anu Niemi, Sari Salminen, Mari Matveinen, Tuula Kukkonen, Anneli Muona, P\u00e4ivi Sihvo, Tuomas Lappalainen. Kumppanuutta\u00a0<\/span><span lang=\"FI\">monella rintamalla. UAS 2\/2017.\u00a0<a href=\"https:\/\/uasjournal.fi\/aluekehitys\/kumppanuutta-monella-rintamalla\/\">https:\/\/uasjournal.fi\/aluekehitys\/kumppanuutta-monella-rintamalla\/<\/a><\/span><\/p>\n<p>Tero Hyttinen &amp; Juuso Ojasalo.\u00a0<a href=\"http:\/\/www.karelia.fi\/ikanyt\/2017\/11\/13\/virtuaalitodellisuudella-elamyksellisia-kokeiluja-muistisairaille\/\">Virtuaalitodellisuudella el\u00e4myksellisi\u00e4 kokeiluja muistisairaille<\/a>. Julkaisussa: IK\u00c4 NYT! Ik\u00e4osaamisen verkkojulkaisu 2\/2017<\/p>\n<p>P\u00e4ivi Sihvo, Annikki Jauhiainen, Susanne H\u00e4m\u00e4l\u00e4inen, Aija Hietanen, Jaana Nyk\u00e4nen &amp; Jaana H\u00e4m\u00e4l\u00e4inen:\u00a0The eProfessionals as Promoters of Digitalisation in Social and Health Care. Julkaisussa H. Li, R. Suomi, \u00c1. P\u00e1lsd\u00f3ttir, R. Trill, H. Ahmadinia (Eds.)\u00a0<a href=\"http:\/\/www.utupub.fi\/bitstream\/handle\/10024\/145816\/TUCSLectureNotes28.pdf?sequence=1&amp;isAllowed=y\">Proceedings of the Seventh International Conference on Well-Being in the Information Society: Fighting Inequalities (WIS 2018)<\/a><\/p>\n<p>eHealth2018-abstracteHealth2018 \u2013 XXIII Kansallinen telel\u00e4\u00e4ketieteen ja eHealth seminaari \u2013 The 23 ISfTeH International Conference on Telemedicine and eHealth \u00a015.-17.3.2018\u00a0esittelimme kokeilukulttuuria yhteisty\u00f6ss\u00e4 Pohjois-Karjalan DigiSote -hankkeen kanssa \u00a0<a href=\"https:\/\/pohjoissavondigisote.files.wordpress.com\/2018\/04\/ehealth2018-abstract.pdf\">eHealth2018-abstract\u00a0<\/a>\u00a0ja\u00a0<a href=\"https:\/\/pohjoissavondigisote.files.wordpress.com\/2018\/04\/kokeilukulttuuri-posteri.pdf\">Kokeilukulttuuri-posteri\u00a0<\/a><\/p>\n<p>Jesse Huurrekorpi, Joonas Pirinen ja P\u00e4ivi Sihvo: Et\u00e4kuntoutusta kehitet\u00e4\u00e4n Karelian hyvinvointihankkeissa. Teoksessa Suhonen L., (2018). N\u00e4k\u00f6kulmia kuntoutusajatteluun: Juhlajulkaisu. Karelia-ammattikorkeakoulu. <a href=\"http:\/\/www.theseus.fi\/bitstream\/handle\/10024\/146681\/B54.pdf?sequence=1&amp;isAllowed=y\">http:\/\/www.theseus.fi\/bitstream\/handle\/10024\/146681\/B54.pdf?sequence=1&amp;isAllowed=y<\/a><\/p>\n<p>Timo Rui, P\u00e4ivi Sihvo, Vesa Huttunen, Tero Hyttinen, Riikka Simonen. \u201dTerveys ja hyvinvointi\u201d \u2013 Pajathon III. Vasu 2\/2018. <a href=\"https:\/\/www.karelia.fi\/vasu\/2018\/04\/12\/pajathon3\/\">https:\/\/www.karelia.fi\/vasu\/2018\/04\/12\/pajathon3\/<\/a><\/p>\n<p>Sihvo, P. &amp; Nyk\u00e4nen, J. (toim.) 2018. Nopeat kokeilut sote-alan digitalisaatiota edist\u00e4m\u00e4ss\u00e4. Joensuu: Karelia-ammattikorkeakoulun julkaisuja B:55.\u00a0<a href=\"http:\/\/www.karelia.fi\/images\/julkaisut\/Digisote_loppujulkaisu.pdf\">http:\/\/www.karelia.fi\/images\/julkaisut\/Digisote_loppujulkaisu.pdf<\/a><\/p>\n<h1><strong>Hankkeessa tehtyj\u00e4 opinn\u00e4ytet\u00f6it\u00e4:<\/strong><\/h1>\n<p>Kumpula Maiju. 2018. Asiakasl\u00e4ht\u00f6isten digitaalisten ty\u00f6menetelmien kehitt\u00e4minen Joensuun kantakaupungin aikuissosiaality\u00f6ss\u00e4. Sosiaali- ja terveysalan kehitt\u00e4misen ja johtamisen koulutusohjelma, Ylempi ammattikorkeakoulututkinto, Karelia-ammattikorkeakoulu.\u00a0 <u><a href=\"https:\/\/www.theseus.fi\/bitstream\/handle\/10024\/143257\/Maiju_Kumpula.pdf?sequence=1&amp;isAllowed=y\">https:\/\/www.theseus.fi\/bitstream\/handle\/10024\/143257\/Maiju_Kumpula.pdf?sequence=1&amp;isAllowed=y<\/a><\/u><\/p>\n<p>P\u00f6l\u00f6nen, Anna &amp;\u00a0Pehkonen, Katja. 2018. Valmistautuminen hengitystieinfektion s\u00e4hk\u00f6isen oirearvion k\u00e4ytt\u00f6\u00f6nottoon hyvinvointiaseman vastaanotolla. Sosiaali- ja terveysalan kehitt\u00e4misen ja johtamisen koulutusohjelma, Ylempi ammattikorkeakoulututkinto, Karelia-ammattikorkeakoulu.\u00a0<u><a href=\"https:\/\/www.theseus.fi\/bitstream\/handle\/10024\/142846\/Pehkonen_Katja_Polonen_Anna_2018_3_22.pdf?sequence=1&amp;isAllowed=y\">https:\/\/www.theseus.fi\/bitstream\/handle\/10024\/142846\/Pehkonen_Katja_Polonen_Anna_2018_3_22.pdf?sequence=1&amp;isAllowed=y<\/a><\/u><\/p>\n<p>Linervo, Niina &amp;\u00a0Konttinen, Jonna. 2018. Et\u00e4vastaanoton kehitt\u00e4minen Pohjois-Karjalan Vaarakunnissa. Sosiaali- ja terveysalan ylempi AMK, kliinisen asiantuntijan tutkinto-ohjelma. Jyv\u00e4skyl\u00e4n ammattikorkeakoulu. <u><a href=\"http:\/\/www.theseus.fi\/bitstream\/handle\/10024\/143889\/Konttinen_Jonna_Linervo_Niina.pdf?sequence=1&amp;isAllowed=y\">http:\/\/www.theseus.fi\/bitstream\/handle\/10024\/143889\/Konttinen_Jonna_Linervo_Niina.pdf?sequence=1&amp;isAllowed=y<\/a><\/u><\/p>\n<p>Pirinen, Joonas &amp; Huurrekorpi, Jesse. 2018. Voimaa alaraajoihin &#8211; E-opas ik\u00e4\u00e4ntyville alaraajojen lihasvoimaharjoitteluun. Opinn\u00e4ytety\u00f6. Fysioterapeuttikoulutus. Karelia-ammattikorkeakoulu. <a href=\"http:\/\/www.theseus.fi\/bitstream\/handle\/10024\/142350\/Huurrekorpi_Jesse_Pirinen_Joonas_2018_03_22.pdf?sequence=1&amp;isAllowed=y\">http:\/\/www.theseus.fi\/bitstream\/handle\/10024\/142350\/Huurrekorpi_Jesse_Pirinen_Joonas_2018_03_22.pdf?sequence=1&amp;isAllowed=y<\/a><\/p>\n<p>&nbsp;<\/p>\n","protected":false},"excerpt":{"rendered":"<p>Juuso Ojasalo, Heli J\u00e4\u00e4skel\u00e4inen &amp; P\u00e4ivi Sihvo. DigiSote-hanke t\u00e4ht\u00e4\u00e4 kohti eAmmattilaisuutta. Vasu 5\/2016. \u00a0http:\/\/www.karelia.fi\/vasu\/2016\/12\/13\/digisote\/ Annikki Jauhiainen &amp; P\u00e4ivi Sihvo, eAmmattilaiset tulevaisuuden ty\u00f6el\u00e4m\u00e4ss\u00e4 &#8211; osaamsien ja palveluiden kehitt\u00e4minen hankeyhteisty\u00f6ll\u00e4, Julkaisussa: AMK- ja ammattillisen koulutuksen tutkimusp\u00e4iv\u00e4t 8.-9.11.2016 P\u00e4ivi Sihvo, Annikki Jauhiainen &amp; Susanne H\u00e4m\u00e4l\u00e4inen, Ik\u00e4digi edist\u00e4\u00e4 hyvinvointia, Julkaisussa: IK\u00c4 NYT! Ik\u00e4osaamisen verkkojulkaisu 1\/2017 Annikki Jauhiainen, P\u00e4ivi Sihvo, &hellip; <\/p>\n<p class=\"link-more\"><a href=\"https:\/\/vanha.karelia.fi\/digisote\/julkaisut\/\" class=\"more-link\">Jatka lukemista<span class=\"screen-reader-text\"> &#8221;Julkaisut&#8221;<\/span><\/a><\/p>\n","protected":false},"author":13,"featured_media":0,"parent":0,"menu_order":0,"comment_status":"closed","ping_status":"closed","template":"","meta":{"footnotes":""},"tags":[],"_links":{"self":[{"href":"https:\/\/vanha.karelia.fi\/digisote\/wp-json\/wp\/v2\/pages\/428"}],"collection":[{"href":"https:\/\/vanha.karelia.fi\/digisote\/wp-json\/wp\/v2\/pages"}],"about":[{"href":"https:\/\/vanha.karelia.fi\/digisote\/wp-json\/wp\/v2\/types\/page"}],"author":[{"embeddable":true,"href":"https:\/\/vanha.karelia.fi\/digisote\/wp-json\/wp\/v2\/users\/13"}],"replies":[{"embeddable":true,"href":"https:\/\/vanha.karelia.fi\/digisote\/wp-json\/wp\/v2\/comments?post=428"}],"version-history":[{"count":7,"href":"https:\/\/vanha.karelia.fi\/digisote\/wp-json\/wp\/v2\/pages\/428\/revisions"}],"predecessor-version":[{"id":814,"href":"https:\/\/vanha.karelia.fi\/digisote\/wp-json\/wp\/v2\/pages\/428\/revisions\/814"}],"wp:attachment":[{"href":"https:\/\/vanha.karelia.fi\/digisote\/wp-json\/wp\/v2\/media?parent=428"}],"wp:term":[{"taxonomy":"post_tag","embeddable":true,"href":"https:\/\/vanha.karelia.fi\/digisote\/wp-json\/wp\/v2\/tags?post=428"}],"curies":[{"name":"wp","href":"https:\/\/api.w.org\/{rel}","templated":true}]}}