{"id":441,"date":"2017-09-04T10:43:20","date_gmt":"2017-09-04T07:43:20","guid":{"rendered":"http:\/\/www.karelia.fi\/digisote\/?page_id=441"},"modified":"2017-09-04T11:04:25","modified_gmt":"2017-09-04T08:04:25","slug":"blogi","status":"publish","type":"page","link":"https:\/\/vanha.karelia.fi\/digisote\/blogi\/","title":{"rendered":"Blogi"},"content":{"rendered":"\n<div class=\"twitter-share\"><a href=\"https:\/\/twitter.com\/intent\/tweet?via=pkdigisote\" class=\"twitter-share-button\">Twiittaa<\/a><\/div>\n\n\n<div class=\"su-posts su-posts-default-loop \">\n\n\t\n\t\t\t\t\t\n\t\t\t\n\t\t\t<div id=\"su-post-727\" class=\"su-post \">\n\n\t\t\t\t\n\t\t\t\t<h2 class=\"su-post-title\"><a href=\"https:\/\/vanha.karelia.fi\/digisote\/sahkoisen-terveyskyselyn-kehittaminen-opiskeluterveydenhuoltoon\/\">S\u00e4hk\u00f6isen terveyskyselyn kehitt\u00e4minen opiskeluterveydenhuoltoon<\/a><\/h2>\n\n\t\t\t\t<div class=\"su-post-meta\">\n\t\t\t\t\tPosted: 19.6.2018\t\t\t\t<\/div>\n\n\t\t\t\t<div class=\"su-post-excerpt\">\n\t\t\t\t\t<p>Karelia-ammattikorkeakoulun ensimm\u00e4isen vuoden opiskelijat t\u00e4ytt\u00e4v\u00e4t kartoittavan terveyskyselylomakkeen paperiversiona opintojen alkaessa. Terveydenhoitaja siirt\u00e4\u00e4 manuaalisesti lomakkeilla olevat tiedot opiskeluterveydenhuollossa k\u00e4yt\u00f6ss\u00e4 olevaan potilastietoj\u00e4rjestelm\u00e4 Mediatriin. Paperisten lomakkeiden ker\u00e4\u00e4minen ja tietojen siirt\u00e4minen on aikaa viev\u00e4\u00e4 ja ty\u00f6l\u00e4st\u00e4. My\u00f6s tietosuojan turvaaminen niiden kanssa on haastavaa. Halusimme muutosta paperisten lomakkeiden k\u00e4sittelyyn ja tietojen siirt\u00e4miseen s\u00e4hk\u00f6iseen muotoon. Syntyi ajatus s\u00e4hk\u00f6isest\u00e4 terveyskyselyst\u00e4. Keskustelimme asiasta &hellip; <\/p>\n<p class=\"link-more\"><a href=\"https:\/\/vanha.karelia.fi\/digisote\/sahkoisen-terveyskyselyn-kehittaminen-opiskeluterveydenhuoltoon\/\" class=\"more-link\">Jatka lukemista<span class=\"screen-reader-text\"> &#8221;S\u00e4hk\u00f6isen terveyskyselyn kehitt\u00e4minen opiskeluterveydenhuoltoon&#8221;<\/span><\/a><\/p>\n\t\t\t\t<\/div>\n\n\t\t\t\t\n\t\t\t<\/div>\n\n\t\t\t\t\t\n\t\t\t\n\t\t\t<div id=\"su-post-711\" class=\"su-post \">\n\n\t\t\t\t\n\t\t\t\t<h2 class=\"su-post-title\"><a href=\"https:\/\/vanha.karelia.fi\/digisote\/sote-atk-paivat-digia-ja-tunnelmaa\/\">Sote atk-p\u00e4iv\u00e4t &#8211; Digi\u00e4 ja tunnelmaa<\/a><\/h2>\n\n\t\t\t\t<div class=\"su-post-meta\">\n\t\t\t\t\tPosted: 13.6.2018\t\t\t\t<\/div>\n\n\t\t\t\t<div class=\"su-post-excerpt\">\n\t\t\t\t\t<p>Jyv\u00e4skyl\u00e4 n\u00e4ytti s\u00e4\u00e4n puolesta parhaat puolensa, aurinkoa ja hellett\u00e4, osallistuessamme 21.5.2018 Sosiaali- ja terveydenhuollon tietotekniikan ja tiedonhallinnan tutkimusp\u00e4iville sek\u00e4 22\u221223.5.2018 Sosiaali- ja terveydenhuollon atk-p\u00e4iville. Molemmat tapahtumat j\u00e4rjestettiin Jyv\u00e4skyl\u00e4n Paviljongissa. Tutkimusp\u00e4ivien antia Tutkimusp\u00e4iv\u00e4t j\u00e4rjestettiin 21. kerran. P\u00e4ivill\u00e4 esitellyt tutkimukset ja kehitt\u00e4mishankkeet sek\u00e4 niist\u00e4 laaditut artikkelit koskivat p\u00e4\u00e4osin kansalaisten k\u00e4yt\u00f6ss\u00e4 olevia s\u00e4hk\u00f6isi\u00e4 palveluja, ammattilaisten k\u00e4ytt\u00e4mi\u00e4 tietoj\u00e4rjestelmi\u00e4 ja &hellip; <\/p>\n<p class=\"link-more\"><a href=\"https:\/\/vanha.karelia.fi\/digisote\/sote-atk-paivat-digia-ja-tunnelmaa\/\" class=\"more-link\">Jatka lukemista<span class=\"screen-reader-text\"> &#8221;Sote atk-p\u00e4iv\u00e4t &#8211; Digi\u00e4 ja tunnelmaa&#8221;<\/span><\/a><\/p>\n\t\t\t\t<\/div>\n\n\t\t\t\t\n\t\t\t<\/div>\n\n\t\t\t\t\t\n\t\t\t\n\t\t\t<div id=\"su-post-706\" class=\"su-post \">\n\n\t\t\t\t\n\t\t\t\t<h2 class=\"su-post-title\"><a href=\"https:\/\/vanha.karelia.fi\/digisote\/opinnaytetyona-etavastaanoton-kehittaminen\/\">Opinn\u00e4ytety\u00f6n\u00e4 et\u00e4vastaanoton kehitt\u00e4minen<\/a><\/h2>\n\n\t\t\t\t<div class=\"su-post-meta\">\n\t\t\t\t\tPosted: 8.6.2018\t\t\t\t<\/div>\n\n\t\t\t\t<div class=\"su-post-excerpt\">\n\t\t\t\t\t<p>Kes\u00e4auringon l\u00e4mmitt\u00e4ess\u00e4 tuntuu vapauttavalta muistella vuoden kest\u00e4nytt\u00e4 uurastusta YAMK opinn\u00e4ytety\u00f6n parissa. Tiesimme opinn\u00e4ytety\u00f6n tekemisen vaativan todella paljon aikaa, sitkeytt\u00e4 sek\u00e4 paneutumista aiheeseen, joten halusimme tehd\u00e4 ty\u00f6n aiheesta, joka olisi mielenkiintoinen ja liittyisi tulevaisuuden terveydenhuollon palveluihin. Erilaiset et\u00e4n\u00e4 annettavat terveydenhuollon palvelut yleistyv\u00e4t kovaa vauhtia. Halusimme olla mukana kehitt\u00e4m\u00e4ss\u00e4 uusia ja asiakasl\u00e4ht\u00f6isi\u00e4 palveluita. Siihen tarjoutuikin loistava tilaisuus, &hellip; <\/p>\n<p class=\"link-more\"><a href=\"https:\/\/vanha.karelia.fi\/digisote\/opinnaytetyona-etavastaanoton-kehittaminen\/\" class=\"more-link\">Jatka lukemista<span class=\"screen-reader-text\"> &#8221;Opinn\u00e4ytety\u00f6n\u00e4 et\u00e4vastaanoton kehitt\u00e4minen&#8221;<\/span><\/a><\/p>\n\t\t\t\t<\/div>\n\n\t\t\t\t\n\t\t\t<\/div>\n\n\t\t\t\t\t\n\t\t\t\n\t\t\t<div id=\"su-post-680\" class=\"su-post \">\n\n\t\t\t\t\n\t\t\t\t<h2 class=\"su-post-title\"><a href=\"https:\/\/vanha.karelia.fi\/digisote\/uusinta-tietoa-ehealth-and-telemedicine-konferenssista\/\">Uusinta tietoa eHealth and Telemedicine konferenssista<\/a><\/h2>\n\n\t\t\t\t<div class=\"su-post-meta\">\n\t\t\t\t\tPosted: 14.5.2018\t\t\t\t<\/div>\n\n\t\t\t\t<div class=\"su-post-excerpt\">\n\t\t\t\t\t<p>Kauniina kev\u00e4isen\u00e4 p\u00e4iv\u00e4n\u00e4 laivan irtautuessa Katajanokan satamasta kohti Tukholmaa, k\u00e4ynnistyi Suomen telel\u00e4\u00e4ketiede ja eHealth seuran (Finnish Society of Telemedicine and eHealth, FSTeH) j\u00e4rjest\u00e4m\u00e4 kansainv\u00e4lisen konferenssi. Konferenssin teemat toivat esiin kansainv\u00e4lisen ja pohjoismaisen terveys- ja informaatioteknologian eri suuntauksia ja ratkaisuja laajasti ja monipuolisesti. FSTeH:n teht\u00e4v\u00e4n\u00e4 on ollut perustamisvuodestaan 2004 l\u00e4htien edist\u00e4\u00e4 terveytt\u00e4 v\u00e4litt\u00e4m\u00e4ll\u00e4 tietoa telel\u00e4\u00e4ketieteen ja &hellip; <\/p>\n<p class=\"link-more\"><a href=\"https:\/\/vanha.karelia.fi\/digisote\/uusinta-tietoa-ehealth-and-telemedicine-konferenssista\/\" class=\"more-link\">Jatka lukemista<span class=\"screen-reader-text\"> &#8221;Uusinta tietoa eHealth and Telemedicine konferenssista&#8221;<\/span><\/a><\/p>\n\t\t\t\t<\/div>\n\n\t\t\t\t\n\t\t\t<\/div>\n\n\t\t\t\t\t\n\t\t\t\n\t\t\t<div id=\"su-post-670\" class=\"su-post \">\n\n\t\t\t\t\t\t\t\t\t<a class=\"su-post-thumbnail\" href=\"https:\/\/vanha.karelia.fi\/digisote\/terveisia-husn-tekoalyseminaarista\/\"><img loading=\"lazy\" decoding=\"async\" width=\"1000\" height=\"666\" src=\"https:\/\/vanha.karelia.fi\/digisote\/wp-content\/uploads\/2018\/04\/binary-1536651_1280-e1523529738836.jpg\" class=\"attachment-post-thumbnail size-post-thumbnail wp-post-image\" alt=\"\" sizes=\"100vw\" \/><\/a>\n\t\t\t\t\n\t\t\t\t<h2 class=\"su-post-title\"><a href=\"https:\/\/vanha.karelia.fi\/digisote\/terveisia-husn-tekoalyseminaarista\/\">Terveisi\u00e4 HUS:n teko\u00e4lyseminaarista<\/a><\/h2>\n\n\t\t\t\t<div class=\"su-post-meta\">\n\t\t\t\t\tPosted: 12.4.2018\t\t\t\t<\/div>\n\n\t\t\t\t<div class=\"su-post-excerpt\">\n\t\t\t\t\t<p>Osallistuin maaliskuun puolessa v\u00e4liss\u00e4 HUS:n kehitt\u00e4misyksik\u00f6n j\u00e4rjest\u00e4m\u00e4\u00e4n Teko\u00e4ly ja virtuaalinen todellisuus erikoissairaanhoidossa -seminaariin. Matkalla Helsinkiin mietin, ett\u00e4 ymm\u00e4rr\u00e4nk\u00f6h\u00e4n mit\u00e4\u00e4n kuulemastani. Teko\u00e4lyn m\u00e4\u00e4ritelm\u00e4t, joita netist\u00e4 l\u00f6ysin, eiv\u00e4t ainakaan helpottaneet ep\u00e4varmuuttani. Niit\u00e4 oli yht\u00e4 monta kuin oli m\u00e4\u00e4rittelij\u00e4\u00e4. Vuosien varrella m\u00e4\u00e4ritelm\u00e4 oli my\u00f6s muuttunut. Ylen sivuilta l\u00f6ytyi juttu siit\u00e4 miten teko\u00e4ly ja robotit ovat muuttaneet maailmaa. Kes\u00e4kuussa &hellip; <\/p>\n<p class=\"link-more\"><a href=\"https:\/\/vanha.karelia.fi\/digisote\/terveisia-husn-tekoalyseminaarista\/\" class=\"more-link\">Jatka lukemista<span class=\"screen-reader-text\"> &#8221;Terveisi\u00e4 HUS:n teko\u00e4lyseminaarista&#8221;<\/span><\/a><\/p>\n\t\t\t\t<\/div>\n\n\t\t\t\t\n\t\t\t<\/div>\n\n\t\t\t\t\t\n\t\t\t\n\t\t\t<div id=\"su-post-642\" class=\"su-post \">\n\n\t\t\t\t\t\t\t\t\t<a class=\"su-post-thumbnail\" href=\"https:\/\/vanha.karelia.fi\/digisote\/sote-alan-yrittajat-ja-jarjestot-digikiihdyttamoa-kaynnistamassa\/\"><img loading=\"lazy\" decoding=\"async\" width=\"10178\" height=\"5356\" src=\"https:\/\/vanha.karelia.fi\/digisote\/wp-content\/uploads\/2018\/03\/Digikiihdytt\u00e4m\u00f6n-esitteen-kuva.jpg\" class=\"attachment-post-thumbnail size-post-thumbnail wp-post-image\" alt=\"\" srcset=\"https:\/\/vanha.karelia.fi\/digisote\/wp-content\/uploads\/2018\/03\/Digikiihdytt\u00e4m\u00f6n-esitteen-kuva.jpg 10178w, https:\/\/vanha.karelia.fi\/digisote\/wp-content\/uploads\/2018\/03\/Digikiihdytt\u00e4m\u00f6n-esitteen-kuva-300x158.jpg 300w, https:\/\/vanha.karelia.fi\/digisote\/wp-content\/uploads\/2018\/03\/Digikiihdytt\u00e4m\u00f6n-esitteen-kuva-768x404.jpg 768w, https:\/\/vanha.karelia.fi\/digisote\/wp-content\/uploads\/2018\/03\/Digikiihdytt\u00e4m\u00f6n-esitteen-kuva-1024x539.jpg 1024w\" sizes=\"100vw\" \/><\/a>\n\t\t\t\t\n\t\t\t\t<h2 class=\"su-post-title\"><a href=\"https:\/\/vanha.karelia.fi\/digisote\/sote-alan-yrittajat-ja-jarjestot-digikiihdyttamoa-kaynnistamassa\/\">Sote-alan yritt\u00e4j\u00e4t ja j\u00e4rjest\u00f6t Digikiihdytt\u00e4m\u00f6\u00e4 k\u00e4ynnist\u00e4m\u00e4ss\u00e4<\/a><\/h2>\n\n\t\t\t\t<div class=\"su-post-meta\">\n\t\t\t\t\tPosted: 4.4.2018\t\t\t\t<\/div>\n\n\t\t\t\t<div class=\"su-post-excerpt\">\n\t\t\t\t\t<p>Digikiihdytt\u00e4m\u00f6 on Pohjois-Karjalan Digisote-hankkeen toteuttama valmennus- ja kehitt\u00e4misohjelma sote-alan yrityksille ja j\u00e4rjest\u00f6ille. Se koostuu kokonaisuudesta, johon kuuluvat mm. ty\u00f6pajatyyppiset valmennustilaisuudet, palveluprosessien kehitt\u00e4miskokeilut ja yhteiskehitt\u00e4minen monialaisessa verkostossa ja asiantuntijoiden sparrauksessa. \u00a0Valmennuksen tavoitteena on tarjota osallistujille tukea uusien palveluiden ja asiakasl\u00e4ht\u00f6isten palveluprosessien kehitt\u00e4miseen sek\u00e4 digitaalisten v\u00e4lineiden hy\u00f6dynt\u00e4miseen niiss\u00e4. Valmennuksen teemat suunnitellaan osallistujien tarpeita kuunnellen. Digikiihdytt\u00e4m\u00f6n Starttiin 21.3.2018 &hellip; <\/p>\n<p class=\"link-more\"><a href=\"https:\/\/vanha.karelia.fi\/digisote\/sote-alan-yrittajat-ja-jarjestot-digikiihdyttamoa-kaynnistamassa\/\" class=\"more-link\">Jatka lukemista<span class=\"screen-reader-text\"> &#8221;Sote-alan yritt\u00e4j\u00e4t ja j\u00e4rjest\u00f6t Digikiihdytt\u00e4m\u00f6\u00e4 k\u00e4ynnist\u00e4m\u00e4ss\u00e4&#8221;<\/span><\/a><\/p>\n\t\t\t\t<\/div>\n\n\t\t\t\t\n\t\t\t<\/div>\n\n\t\t\t\t\t\n\t\t\t\n\t\t\t<div id=\"su-post-636\" class=\"su-post \">\n\n\t\t\t\t\n\t\t\t\t<h2 class=\"su-post-title\"><a href=\"https:\/\/vanha.karelia.fi\/digisote\/terveys-ja-hyvinvointi-hackathonin-kokemukset\/\">Terveys ja hyvinvointi hackathonin kokemukset<\/a><\/h2>\n\n\t\t\t\t<div class=\"su-post-meta\">\n\t\t\t\t\tPosted: 27.3.2018\t\t\t\t<\/div>\n\n\t\t\t\t<div class=\"su-post-excerpt\">\n\t\t\t\t\t<p>Pohjois-Karjalan ensimm\u00e4inen terveys ja hyvinvointi hackathon \u2013tapahtuma n\u00e4ki p\u00e4iv\u00e4nvalon Joensuun Suunnittelupajan tiloissa ja tuotteistamassa Pajathonissa 23.-25.2.2018. Tapahtuman j\u00e4rjest\u00e4misest\u00e4 vastasi Pohjois-Karjalan DigiSote \u2013 hanke yhteisty\u00f6ss\u00e4 Lumo2- ja Epic Challenge \u2013 hankkeiden kanssa. Hackathon tapahtumana on rajatun ajan tilaisuus, jossa keskityt\u00e4\u00e4n intensiivisesti tietyn yleens\u00e4 ennalta-asetettujen haasteiden ratkaisemiseen.\u00a0 Kyseess\u00e4 on samalla my\u00f6s kilpailu, jossa parhaat palkitaan. Hackathon voi &hellip; <\/p>\n<p class=\"link-more\"><a href=\"https:\/\/vanha.karelia.fi\/digisote\/terveys-ja-hyvinvointi-hackathonin-kokemukset\/\" class=\"more-link\">Jatka lukemista<span class=\"screen-reader-text\"> &#8221;Terveys ja hyvinvointi hackathonin kokemukset&#8221;<\/span><\/a><\/p>\n\t\t\t\t<\/div>\n\n\t\t\t\t\n\t\t\t<\/div>\n\n\t\t\t\t\t\n\t\t\t\n\t\t\t<div id=\"su-post-598\" class=\"su-post \">\n\n\t\t\t\t\t\t\t\t\t<a class=\"su-post-thumbnail\" href=\"https:\/\/vanha.karelia.fi\/digisote\/tyoharjoittelussa-graafisena-suunnittelijana\/\"><img loading=\"lazy\" decoding=\"async\" width=\"5984\" height=\"3376\" src=\"https:\/\/vanha.karelia.fi\/digisote\/wp-content\/uploads\/2018\/02\/DSC_0226.jpg\" class=\"attachment-post-thumbnail size-post-thumbnail wp-post-image\" alt=\"\" srcset=\"https:\/\/vanha.karelia.fi\/digisote\/wp-content\/uploads\/2018\/02\/DSC_0226.jpg 5984w, https:\/\/vanha.karelia.fi\/digisote\/wp-content\/uploads\/2018\/02\/DSC_0226-300x169.jpg 300w, https:\/\/vanha.karelia.fi\/digisote\/wp-content\/uploads\/2018\/02\/DSC_0226-768x433.jpg 768w, https:\/\/vanha.karelia.fi\/digisote\/wp-content\/uploads\/2018\/02\/DSC_0226-1024x578.jpg 1024w\" sizes=\"100vw\" \/><\/a>\n\t\t\t\t\n\t\t\t\t<h2 class=\"su-post-title\"><a href=\"https:\/\/vanha.karelia.fi\/digisote\/tyoharjoittelussa-graafisena-suunnittelijana\/\">Ty\u00f6harjoittelussa graafisena suunnittelijana<\/a><\/h2>\n\n\t\t\t\t<div class=\"su-post-meta\">\n\t\t\t\t\tPosted: 22.2.2018\t\t\t\t<\/div>\n\n\t\t\t\t<div class=\"su-post-excerpt\">\n\t\t\t\t\t<p>Aloitin DigiSote-hankkeessa media-alan harjoittelijana seitsem\u00e4n viikkoa sitten. Tuolloin en viel\u00e4 osannut yht\u00e4\u00e4n aavistaa, mit\u00e4 kaikkea sit\u00e4 taas tulisi kokemaan ja oppimaan harjoittelun aikana. Olen pit\u00e4nyt paljon ty\u00f6harjoitteluista korkeakouluopintojeni aikana, sill\u00e4 koen ett\u00e4 olen oppinut niiss\u00e4 kaikista eniten verrattuna siihen, mit\u00e4 koulussa olemme kokonaisuudessa tehneet. P\u00e4\u00e4see n\u00e4kem\u00e4\u00e4n milt\u00e4 tuntuisi olla oikeasti oman alansa ty\u00f6el\u00e4m\u00e4ss\u00e4 ja harjoittelut &hellip; <\/p>\n<p class=\"link-more\"><a href=\"https:\/\/vanha.karelia.fi\/digisote\/tyoharjoittelussa-graafisena-suunnittelijana\/\" class=\"more-link\">Jatka lukemista<span class=\"screen-reader-text\"> &#8221;Ty\u00f6harjoittelussa graafisena suunnittelijana&#8221;<\/span><\/a><\/p>\n\t\t\t\t<\/div>\n\n\t\t\t\t\n\t\t\t<\/div>\n\n\t\t\t\t\t\n\t\t\t\n\t\t\t<div id=\"su-post-498\" class=\"su-post \">\n\n\t\t\t\t\t\t\t\t\t<a class=\"su-post-thumbnail\" href=\"https:\/\/vanha.karelia.fi\/digisote\/harjoittelijana-hankkeessa\/\"><img loading=\"lazy\" decoding=\"async\" width=\"1280\" height=\"817\" src=\"https:\/\/vanha.karelia.fi\/digisote\/wp-content\/uploads\/2017\/12\/MG_8779_0989.jpg\" class=\"attachment-post-thumbnail size-post-thumbnail wp-post-image\" alt=\"\" srcset=\"https:\/\/vanha.karelia.fi\/digisote\/wp-content\/uploads\/2017\/12\/MG_8779_0989.jpg 1280w, https:\/\/vanha.karelia.fi\/digisote\/wp-content\/uploads\/2017\/12\/MG_8779_0989-300x191.jpg 300w, https:\/\/vanha.karelia.fi\/digisote\/wp-content\/uploads\/2017\/12\/MG_8779_0989-768x490.jpg 768w, https:\/\/vanha.karelia.fi\/digisote\/wp-content\/uploads\/2017\/12\/MG_8779_0989-1024x654.jpg 1024w\" sizes=\"100vw\" \/><\/a>\n\t\t\t\t\n\t\t\t\t<h2 class=\"su-post-title\"><a href=\"https:\/\/vanha.karelia.fi\/digisote\/harjoittelijana-hankkeessa\/\">Harjoittelijana DigiSote -hankkeessa<\/a><\/h2>\n\n\t\t\t\t<div class=\"su-post-meta\">\n\t\t\t\t\tPosted: 19.12.2017\t\t\t\t<\/div>\n\n\t\t\t\t<div class=\"su-post-excerpt\">\n\t\t\t\t\t<p>Er\u00e4\u00e4n\u00e4 kev\u00e4isen\u00e4, melkein kes\u00e4 p\u00e4iv\u00e4n\u00e4 avasin tietokoneeni, sen avauduttua klikkasin internet selaimen auki lukeakseni koulumme s\u00e4hk\u00f6postin &#8211; katsoakseni olisiko kenelt\u00e4k\u00e4\u00e4n tullut ty\u00f6harjoittelupaikka viestej\u00e4. Huomasin siin\u00e4 ohi mennen selatessani s\u00e4hk\u00f6postia opinto-ohjaajamme viestin DigiSote -hankkeesta, joka etsi markkinoija harjoittelijaa media-alan opiskelijoista. En huomioinut viesti\u00e4 sen kummenin, koska enh\u00e4n ollut opiskellut markkinointia melkein ollenkaan kolmen vuoden opiskeluideni aikana. &hellip; <\/p>\n<p class=\"link-more\"><a href=\"https:\/\/vanha.karelia.fi\/digisote\/harjoittelijana-hankkeessa\/\" class=\"more-link\">Jatka lukemista<span class=\"screen-reader-text\"> &#8221;Harjoittelijana DigiSote -hankkeessa&#8221;<\/span><\/a><\/p>\n\t\t\t\t<\/div>\n\n\t\t\t\t\n\t\t\t<\/div>\n\n\t\t\t\t\t\n\t\t\t\n\t\t\t<div id=\"su-post-493\" class=\"su-post \">\n\n\t\t\t\t\n\t\t\t\t<h2 class=\"su-post-title\"><a href=\"https:\/\/vanha.karelia.fi\/digisote\/vieko-digitalisaatio-sote-johtajaa-vai-johtaja-digitalisaatiota\/\">Viek\u00f6 digitalisaatio SOTE-johtajaa vai johtaja digitalisaatiota?<\/a><\/h2>\n\n\t\t\t\t<div class=\"su-post-meta\">\n\t\t\t\t\tPosted: 4.12.2017\t\t\t\t<\/div>\n\n\t\t\t\t<div class=\"su-post-excerpt\">\n\t\t\t\t\t<p>Artikkeli k\u00e4sittelee l\u00e4hijohtamisen haasteita sek\u00e4 mahdollisuuksia sosiaali- ja terveysalan, sote:n, digitalisoituvassa palvelurakenneuudistuksessa. Tuntemattoman digitulevaisuuden johtaminen haastaa esimiehi\u00e4 vision ja strategian luomisessa. Sote-alan digiuudistus vaatii esimiehilt\u00e4 sek\u00e4 asiakkaiden ett\u00e4 ty\u00f6ntekij\u00f6iden jaettua osallisuutta substanssin innovoinnissa ja mahdollisuuksien tunnistamisessa.<\/p>\n\t\t\t\t<\/div>\n\n\t\t\t\t\n\t\t\t<\/div>\n\n\t\t\n\t\n<\/div>\n\n","protected":false},"excerpt":{"rendered":"","protected":false},"author":13,"featured_media":0,"parent":0,"menu_order":0,"comment_status":"closed","ping_status":"closed","template":"","meta":{"footnotes":""},"tags":[],"_links":{"self":[{"href":"https:\/\/vanha.karelia.fi\/digisote\/wp-json\/wp\/v2\/pages\/441"}],"collection":[{"href":"https:\/\/vanha.karelia.fi\/digisote\/wp-json\/wp\/v2\/pages"}],"about":[{"href":"https:\/\/vanha.karelia.fi\/digisote\/wp-json\/wp\/v2\/types\/page"}],"author":[{"embeddable":true,"href":"https:\/\/vanha.karelia.fi\/digisote\/wp-json\/wp\/v2\/users\/13"}],"replies":[{"embeddable":true,"href":"https:\/\/vanha.karelia.fi\/digisote\/wp-json\/wp\/v2\/comments?post=441"}],"version-history":[{"count":3,"href":"https:\/\/vanha.karelia.fi\/digisote\/wp-json\/wp\/v2\/pages\/441\/revisions"}],"predecessor-version":[{"id":443,"href":"https:\/\/vanha.karelia.fi\/digisote\/wp-json\/wp\/v2\/pages\/441\/revisions\/443"}],"wp:attachment":[{"href":"https:\/\/vanha.karelia.fi\/digisote\/wp-json\/wp\/v2\/media?parent=441"}],"wp:term":[{"taxonomy":"post_tag","embeddable":true,"href":"https:\/\/vanha.karelia.fi\/digisote\/wp-json\/wp\/v2\/tags?post=441"}],"curies":[{"name":"wp","href":"https:\/\/api.w.org\/{rel}","templated":true}]}}