{"id":457,"date":"2017-09-12T14:05:17","date_gmt":"2017-09-12T11:05:17","guid":{"rendered":"http:\/\/www.karelia.fi\/digisote\/?page_id=457"},"modified":"2017-09-12T14:06:18","modified_gmt":"2017-09-12T11:06:18","slug":"tulevat-tapahtumat","status":"publish","type":"page","link":"https:\/\/vanha.karelia.fi\/digisote\/tulevat-tapahtumat\/","title":{"rendered":"Tapahtumat"},"content":{"rendered":"\n<div class=\"twitter-share\"><a href=\"https:\/\/twitter.com\/intent\/tweet?via=pkdigisote\" class=\"twitter-share-button\">Twiittaa<\/a><\/div>\n\n\n<div class=\"su-posts su-posts-default-loop \">\n\n\t\n\t\t\t\t\t\n\t\t\t\n\t\t\t<div id=\"su-post-800\" class=\"su-post \">\n\n\t\t\t\t\n\t\t\t\t<h2 class=\"su-post-title\"><a href=\"https:\/\/vanha.karelia.fi\/digisote\/loppuseminaarin-materiaalit\/\">Loppuseminaarin materiaalit<\/a><\/h2>\n\n\t\t\t\t<div class=\"su-post-meta\">\n\t\t\t\t\tPosted: 20.12.2018\t\t\t\t<\/div>\n\n\t\t\t\t<div class=\"su-post-excerpt\">\n\t\t\t\t\t<p>Pohjois-Karjalan DigiSote-hankkeen loppuseminaarissa pohdittiin, miten digitaalisuus muuttaa ty\u00f6t\u00e4, osaamisen vaatimuksia ja vuorovaikutusta sosiaali- ja terveysalalla. Seminaarissa kuultiin hankkeessa mukana olleiden kokemuksia digikehitt\u00e4misty\u00f6st\u00e4. Esitysten materiaalit: Kehittyyk\u00f6 vai k\u00f6yhtyyk\u00f6 ty\u00f6, kun \u00e4lyk\u00e4s teknologia tulee ty\u00f6paikalle? Tutkimusprofessori Tuomo Alasoini, Ty\u00f6terveyslaitos Kokeiluista k\u00e4yt\u00e4nt\u00f6\u00f6n \u2013 hankkeen tuloksia<\/p>\n\t\t\t\t<\/div>\n\n\t\t\t\t\n\t\t\t<\/div>\n\n\t\t\t\t\t\n\t\t\t\n\t\t\t<div id=\"su-post-784\" class=\"su-post \">\n\n\t\t\t\t\t\t\t\t\t<a class=\"su-post-thumbnail\" href=\"https:\/\/vanha.karelia.fi\/digisote\/digisote-hankkeen-loppuseminaarin-28-11-2018-ohjelma-ja-ilmoittautuminen\/\"><img loading=\"lazy\" decoding=\"async\" width=\"595\" height=\"255\" src=\"https:\/\/vanha.karelia.fi\/digisote\/wp-content\/uploads\/2018\/10\/sote-digi-otsikko.jpg\" class=\"attachment-post-thumbnail size-post-thumbnail wp-post-image\" alt=\"\" srcset=\"https:\/\/vanha.karelia.fi\/digisote\/wp-content\/uploads\/2018\/10\/sote-digi-otsikko.jpg 595w, https:\/\/vanha.karelia.fi\/digisote\/wp-content\/uploads\/2018\/10\/sote-digi-otsikko-300x129.jpg 300w\" sizes=\"100vw\" \/><\/a>\n\t\t\t\t\n\t\t\t\t<h2 class=\"su-post-title\"><a href=\"https:\/\/vanha.karelia.fi\/digisote\/digisote-hankkeen-loppuseminaarin-28-11-2018-ohjelma-ja-ilmoittautuminen\/\">DigiSote-hankkeen loppuseminaarin 28.11.2018 ohjelma ja ilmoittautuminen<\/a><\/h2>\n\n\t\t\t\t<div class=\"su-post-meta\">\n\t\t\t\t\tPosted: 15.10.2018\t\t\t\t<\/div>\n\n\t\t\t\t<div class=\"su-post-excerpt\">\n\t\t\t\t\t<p>Pohjois-Karjalan DigiSote-hankkeen loppuseminaarissa pohditaan, miten digitaalisuus muuttaa ty\u00f6t\u00e4, osaamisen vaatimuksia ja vuorovaikutusta sosiaali- ja terveysalalla. Seminaari on suunnattu sote-alan ammattilaisille ja digitalisaation kehitt\u00e4jille sek\u00e4 muille kiinnostuneille. Aika: Keskiviikko 28.11.2018 klo 12:30 \u2013 15:00. Paikka: Karelia-ammattikorkeakoulu, Tikkarinne 9, Joensuu. A-talo, iso auditorio. Ohjelma 12:30 Tervetuloa DigiSote-hankkeen loppuseminaariin. 12:40 Kehittyyk\u00f6 vai k\u00f6yhtyyk\u00f6 ty\u00f6, kun \u00e4lyk\u00e4s teknologia tulee &hellip; <\/p>\n<p class=\"link-more\"><a href=\"https:\/\/vanha.karelia.fi\/digisote\/digisote-hankkeen-loppuseminaarin-28-11-2018-ohjelma-ja-ilmoittautuminen\/\" class=\"more-link\">Jatka lukemista<span class=\"screen-reader-text\"> &#8221;DigiSote-hankkeen loppuseminaarin 28.11.2018 ohjelma ja ilmoittautuminen&#8221;<\/span><\/a><\/p>\n\t\t\t\t<\/div>\n\n\t\t\t\t\n\t\t\t<\/div>\n\n\t\t\t\t\t\n\t\t\t\n\t\t\t<div id=\"su-post-763\" class=\"su-post \">\n\n\t\t\t\t\n\t\t\t\t<h2 class=\"su-post-title\"><a href=\"https:\/\/vanha.karelia.fi\/digisote\/yhteisvoimin-hyvinvointipalveluja-uudistamaan\/\">Yhteisvoimin hyvinvointipalveluja uudistamaan!<\/a><\/h2>\n\n\t\t\t\t<div class=\"su-post-meta\">\n\t\t\t\t\tPosted: 20.9.2018\t\t\t\t<\/div>\n\n\t\t\t\t<div class=\"su-post-excerpt\">\n\t\t\t\t\t<p>Arvoisa hyvinvointialan toimija Kutsumme sinut keskustelemaan siit\u00e4, millaiset haasteet yhdist\u00e4v\u00e4t meit\u00e4 hyvinvoinnin ja terveysalan toimijoita eri sektoreilla Pohjois-Karjalassa. Monialaisessa tilaisuudessa pohdimme my\u00f6s sit\u00e4, miten voisimme parhaiten hy\u00f6dynt\u00e4\u00e4 erilaisia voimavarojamme n\u00e4iden haasteiden ratkaisemiseksi sek\u00e4 uusien mahdollisuuksien avaamiseksi. T\u00e4m\u00e4 tilaisuus on sinulle, joka mietit miten uudistua nopeasti muuttuvassa toimintaymp\u00e4rist\u00f6ss\u00e4? millaisia muutostarpeita on n\u00e4kyviss\u00e4? millaisia konkreettisia toimenpiteit\u00e4 tarvitaan &hellip; <\/p>\n<p class=\"link-more\"><a href=\"https:\/\/vanha.karelia.fi\/digisote\/yhteisvoimin-hyvinvointipalveluja-uudistamaan\/\" class=\"more-link\">Jatka lukemista<span class=\"screen-reader-text\"> &#8221;Yhteisvoimin hyvinvointipalveluja uudistamaan!&#8221;<\/span><\/a><\/p>\n\t\t\t\t<\/div>\n\n\t\t\t\t\n\t\t\t<\/div>\n\n\t\t\t\t\t\n\t\t\t\n\t\t\t<div id=\"su-post-739\" class=\"su-post \">\n\n\t\t\t\t\n\t\t\t\t<h2 class=\"su-post-title\"><a href=\"https:\/\/vanha.karelia.fi\/digisote\/digisote-hankkeen-loppuseminaari-28-11-2018\/\">DigiSote -hankkeen loppuseminaari 28.11.2018<\/a><\/h2>\n\n\t\t\t\t<div class=\"su-post-meta\">\n\t\t\t\t\tPosted: 21.6.2018\t\t\t\t<\/div>\n\n\t\t\t\t<div class=\"su-post-excerpt\">\n\t\t\t\t\t<p>DigiSote -hankkeen loppuseminaari pidet\u00e4\u00e4n keskiviikkona 28.11.2018 klo 12.30-15.00. Julkaisemme lis\u00e4tietoa seminaarista heti elokuun alkupuolilla.<\/p>\n\t\t\t\t<\/div>\n\n\t\t\t\t\n\t\t\t<\/div>\n\n\t\t\t\t\t\n\t\t\t\n\t\t\t<div id=\"su-post-633\" class=\"su-post \">\n\n\t\t\t\t\n\t\t\t\t<h2 class=\"su-post-title\"><a href=\"https:\/\/vanha.karelia.fi\/digisote\/eun-tietosuoja-asetus-gdpr-pk-yrittajien-nakokannasta\/\">EU:n tietosuoja-asetus GDPR pk-yritt\u00e4jien n\u00e4k\u00f6kannasta<\/a><\/h2>\n\n\t\t\t\t<div class=\"su-post-meta\">\n\t\t\t\t\tPosted: 27.3.2018\t\t\t\t<\/div>\n\n\t\t\t\t<div class=\"su-post-excerpt\">\n\t\t\t\t\t<p>Tarjolla koulutusta: EU:n tietosuoja-asetus GDPR pk-yritt\u00e4jien n\u00e4k\u00f6kannasta Kolme saman sis\u00e4lt\u00f6ist\u00e4 tapahtumaa: 10.4.2018 9.00-11.00: Kerubi, Siltakatu 1, 80100 JOENSUU 11.4.2018 10.00-12.00: Koli Freetime, Kopravaarantie 27, 83950 AHMOVAARA 12.4.2018 14.00-16.00: Kerubi, Siltakatu 1, 80100 JOENSUU Tapahtumat ovat maksuttomia. Ohjelma: \u00b7 Yleist\u00e4 tietosuoja-asetuksesta \u00b7 Rekister\u00f6idyn tunnistaminen, oikeudet ja oikeuksiensa tunnistaminen \u00b7 Tietotilinp\u00e4\u00e4t\u00f6s pienyritt\u00e4j\u00e4n ty\u00f6kaluna \u00b7 Mit\u00e4 muutoksia yrityksen &hellip; <\/p>\n<p class=\"link-more\"><a href=\"https:\/\/vanha.karelia.fi\/digisote\/eun-tietosuoja-asetus-gdpr-pk-yrittajien-nakokannasta\/\" class=\"more-link\">Jatka lukemista<span class=\"screen-reader-text\"> &#8221;EU:n tietosuoja-asetus GDPR pk-yritt\u00e4jien n\u00e4k\u00f6kannasta&#8221;<\/span><\/a><\/p>\n\t\t\t\t<\/div>\n\n\t\t\t\t\n\t\t\t<\/div>\n\n\t\t\t\t\t\n\t\t\t\n\t\t\t<div id=\"su-post-616\" class=\"su-post \">\n\n\t\t\t\t\n\t\t\t\t<h2 class=\"su-post-title\"><a href=\"https:\/\/vanha.karelia.fi\/digisote\/digikiihdyttamo-sote-alan-yrityksille-ja-jarjestoille\/\">Digikiihdytt\u00e4m\u00f6 sote-alan yrityksille ja j\u00e4rjest\u00f6ille<\/a><\/h2>\n\n\t\t\t\t<div class=\"su-post-meta\">\n\t\t\t\t\tPosted: 6.3.2018\t\t\t\t<\/div>\n\n\t\t\t\t<div class=\"su-post-excerpt\">\n\t\t\t\t\t<p>Digikiihdytys \u2013 valmennuksen Startti 21.3.2018 Tule mukaan kehitt\u00e4m\u00e4\u00e4n digiosaamistasi ja vaikuttamaan valmennusten teemoihin ja toteutukseen! \u00a0Digikiihdytt\u00e4m\u00f6n Startti\u00a0 21.3. klo 13-16. Aika:\u00a0 21.3.2018 klo 13-16 Paikka: Kokoustila Dynamo Lounge, Karelia-amk, W\u00e4rtsil\u00e4-kampus, Karjalankatu 3, Joensuu Startissa digimaailmaan johdattamassa ja innoittamassa mm. teknologia- asiantuntija Teemu Arina (www.speakersforum.fi\/teemu.arina) . Teemu on perehtynyt mm. digitaalisen liiketoiminnan, sosiaalisen median, ihmisen ja &hellip; <\/p>\n<p class=\"link-more\"><a href=\"https:\/\/vanha.karelia.fi\/digisote\/digikiihdyttamo-sote-alan-yrityksille-ja-jarjestoille\/\" class=\"more-link\">Jatka lukemista<span class=\"screen-reader-text\"> &#8221;Digikiihdytt\u00e4m\u00f6 sote-alan yrityksille ja j\u00e4rjest\u00f6ille&#8221;<\/span><\/a><\/p>\n\t\t\t\t<\/div>\n\n\t\t\t\t\n\t\t\t<\/div>\n\n\t\t\t\t\t\n\t\t\t\n\t\t\t<div id=\"su-post-558\" class=\"su-post \">\n\n\t\t\t\t\n\t\t\t\t<h2 class=\"su-post-title\"><a href=\"https:\/\/vanha.karelia.fi\/digisote\/somen-hyodyntaminen-sosiaali-ja-terveyspalveluissa-14-3-2018\/\">Somen hy\u00f6dynt\u00e4minen sosiaali- ja terveyspalveluissa 14.3.2018<\/a><\/h2>\n\n\t\t\t\t<div class=\"su-post-meta\">\n\t\t\t\t\tPosted: 5.2.2018\t\t\t\t<\/div>\n\n\t\t\t\t<div class=\"su-post-excerpt\">\n\t\t\t\t\t<p>Sosiaalista mediaa hy\u00f6dynnet\u00e4\u00e4n entist\u00e4 enemm\u00e4n sosiaali- ja terveysalalla asiakasty\u00f6ss\u00e4, organisaation toiminnassa sek\u00e4 viestinn\u00e4ss\u00e4. Pohjois-Karjalan DigiSote-hankkeen j\u00e4rjest\u00e4m\u00e4n valmennuksen avulla voit p\u00e4ivitt\u00e4\u00e4 omaa some osaamistasi. Valmentajana toimii Piritta Sepp\u00e4l\u00e4, sosiaalisen median ja verkkoviestinn\u00e4n kouluttaja Viestint\u00e4 Pirittasta. Valmennus on suunnattu Siun soten henkil\u00f6st\u00f6lle. Tilaisuus on maksuton. Ajankohta: ke 14.3.2018 klo 12-16. Paikka: Joensuu, Karelia-ammattikorkeakoulu, W\u00e4rtsil\u00e4 kampus, Karjalankatu 3, &hellip; <\/p>\n<p class=\"link-more\"><a href=\"https:\/\/vanha.karelia.fi\/digisote\/somen-hyodyntaminen-sosiaali-ja-terveyspalveluissa-14-3-2018\/\" class=\"more-link\">Jatka lukemista<span class=\"screen-reader-text\"> &#8221;Somen hy\u00f6dynt\u00e4minen sosiaali- ja terveyspalveluissa 14.3.2018&#8221;<\/span><\/a><\/p>\n\t\t\t\t<\/div>\n\n\t\t\t\t\n\t\t\t<\/div>\n\n\t\t\t\t\t\n\t\t\t\n\t\t\t<div id=\"su-post-541\" class=\"su-post \">\n\n\t\t\t\t\n\t\t\t\t<h2 class=\"su-post-title\"><a href=\"https:\/\/vanha.karelia.fi\/digisote\/pahadigi-tapahtuma-23-2-2018\/\">PahaDigi -tapahtuma 23.2.2018<\/a><\/h2>\n\n\t\t\t\t<div class=\"su-post-meta\">\n\t\t\t\t\tPosted: 29.1.2018\t\t\t\t<\/div>\n\n\t\t\t\t<div class=\"su-post-excerpt\">\n\t\t\t\t\t<p>Digiportaat tapahtumasarjaan kuuluva PahaDigi -tapahtuma j\u00e4rjestet\u00e4\u00e4n 23.2.2018 klo 12-15 Karelia ammattikorkeakoulun W\u00e4rtsil\u00e4 kampuksella. Tilaisuudessa keskityt\u00e4\u00e4n digitalisaation tuomiin mahdollisiin uhkiin ja niiden ratkaisuihin sek\u00e4 eettisiin kysymyksiin sosiaali- ja terveydenhuollon toimintaymp\u00e4rist\u00f6ss\u00e4. Asiantuntijoina ovat Kimmo Rousku sek\u00e4 Mari Kangasniemi. Ohjelma Klo 12 \u2013 Tilaisuuden avaus, Pekka Auvinen, vararehtori, Karelia-amk 12:15 \u2013 13:00 Digitaalisuuden k\u00e4\u00e4nt\u00f6puoli \u2013 PahaDigi?, Kimmo Rousku, &hellip; <\/p>\n<p class=\"link-more\"><a href=\"https:\/\/vanha.karelia.fi\/digisote\/pahadigi-tapahtuma-23-2-2018\/\" class=\"more-link\">Jatka lukemista<span class=\"screen-reader-text\"> &#8221;PahaDigi -tapahtuma 23.2.2018&#8221;<\/span><\/a><\/p>\n\t\t\t\t<\/div>\n\n\t\t\t\t\n\t\t\t<\/div>\n\n\t\t\t\t\t\n\t\t\t\n\t\t\t<div id=\"su-post-517\" class=\"su-post \">\n\n\t\t\t\t\n\t\t\t\t<h2 class=\"su-post-title\"><a href=\"https:\/\/vanha.karelia.fi\/digisote\/hackathon-tapahtuma-pajathon-23-25-2-2018\/\">Hackathon- tapahtuma Pajathon 23.-25.2.2018<\/a><\/h2>\n\n\t\t\t\t<div class=\"su-post-meta\">\n\t\t\t\t\tPosted: 16.1.2018\t\t\t\t<\/div>\n\n\t\t\t\t<div class=\"su-post-excerpt\">\n\t\t\t\t\t<p>Pajathon j\u00e4rjestet\u00e4\u00e4n 23.-25.2.2018 Joensuun uusilla veturitalleilla\u00a0 Suunnittelupajan tiloissa osoitteessa Sortavalankatu 2. Tapahtuma alkaa perjantaina 23.2.2018 klo 17.00 ja loppuu sunnuntaina 25.2. klo 17.00. Pajathon-tapahtuman aiheena on terveys ja hyvinvointi. Tapahtuma on avoinna yleisolle: pe 23.2 klo 17-19 la 24.2 klo 14-16 su 25.2 klo 14-17 \u200bPajathon on hackathon-tyylinen tapahtuma\/kilpailu, jossa tiimit suunnittelevat ja toteuttavat ratkaisuja &hellip; <\/p>\n<p class=\"link-more\"><a href=\"https:\/\/vanha.karelia.fi\/digisote\/hackathon-tapahtuma-pajathon-23-25-2-2018\/\" class=\"more-link\">Jatka lukemista<span class=\"screen-reader-text\"> &#8221;Hackathon- tapahtuma Pajathon 23.-25.2.2018&#8221;<\/span><\/a><\/p>\n\t\t\t\t<\/div>\n\n\t\t\t\t\n\t\t\t<\/div>\n\n\t\t\t\t\t\n\t\t\t\n\t\t\t<div id=\"su-post-476\" class=\"su-post \">\n\n\t\t\t\t\n\t\t\t\t<h2 class=\"su-post-title\"><a href=\"https:\/\/vanha.karelia.fi\/digisote\/miten-mukaan-digitalisoituvaan-sote-kenttaan\/\">Miten mukaan digitalisoituvaan SOTE kentt\u00e4\u00e4n?<\/a><\/h2>\n\n\t\t\t\t<div class=\"su-post-meta\">\n\t\t\t\t\tPosted: 9.10.2017\t\t\t\t<\/div>\n\n\t\t\t\t<div class=\"su-post-excerpt\">\n\t\t\t\t\t<p>Pohjois-Karjalan DigiSote \u2013hanke j\u00e4rjest\u00e4\u00e4 yhteisty\u00f6ss\u00e4 Joensuun Tiedepuisto Oy:n kanssa yritysten aamukahvitilaisuuden 2.11.2017 klo 9-11. Paikka Joensuun Tiedepuisto, L\u00e4nsikatu 15, 4B-rakennus, 1.krs, Minerva. Kahvitarjoilu klo 8.30 alkaen. Tilaisuus on maksuton. Lis\u00e4tietoja: paivi.sihvo@karelia.fi Ilmoittautuminen\u00a030.10.2017 menness\u00e4 oheisesta linkist\u00e4.<\/p>\n\t\t\t\t<\/div>\n\n\t\t\t\t\n\t\t\t<\/div>\n\n\t\t\n\t\n<\/div>\n\n<p><a href=\"https:\/\/www.facebook.com\/Work-Smart-%C3%84lykk%C3%A4%C3%A4sti-t%C3%B6ihin-769561426430696\/\" target=\"_blank\" rel=\"noopener noreferrer\"><span style=\"font-family: Georgia, serif;\"><span lang=\"fi\">Work Smart \u2013\u00e4lykk\u00e4\u00e4sti t\u00f6ihin -hanke<\/span><\/span><\/a><\/p>\n","protected":false},"excerpt":{"rendered":"<p>Work Smart \u2013\u00e4lykk\u00e4\u00e4sti t\u00f6ihin -hanke<\/p>\n","protected":false},"author":13,"featured_media":0,"parent":0,"menu_order":0,"comment_status":"closed","ping_status":"closed","template":"","meta":{"footnotes":""},"tags":[],"_links":{"self":[{"href":"https:\/\/vanha.karelia.fi\/digisote\/wp-json\/wp\/v2\/pages\/457"}],"collection":[{"href":"https:\/\/vanha.karelia.fi\/digisote\/wp-json\/wp\/v2\/pages"}],"about":[{"href":"https:\/\/vanha.karelia.fi\/digisote\/wp-json\/wp\/v2\/types\/page"}],"author":[{"embeddable":true,"href":"https:\/\/vanha.karelia.fi\/digisote\/wp-json\/wp\/v2\/users\/13"}],"replies":[{"embeddable":true,"href":"https:\/\/vanha.karelia.fi\/digisote\/wp-json\/wp\/v2\/comments?post=457"}],"version-history":[{"count":3,"href":"https:\/\/vanha.karelia.fi\/digisote\/wp-json\/wp\/v2\/pages\/457\/revisions"}],"predecessor-version":[{"id":471,"href":"https:\/\/vanha.karelia.fi\/digisote\/wp-json\/wp\/v2\/pages\/457\/revisions\/471"}],"wp:attachment":[{"href":"https:\/\/vanha.karelia.fi\/digisote\/wp-json\/wp\/v2\/media?parent=457"}],"wp:term":[{"taxonomy":"post_tag","embeddable":true,"href":"https:\/\/vanha.karelia.fi\/digisote\/wp-json\/wp\/v2\/tags?post=457"}],"curies":[{"name":"wp","href":"https:\/\/api.w.org\/{rel}","templated":true}]}}