{"id":563,"date":"2018-02-08T09:30:18","date_gmt":"2018-02-08T07:30:18","guid":{"rendered":"http:\/\/www.karelia.fi\/digisote\/?page_id=563"},"modified":"2018-06-21T14:46:17","modified_gmt":"2018-06-21T11:46:17","slug":"siun-sote","status":"publish","type":"page","link":"https:\/\/vanha.karelia.fi\/digisote\/siun-sote\/","title":{"rendered":"Siun Sote"},"content":{"rendered":"\n<div class=\"twitter-share\"><a href=\"https:\/\/twitter.com\/intent\/tweet?via=pkdigisote\" class=\"twitter-share-button\">Twiittaa<\/a><\/div>\n<p><img loading=\"lazy\" decoding=\"async\" class=\"aligncenter size-large wp-image-751\" src=\"http:\/\/www.karelia.fi\/digisote\/wp-content\/uploads\/2018\/06\/shutterstock_710168107-1024x683.jpg\" alt=\"\" width=\"525\" height=\"350\" srcset=\"https:\/\/vanha.karelia.fi\/digisote\/wp-content\/uploads\/2018\/06\/shutterstock_710168107-1024x683.jpg 1024w, https:\/\/vanha.karelia.fi\/digisote\/wp-content\/uploads\/2018\/06\/shutterstock_710168107-300x200.jpg 300w, https:\/\/vanha.karelia.fi\/digisote\/wp-content\/uploads\/2018\/06\/shutterstock_710168107-768x512.jpg 768w\" sizes=\"(max-width: 525px) 100vw, 525px\" \/><\/p>\n<p>Siun sotessa eAmmattilaisten valmennukseen on osallistunut noin 90 sosiaali- ja terveysasalan ammattilaista. Valmennuksia on ollut kerran kuukaudessa. Aiheina ovat olleet: prosessien kehitt\u00e4minen, <a href=\"http:\/\/www.karelia.fi\/digisote\/pahadigi-tapahtuma-23-2-2018\/\" target=\"_blank\" rel=\"noopener\">PahaDigi<\/a>, et\u00e4hoito ja -palvelut, teko\u00e4ly ja robotiikka sek\u00e4 tiedolla johtaminen. PahaDigi tapahtuma oli kaikille avoin. Siin\u00e4 keskityttiin digitalisaation mukanaan tuomiin uhkiin ja niiden ratkaisuihin sek\u00e4 digitalisaatioon liittyviin eettisiin kysymyksiin.<\/p>\n<p>eAmmattilaisten valmennuksen yhten\u00e4 osana on ollut Omaolo-palvelujen k\u00e4ytt\u00f6\u00f6nottoon valmistautuminen. Oirearvioiden ymp\u00e4rille kootut moniammatilliset tiimit ovat kuvanneet esimerkiksi hengitystieoireiden vuoksi yhteytt\u00e4 ottavan asiakkaan palveluprosessia terveysasemalla ja hahmotelleet, mit\u00e4 muutoksia s\u00e4hk\u00f6isen oirearvion k\u00e4ytt\u00f6\u00f6notto vaatii. eAmmattilaisten valmennukset jatkuvat syksyll\u00e4 muutaman tapaamisen verran.<\/p>\n<p><strong>Esimiesten digivalmennus<\/strong><\/p>\n<p>Digitalisaatiosta puhutaan paljon, mutta sen vieminen k\u00e4yt\u00e4nt\u00f6\u00f6n on haastavaa. Digivalmennuksen aikana esimiehet p\u00e4\u00e4sev\u00e4t pohtimaan, mit\u00e4 digitalisaatio on omassa yksik\u00f6ss\u00e4 ja organisaation tasolla. Tarkastelussa on my\u00f6s miten digitalisaatio muuttaa asiakkaiden saamia palveluja ja ty\u00f6ntekij\u00f6iden ty\u00f6t\u00e4 sek\u00e4 miten esimies mahdollistaa digitaalisten palvelujen k\u00e4ytt\u00f6\u00f6nottoa ja siihen liittyv\u00e4n osaamisen kehittymist\u00e4.<\/p>\n<p>Esimiesten digivalmennus muodostuu kolmen iltap\u00e4iv\u00e4n mittaisesta kokonaisuudesta ja aiheet kokoavasta verkkotentist\u00e4.<\/p>\n","protected":false},"excerpt":{"rendered":"<p>Siun sotessa eAmmattilaisten valmennukseen on osallistunut noin 90 sosiaali- ja terveysasalan ammattilaista. Valmennuksia on ollut kerran kuukaudessa. Aiheina ovat olleet: prosessien kehitt\u00e4minen, PahaDigi, et\u00e4hoito ja -palvelut, teko\u00e4ly ja robotiikka sek\u00e4 tiedolla johtaminen. PahaDigi tapahtuma oli kaikille avoin. Siin\u00e4 keskityttiin digitalisaation mukanaan tuomiin uhkiin ja niiden ratkaisuihin sek\u00e4 digitalisaatioon liittyviin eettisiin kysymyksiin. eAmmattilaisten valmennuksen yhten\u00e4 osana &hellip; <\/p>\n<p class=\"link-more\"><a href=\"https:\/\/vanha.karelia.fi\/digisote\/siun-sote\/\" class=\"more-link\">Jatka lukemista<span class=\"screen-reader-text\"> &#8221;Siun Sote&#8221;<\/span><\/a><\/p>\n","protected":false},"author":13,"featured_media":0,"parent":0,"menu_order":0,"comment_status":"closed","ping_status":"closed","template":"","meta":{"footnotes":""},"tags":[],"_links":{"self":[{"href":"https:\/\/vanha.karelia.fi\/digisote\/wp-json\/wp\/v2\/pages\/563"}],"collection":[{"href":"https:\/\/vanha.karelia.fi\/digisote\/wp-json\/wp\/v2\/pages"}],"about":[{"href":"https:\/\/vanha.karelia.fi\/digisote\/wp-json\/wp\/v2\/types\/page"}],"author":[{"embeddable":true,"href":"https:\/\/vanha.karelia.fi\/digisote\/wp-json\/wp\/v2\/users\/13"}],"replies":[{"embeddable":true,"href":"https:\/\/vanha.karelia.fi\/digisote\/wp-json\/wp\/v2\/comments?post=563"}],"version-history":[{"count":5,"href":"https:\/\/vanha.karelia.fi\/digisote\/wp-json\/wp\/v2\/pages\/563\/revisions"}],"predecessor-version":[{"id":746,"href":"https:\/\/vanha.karelia.fi\/digisote\/wp-json\/wp\/v2\/pages\/563\/revisions\/746"}],"wp:attachment":[{"href":"https:\/\/vanha.karelia.fi\/digisote\/wp-json\/wp\/v2\/media?parent=563"}],"wp:term":[{"taxonomy":"post_tag","embeddable":true,"href":"https:\/\/vanha.karelia.fi\/digisote\/wp-json\/wp\/v2\/tags?post=563"}],"curies":[{"name":"wp","href":"https:\/\/api.w.org\/{rel}","templated":true}]}}