{"id":567,"date":"2018-02-08T09:34:23","date_gmt":"2018-02-08T07:34:23","guid":{"rendered":"http:\/\/www.karelia.fi\/digisote\/?page_id=567"},"modified":"2018-10-02T12:45:39","modified_gmt":"2018-10-02T09:45:39","slug":"digikiihdyttamo","status":"publish","type":"page","link":"https:\/\/vanha.karelia.fi\/digisote\/digikiihdyttamo\/","title":{"rendered":"Digikiihdytt\u00e4m\u00f6"},"content":{"rendered":"\n<div class=\"twitter-share\"><a href=\"https:\/\/twitter.com\/intent\/tweet?via=pkdigisote\" class=\"twitter-share-button\">Twiittaa<\/a><\/div>\n<p><strong>Tulossa:<\/strong><br \/>\nDigikiihdytys IV<br \/>\nAika: torstai 25.10.2018 klo 13-16<br \/>\nPaikka: Karelia-ammattikorkeakoulu, Tikkarinne 9, Simula Ty\u00f6paja 1 (E259)<\/p>\n<p>Tervetuloa Digikiihdytt\u00e4m\u00f6n nelj\u00e4nteen etappiin, jossa teemana on eVertaistuki. Pohditaan yhdess\u00e4, miten esim. videov\u00e4litteist\u00e4 vertaistukea voisi hy\u00f6dynt\u00e4\u00e4 vaikkapa el\u00e4m\u00e4ntapamuutoksen tukena, sairauden kohdatessa tai omaishoitajan arjessa. Etapin vierailijaksi olemme t\u00e4ll\u00e4 kertaa kutsuneet ihka oikean robotin. Miten se voisi olla avuksi, kun kehit\u00e4mme palveluja?<\/p>\n<p>Ohjelma<\/p>\n<p>13.00\u00a0\u00a0\u00a0\u00a0 Tervetuloa ja tuoreimmat kuulumiset<br \/>\neVertaistuki. Keskustelua, esimerkkej\u00e4 ja pelis\u00e4\u00e4nt\u00f6j\u00e4.<br \/>\n14.15\u00a0\u00a0\u00a0\u00a0 Kahvi<br \/>\n14.30\u00a0\u00a0\u00a0\u00a0 Vieraana robotti. Pohditaan yhdess\u00e4, millaisia k\u00e4ytt\u00f6tarkoituksia<br \/>\net\u00e4l\u00e4sn\u00e4olorobotti voisi palvella.<br \/>\nDigikiihdytys jatkuu ty\u00f6el\u00e4m\u00e4ss\u00e4. Millaista tukea liiketoimintojen ja<br \/>\npalvelujen uudistamisen tueksi tarvitaan jatkossa? Vinkkej\u00e4 ja<br \/>\nehdotuksia.<br \/>\n16.00\u00a0\u00a0\u00a0\u00a0 Tilaisuuden p\u00e4\u00e4t\u00f6s<\/p>\n<p><a href=\"https:\/\/www.webropolsurveys.com\/S\/FD3ADC99078BE324.par\" target=\"_blank\" rel=\"noopener\">Ilmoittaudu t\u00e4st\u00e4 mukaan.<\/a><\/p>\n<p>Tilaisuus on maksuton ja avoin kaikille kiinnostuneille. Mukaan mahtuu 20 ensin ilmoittautunutta.<\/p>\n<p><a href=\"http:\/\/www.karelia.fi\/digisote\/digikiihdytysesittely\/\" target=\"_blank\" rel=\"noopener\">Esittely<\/a><\/p>\n<p><a href=\"http:\/\/www.karelia.fi\/digisote\/digikiihdyttamomateriaalit\/\" target=\"_blank\" rel=\"noopener\">Materiaalit<\/a><\/p>\n<p><a href=\"http:\/\/www.karelia.fi\/digisote\/digikiihdyttamotapahtumat\/\" target=\"_blank\" rel=\"noopener\">Tapahtumat<\/a><\/p>\n","protected":false},"excerpt":{"rendered":"<p>Tulossa: Digikiihdytys IV Aika: torstai 25.10.2018 klo 13-16 Paikka: Karelia-ammattikorkeakoulu, Tikkarinne 9, Simula Ty\u00f6paja 1 (E259) Tervetuloa Digikiihdytt\u00e4m\u00f6n nelj\u00e4nteen etappiin, jossa teemana on eVertaistuki. Pohditaan yhdess\u00e4, miten esim. videov\u00e4litteist\u00e4 vertaistukea voisi hy\u00f6dynt\u00e4\u00e4 vaikkapa el\u00e4m\u00e4ntapamuutoksen tukena, sairauden kohdatessa tai omaishoitajan arjessa. Etapin vierailijaksi olemme t\u00e4ll\u00e4 kertaa kutsuneet ihka oikean robotin. Miten se voisi olla avuksi, kun &hellip; <\/p>\n<p class=\"link-more\"><a href=\"https:\/\/vanha.karelia.fi\/digisote\/digikiihdyttamo\/\" class=\"more-link\">Jatka lukemista<span class=\"screen-reader-text\"> &#8221;Digikiihdytt\u00e4m\u00f6&#8221;<\/span><\/a><\/p>\n","protected":false},"author":13,"featured_media":0,"parent":0,"menu_order":0,"comment_status":"closed","ping_status":"closed","template":"","meta":{"footnotes":""},"tags":[],"_links":{"self":[{"href":"https:\/\/vanha.karelia.fi\/digisote\/wp-json\/wp\/v2\/pages\/567"}],"collection":[{"href":"https:\/\/vanha.karelia.fi\/digisote\/wp-json\/wp\/v2\/pages"}],"about":[{"href":"https:\/\/vanha.karelia.fi\/digisote\/wp-json\/wp\/v2\/types\/page"}],"author":[{"embeddable":true,"href":"https:\/\/vanha.karelia.fi\/digisote\/wp-json\/wp\/v2\/users\/13"}],"replies":[{"embeddable":true,"href":"https:\/\/vanha.karelia.fi\/digisote\/wp-json\/wp\/v2\/comments?post=567"}],"version-history":[{"count":22,"href":"https:\/\/vanha.karelia.fi\/digisote\/wp-json\/wp\/v2\/pages\/567\/revisions"}],"predecessor-version":[{"id":778,"href":"https:\/\/vanha.karelia.fi\/digisote\/wp-json\/wp\/v2\/pages\/567\/revisions\/778"}],"wp:attachment":[{"href":"https:\/\/vanha.karelia.fi\/digisote\/wp-json\/wp\/v2\/media?parent=567"}],"wp:term":[{"taxonomy":"post_tag","embeddable":true,"href":"https:\/\/vanha.karelia.fi\/digisote\/wp-json\/wp\/v2\/tags?post=567"}],"curies":[{"name":"wp","href":"https:\/\/api.w.org\/{rel}","templated":true}]}}