{"id":253,"date":"2018-03-14T15:40:44","date_gmt":"2018-03-14T13:40:44","guid":{"rendered":"http:\/\/www.karelia.fi\/fi\/moni-toimii\/?page_id=253"},"modified":"2018-03-23T08:15:38","modified_gmt":"2018-03-23T06:15:38","slug":"itsearviointitesti-esimiehelle","status":"publish","type":"page","link":"https:\/\/vanha.karelia.fi\/fi\/moni-toimii\/itsearviointitesti-esimiehelle\/","title":{"rendered":"Itsearviointitesti esimiehelle"},"content":{"rendered":"<p>[et_pb_section bb_built=&#8221;1&#8243; _builder_version=&#8221;3.0.98&#8243; module_class=&#8221;background-green&#8221;][et_pb_row _builder_version=&#8221;3.0.98&#8243; use_custom_width=&#8221;on&#8221; custom_width_px=&#8221;1389px&#8221;][et_pb_column type=&#8221;4_4&#8243;][et_pb_text admin_label=&#8221;ITSEARVIOINTI MONINAISUUDEN JOHTAMISESTA ESIMIEHILLE&#8221; _builder_version=&#8221;3.0.98&#8243; background_layout=&#8221;light&#8221; module_class=&#8221;isoin-otsikko&#8221;]<\/p>\n<h1>ITSEARVIOINTI MONINAISUUDEN JOHTAMISESTA ESIMIEHILLE<\/h1>\n<p>[\/et_pb_text][et_pb_text admin_label=&#8221;Moninaisuus tarkoittaa ihmisen n\u00e4kyvi\u00e4 ja n\u00e4kym\u00e4tt\u00f6mi\u00e4 piirteit\u00e4&#8230;&#8221; _builder_version=&#8221;3.0.98&#8243; background_layout=&#8221;light&#8221; module_class=&#8221;introteksti&#8221;]<\/p>\n<p>Moninaisuus tarkoittaa ihmisen n\u00e4kyvi\u00e4 ja n\u00e4kym\u00e4tt\u00f6mi\u00e4 piirteit\u00e4, jotka tekev\u00e4t h\u00e4nest\u00e4 juuri omanlaisensa toimijan. Karelia-ammattikorkeakoulun toteuttama Moni toimii \u2013hanke edist\u00e4\u00e4 ty\u00f6yhteis\u00f6n toimivuutta kehitt\u00e4m\u00e4ll\u00e4 moninaisuusosaamista ja siihen liittyvi\u00e4 k\u00e4yt\u00e4nteit\u00e4. Hanke on tuottanut uusia digitaalisia ty\u00f6kaluja esimiesty\u00f6h\u00f6n ja kaikille ty\u00f6yhteis\u00f6n j\u00e4senille. Taitava moninaisuuden johtaminen lis\u00e4\u00e4 tuloksellisuutta ja vahvistaa my\u00f6s ty\u00f6niloa ja ty\u00f6ss\u00e4 viihtyvyytt\u00e4.<\/p>\n<p>Itsearviointikyselyn tarkoituksena on auttaa moninaisuuden tunnistamisessa sek\u00e4 her\u00e4tell\u00e4 ajatuksia moninaisuuden johtamisesta osana omaa esimiesty\u00f6t\u00e4.<\/p>\n<p>[\/et_pb_text][\/et_pb_column][\/et_pb_row][et_pb_row _builder_version=&#8221;3.0.98&#8243; use_custom_width=&#8221;on&#8221; custom_width_px=&#8221;700px&#8221;][et_pb_column type=&#8221;4_4&#8243;][et_pb_text admin_label=&#8221;Kysymys&#8221; _builder_version=&#8221;3.0.98&#8243; background_layout=&#8221;light&#8221; module_class=&#8221;kysely-otsikko&#8221;]<\/p>\n<p>1. Mit\u00e4 moninaisuuden tekij\u00f6it\u00e4 tunnistat omassa tiimiss\u00e4si\/yksik\u00f6ss\u00e4si?<\/p>\n<p>[\/et_pb_text][et_pb_text admin_label=&#8221;Vastausvaihtoehdot&#8221; _builder_version=&#8221;3.0.98&#8243; background_layout=&#8221;light&#8221; module_class=&#8221;vastausvaihtoehdot&#8221;]<\/p>\n<form>\n    <input type=\"checkbox\">ik\u00e4<br \/>\n    <input type=\"checkbox\">sukupuoli<br \/>\n    <input type=\"checkbox\">erilaiset arvot<br \/>\n    <input type=\"checkbox\">kulttuuriset taustat<br \/>\n    <input type=\"checkbox\">koulutus<br \/>\n    <input type=\"checkbox\">osaaminen<br \/>\n    <input type=\"checkbox\">ty\u00f6kokemus<br \/>\n    <input type=\"checkbox\">ty\u00f6n tekemisen tavat<br \/>\n    <input type=\"checkbox\">eri sukupolvet<br \/>\n    <input type=\"checkbox\">el\u00e4m\u00e4ntilanne<br \/>\n    <input type=\"checkbox\">ty\u00f6kykyisyys<br \/>\n<\/form>\n<p>[\/et_pb_text][et_pb_text admin_label=&#8221;Kyselynappula&#8221; _builder_version=&#8221;3.0.98&#8243; background_layout=&#8221;light&#8221; module_class=&#8221;kysely-nappula&#8221;]<\/p>\n<p><a href=\"\/moni-toimii\/itsearviointitesti-esimiehelle\/kysymys2\">&gt;<\/a><\/p>\n<p>[\/et_pb_text][\/et_pb_column][\/et_pb_row][\/et_pb_section]<\/p>\n","protected":false},"excerpt":{"rendered":"<p>[et_pb_section bb_built=&#8221;1&#8243; _builder_version=&#8221;3.0.98&#8243; module_class=&#8221;background-green&#8221;][et_pb_row _builder_version=&#8221;3.0.98&#8243; use_custom_width=&#8221;on&#8221; custom_width_px=&#8221;1389px&#8221;][et_pb_column type=&#8221;4_4&#8243;][et_pb_text admin_label=&#8221;ITSEARVIOINTI MONINAISUUDEN JOHTAMISESTA ESIMIEHILLE&#8221; _builder_version=&#8221;3.0.98&#8243; background_layout=&#8221;light&#8221; module_class=&#8221;isoin-otsikko&#8221;] ITSEARVIOINTI MONINAISUUDEN JOHTAMISESTA ESIMIEHILLE [\/et_pb_text][et_pb_text admin_label=&#8221;Moninaisuus tarkoittaa ihmisen n\u00e4kyvi\u00e4 ja n\u00e4kym\u00e4tt\u00f6mi\u00e4 piirteit\u00e4&#8230;&#8221; _builder_version=&#8221;3.0.98&#8243; background_layout=&#8221;light&#8221; module_class=&#8221;introteksti&#8221;] Moninaisuus tarkoittaa ihmisen n\u00e4kyvi\u00e4 ja n\u00e4kym\u00e4tt\u00f6mi\u00e4 piirteit\u00e4, jotka tekev\u00e4t h\u00e4nest\u00e4 juuri omanlaisensa toimijan. Karelia-ammattikorkeakoulun toteuttama Moni toimii \u2013hanke edist\u00e4\u00e4 ty\u00f6yhteis\u00f6n toimivuutta kehitt\u00e4m\u00e4ll\u00e4 moninaisuusosaamista ja siihen [&hellip;]<\/p>\n","protected":false},"author":1,"featured_media":0,"parent":0,"menu_order":0,"comment_status":"closed","ping_status":"closed","template":"","meta":[],"_links":{"self":[{"href":"https:\/\/vanha.karelia.fi\/fi\/moni-toimii\/wp-json\/wp\/v2\/pages\/253"}],"collection":[{"href":"https:\/\/vanha.karelia.fi\/fi\/moni-toimii\/wp-json\/wp\/v2\/pages"}],"about":[{"href":"https:\/\/vanha.karelia.fi\/fi\/moni-toimii\/wp-json\/wp\/v2\/types\/page"}],"author":[{"embeddable":true,"href":"https:\/\/vanha.karelia.fi\/fi\/moni-toimii\/wp-json\/wp\/v2\/users\/1"}],"replies":[{"embeddable":true,"href":"https:\/\/vanha.karelia.fi\/fi\/moni-toimii\/wp-json\/wp\/v2\/comments?post=253"}],"version-history":[{"count":1,"href":"https:\/\/vanha.karelia.fi\/fi\/moni-toimii\/wp-json\/wp\/v2\/pages\/253\/revisions"}],"predecessor-version":[{"id":322,"href":"https:\/\/vanha.karelia.fi\/fi\/moni-toimii\/wp-json\/wp\/v2\/pages\/253\/revisions\/322"}],"wp:attachment":[{"href":"https:\/\/vanha.karelia.fi\/fi\/moni-toimii\/wp-json\/wp\/v2\/media?parent=253"}],"curies":[{"name":"wp","href":"https:\/\/api.w.org\/{rel}","templated":true}]}}