{"id":265,"date":"2018-03-21T13:42:23","date_gmt":"2018-03-21T11:42:23","guid":{"rendered":"http:\/\/www.karelia.fi\/fi\/moni-toimii\/?page_id=265"},"modified":"2018-03-22T12:41:17","modified_gmt":"2018-03-22T10:41:17","slug":"ryhmakehityskeskustelu","status":"publish","type":"page","link":"https:\/\/vanha.karelia.fi\/fi\/moni-toimii\/ryhmakehityskeskustelu\/","title":{"rendered":"Ryhm\u00e4kehityskeskustelu"},"content":{"rendered":"<p>[et_pb_section bb_built=&#8221;1&#8243; _builder_version=&#8221;3.0.98&#8243; module_class=&#8221;background-green&#8221;][et_pb_row _builder_version=&#8221;3.0.98&#8243; use_custom_width=&#8221;on&#8221; custom_width_px=&#8221;1389px&#8221;][et_pb_column type=&#8221;4_4&#8243;][et_pb_text admin_label=&#8221;RYHM\u00c4KEHITYSKESKUSTELU&#8221; _builder_version=&#8221;3.0.98&#8243; background_layout=&#8221;light&#8221; module_class=&#8221;isoin-otsikko&#8221;]<\/p>\n<h1>RYHM\u00c4KEHITYSKESKUSTELU<\/h1>\n<p>[\/et_pb_text][et_pb_text admin_label=&#8221;Karelia-ammattikorkeakoulun ryhm\u00e4kehityskeskusteluissa&#8230; (teksti)&#8221; _builder_version=&#8221;3.0.98&#8243; background_layout=&#8221;light&#8221; module_class=&#8221;introteksti&#8221;]<\/p>\n<p>Karelia-ammattikorkeakoulun ryhm\u00e4kehityskeskusteluissa on k\u00e4yt\u00f6ss\u00e4 kysymysrunko, joka toimii tarvittaessa keskustelun tukena. Kysymysrunko sis\u00e4lt\u00e4\u00e4 ty\u00f6yhteis\u00f6n moninaisuuteen liittyvi\u00e4 kysymyksi\u00e4 (lihavoidut):<\/p>\n<p>[\/et_pb_text][\/et_pb_column][\/et_pb_row][et_pb_row _builder_version=&#8221;3.0.98&#8243;][et_pb_column type=&#8221;4_4&#8243;][et_pb_text admin_label=&#8221;Karelia-ammattikorkeakoulun ryhm\u00e4kehityskeskusteluissa&#8230; (teksti)&#8221; _builder_version=&#8221;3.0.98&#8243; background_layout=&#8221;light&#8221; module_class=&#8221;teksti-valkoinen&#8221;]<\/p>\n<p>1. Miten olemme saavuttaneet edellisen vuoden tavoitteet? Mitk\u00e4 tekij\u00e4t ovat niihin vaikuttaneet?<br \/>\n2. Mit\u00e4 toimenpiteit\u00e4 meid\u00e4n tulee tehd\u00e4 Karelia\/TASO:n tavoitteiden saavuttamiseksi?<br \/>\n3. Mit\u00e4 tekemist\u00e4 ja valintoja tavoitteiden saavuttaminen meilt\u00e4 edellytt\u00e4\u00e4?<br \/>\n4. Mit\u00e4 osaamista t\u00e4m\u00e4 meilt\u00e4 edellytt\u00e4\u00e4?<br \/>\n<span class=\"sisempana\"><strong>a. Miten tunnistamme oman ryhm\u00e4mme erilaiset osaamiset?<\/strong><\/span><br \/>\n<span class=\"sisempana\">b. Mik\u00e4 on yll\u00e4pidett\u00e4v\u00e4\u00e4 osaamista?<\/span><br \/>\n<span class=\"sisempana\">c. Mit\u00e4 osaamista meid\u00e4n tulee lis\u00e4t\u00e4 ja mik\u00e4 on keskeisint\u00e4?<\/span><br \/>\n<span class=\"sisempana\">d. Mik\u00e4 on osaamista, jolla erotumme kilpailijoista?<\/span><br \/>\n5. Miten osaamisemme vaikuttaa koko organisaation tulokseen?<br \/>\n<strong>6. Millaisia erilaisia ty\u00f6n tekemisen tapoja ryhm\u00e4ss\u00e4mme on? Miten ne vaikuttavat ryhm\u00e4mme toimintaan ja miten voimme hy\u00f6dynt\u00e4\u00e4 niit\u00e4 ryhm\u00e4ss\u00e4mme?<\/strong><br \/>\n<strong>7. Miten tuemme toistemme osallistumista erilaisissa ty\u00f6tilanteissa? Miten edist\u00e4mme yhteis\u00f6llisyytt\u00e4?<\/strong><\/p>\n<p>[\/et_pb_text][\/et_pb_column][\/et_pb_row][\/et_pb_section]<\/p>\n","protected":false},"excerpt":{"rendered":"<p>[et_pb_section bb_built=&#8221;1&#8243; _builder_version=&#8221;3.0.98&#8243; module_class=&#8221;background-green&#8221;][et_pb_row _builder_version=&#8221;3.0.98&#8243; use_custom_width=&#8221;on&#8221; custom_width_px=&#8221;1389px&#8221;][et_pb_column type=&#8221;4_4&#8243;][et_pb_text admin_label=&#8221;RYHM\u00c4KEHITYSKESKUSTELU&#8221; _builder_version=&#8221;3.0.98&#8243; background_layout=&#8221;light&#8221; module_class=&#8221;isoin-otsikko&#8221;] RYHM\u00c4KEHITYSKESKUSTELU [\/et_pb_text][et_pb_text admin_label=&#8221;Karelia-ammattikorkeakoulun ryhm\u00e4kehityskeskusteluissa&#8230; (teksti)&#8221; _builder_version=&#8221;3.0.98&#8243; background_layout=&#8221;light&#8221; module_class=&#8221;introteksti&#8221;] Karelia-ammattikorkeakoulun ryhm\u00e4kehityskeskusteluissa on k\u00e4yt\u00f6ss\u00e4 kysymysrunko, joka toimii tarvittaessa keskustelun tukena. Kysymysrunko sis\u00e4lt\u00e4\u00e4 ty\u00f6yhteis\u00f6n moninaisuuteen liittyvi\u00e4 kysymyksi\u00e4 (lihavoidut): [\/et_pb_text][\/et_pb_column][\/et_pb_row][et_pb_row _builder_version=&#8221;3.0.98&#8243;][et_pb_column type=&#8221;4_4&#8243;][et_pb_text admin_label=&#8221;Karelia-ammattikorkeakoulun ryhm\u00e4kehityskeskusteluissa&#8230; (teksti)&#8221; _builder_version=&#8221;3.0.98&#8243; background_layout=&#8221;light&#8221; module_class=&#8221;teksti-valkoinen&#8221;] 1. Miten olemme saavuttaneet edellisen vuoden tavoitteet? Mitk\u00e4 tekij\u00e4t [&hellip;]<\/p>\n","protected":false},"author":1,"featured_media":0,"parent":0,"menu_order":0,"comment_status":"closed","ping_status":"closed","template":"","meta":[],"_links":{"self":[{"href":"https:\/\/vanha.karelia.fi\/fi\/moni-toimii\/wp-json\/wp\/v2\/pages\/265"}],"collection":[{"href":"https:\/\/vanha.karelia.fi\/fi\/moni-toimii\/wp-json\/wp\/v2\/pages"}],"about":[{"href":"https:\/\/vanha.karelia.fi\/fi\/moni-toimii\/wp-json\/wp\/v2\/types\/page"}],"author":[{"embeddable":true,"href":"https:\/\/vanha.karelia.fi\/fi\/moni-toimii\/wp-json\/wp\/v2\/users\/1"}],"replies":[{"embeddable":true,"href":"https:\/\/vanha.karelia.fi\/fi\/moni-toimii\/wp-json\/wp\/v2\/comments?post=265"}],"version-history":[{"count":1,"href":"https:\/\/vanha.karelia.fi\/fi\/moni-toimii\/wp-json\/wp\/v2\/pages\/265\/revisions"}],"predecessor-version":[{"id":334,"href":"https:\/\/vanha.karelia.fi\/fi\/moni-toimii\/wp-json\/wp\/v2\/pages\/265\/revisions\/334"}],"wp:attachment":[{"href":"https:\/\/vanha.karelia.fi\/fi\/moni-toimii\/wp-json\/wp\/v2\/media?parent=265"}],"curies":[{"name":"wp","href":"https:\/\/api.w.org\/{rel}","templated":true}]}}