{"id":278,"date":"2018-03-21T15:00:28","date_gmt":"2018-03-21T13:00:28","guid":{"rendered":"http:\/\/www.karelia.fi\/fi\/moni-toimii\/?page_id=278"},"modified":"2018-03-23T08:15:45","modified_gmt":"2018-03-23T06:15:45","slug":"kysymys2","status":"publish","type":"page","link":"https:\/\/vanha.karelia.fi\/fi\/moni-toimii\/itsearviointitesti-esimiehelle\/kysymys2\/","title":{"rendered":"Kysymys2"},"content":{"rendered":"<p>[et_pb_section bb_built=&#8221;1&#8243; _builder_version=&#8221;3.0.98&#8243; module_class=&#8221;background-green&#8221;][et_pb_row _builder_version=&#8221;3.0.98&#8243; use_custom_width=&#8221;on&#8221; custom_width_px=&#8221;700px&#8221;][et_pb_column type=&#8221;4_4&#8243;][et_pb_text admin_label=&#8221;Ty\u00f6yhteis\u00f6n toimivuus on organisaation avaintekij\u00e4&#8230; (intro)&#8221; _builder_version=&#8221;3.0.98&#8243; background_layout=&#8221;light&#8221; module_class=&#8221;introteksti vaaka&#8221;]<\/p>\n<p>&#8221;Moninaisuuden erilaisia tekij\u00f6it\u00e4 on paljon. Vaikka tekij\u00e4t ovatkin osa ty\u00f6n arkea, on hyv\u00e4 tiedostaa ja tunnistaa ty\u00f6yhteis\u00f6n moninaisuuden kirjo. Moninaisuuden huomioimisella on mahdollisuus lis\u00e4t\u00e4 ty\u00f6hyvinvointia. Moninaisuuden hallitseminen on t\u00e4rke\u00e4\u00e4 mutta moninaisuuden johtamisen oppiminen vie aikaa ja sit\u00e4 tulee tehd\u00e4 yhteisty\u00f6ss\u00e4 ty\u00f6yhteis\u00f6n toimijoiden kanssa. Moninaisuutta on hyv\u00e4 avata ty\u00f6yhteis\u00f6ss\u00e4 esimerkiksi kertomalla ja keskustelemalla moninaisuuden tekij\u00f6ist\u00e4.&#8221;<\/p>\n<p>[\/et_pb_text][\/et_pb_column][\/et_pb_row][et_pb_row _builder_version=&#8221;3.0.98&#8243; use_custom_width=&#8221;on&#8221; custom_width_px=&#8221;700px&#8221;][et_pb_column type=&#8221;4_4&#8243;][et_pb_text admin_label=&#8221;Kysymys&#8221; _builder_version=&#8221;3.0.98&#8243; background_layout=&#8221;light&#8221; module_class=&#8221;kysely-otsikko&#8221;]<\/p>\n<p>2. Miten eri moninaisuuden tekij\u00e4t n\u00e4kyv\u00e4t omassa esimiesty\u00f6ss\u00e4si?<\/p>\n<p>[\/et_pb_text][et_pb_text admin_label=&#8221;Vastausvaihtoehdot&#8221; _builder_version=&#8221;3.0.98&#8243; background_layout=&#8221;light&#8221; module_class=&#8221;vastausvaihtoehdot&#8221;]<\/p>\n<form>\n    <input type=\"checkbox\">Erilaisten ty\u00f6j\u00e4rjestelyiden huomioiminen mm. ik\u00e4, ty\u00f6kyky tai perhetilanne<br \/>\n    <input type=\"checkbox\">Koulutuksen ja osaamisen huomioiminen ty\u00f6teht\u00e4vien organisoinnissa<br \/>\n    <input type=\"checkbox\">Moninaisuustekij\u00f6ist\u00e4 keskusteleminen yksik\u00f6n omissa palavereissa<br \/>\n    <input type=\"checkbox\">Asian esille ottaminen kehityskeskusteluissa<br \/>\n    <input type=\"checkbox\">Ty\u00f6teht\u00e4vien antaminen ja toimintatapojen ohjeistaminen eri tavoilla<br \/>\n    <input type=\"checkbox\">Palautteen antamisen tavoissa huomioiden esimerkiksi eri sukupolvet<br \/>\n<\/form>\n<p>[\/et_pb_text][et_pb_text admin_label=&#8221;Kyselynappula&#8221; _builder_version=&#8221;3.0.98&#8243; background_layout=&#8221;light&#8221; module_class=&#8221;kysely-nappula&#8221;]<\/p>\n<p><a href=\"\/moni-toimii\/itsearviointitesti-esimiehelle\/kysymys3\">&gt;<\/a><\/p>\n<p>[\/et_pb_text][\/et_pb_column][\/et_pb_row][\/et_pb_section]<\/p>\n","protected":false},"excerpt":{"rendered":"<p>[et_pb_section bb_built=&#8221;1&#8243; _builder_version=&#8221;3.0.98&#8243; module_class=&#8221;background-green&#8221;][et_pb_row _builder_version=&#8221;3.0.98&#8243; use_custom_width=&#8221;on&#8221; custom_width_px=&#8221;700px&#8221;][et_pb_column type=&#8221;4_4&#8243;][et_pb_text admin_label=&#8221;Ty\u00f6yhteis\u00f6n toimivuus on organisaation avaintekij\u00e4&#8230; (intro)&#8221; _builder_version=&#8221;3.0.98&#8243; background_layout=&#8221;light&#8221; module_class=&#8221;introteksti vaaka&#8221;] &#8221;Moninaisuuden erilaisia tekij\u00f6it\u00e4 on paljon. Vaikka tekij\u00e4t ovatkin osa ty\u00f6n arkea, on hyv\u00e4 tiedostaa ja tunnistaa ty\u00f6yhteis\u00f6n moninaisuuden kirjo. Moninaisuuden huomioimisella on mahdollisuus lis\u00e4t\u00e4 ty\u00f6hyvinvointia. Moninaisuuden hallitseminen on t\u00e4rke\u00e4\u00e4 mutta moninaisuuden johtamisen oppiminen vie aikaa ja sit\u00e4 [&hellip;]<\/p>\n","protected":false},"author":1,"featured_media":0,"parent":253,"menu_order":0,"comment_status":"closed","ping_status":"closed","template":"","meta":[],"_links":{"self":[{"href":"https:\/\/vanha.karelia.fi\/fi\/moni-toimii\/wp-json\/wp\/v2\/pages\/278"}],"collection":[{"href":"https:\/\/vanha.karelia.fi\/fi\/moni-toimii\/wp-json\/wp\/v2\/pages"}],"about":[{"href":"https:\/\/vanha.karelia.fi\/fi\/moni-toimii\/wp-json\/wp\/v2\/types\/page"}],"author":[{"embeddable":true,"href":"https:\/\/vanha.karelia.fi\/fi\/moni-toimii\/wp-json\/wp\/v2\/users\/1"}],"replies":[{"embeddable":true,"href":"https:\/\/vanha.karelia.fi\/fi\/moni-toimii\/wp-json\/wp\/v2\/comments?post=278"}],"version-history":[{"count":1,"href":"https:\/\/vanha.karelia.fi\/fi\/moni-toimii\/wp-json\/wp\/v2\/pages\/278\/revisions"}],"predecessor-version":[{"id":323,"href":"https:\/\/vanha.karelia.fi\/fi\/moni-toimii\/wp-json\/wp\/v2\/pages\/278\/revisions\/323"}],"up":[{"embeddable":true,"href":"https:\/\/vanha.karelia.fi\/fi\/moni-toimii\/wp-json\/wp\/v2\/pages\/253"}],"wp:attachment":[{"href":"https:\/\/vanha.karelia.fi\/fi\/moni-toimii\/wp-json\/wp\/v2\/media?parent=278"}],"curies":[{"name":"wp","href":"https:\/\/api.w.org\/{rel}","templated":true}]}}