{"id":289,"date":"2018-03-21T15:08:40","date_gmt":"2018-03-21T13:08:40","guid":{"rendered":"http:\/\/www.karelia.fi\/fi\/moni-toimii\/?page_id=289"},"modified":"2018-03-23T08:15:59","modified_gmt":"2018-03-23T06:15:59","slug":"kysymys4","status":"publish","type":"page","link":"https:\/\/vanha.karelia.fi\/fi\/moni-toimii\/itsearviointitesti-esimiehelle\/kysymys4\/","title":{"rendered":"Kysymys4"},"content":{"rendered":"<p>[et_pb_section bb_built=&#8221;1&#8243; _builder_version=&#8221;3.0.98&#8243; module_class=&#8221;background-green&#8221;][et_pb_row _builder_version=&#8221;3.0.98&#8243; use_custom_width=&#8221;on&#8221; custom_width_px=&#8221;700px&#8221;][et_pb_column type=&#8221;4_4&#8243;][et_pb_text admin_label=&#8221;Vastaus edelliseen kysymykseen&#8221; _builder_version=&#8221;3.0.98&#8243; background_layout=&#8221;light&#8221; module_class=&#8221;introteksti vaaka&#8221;]<\/p>\n<p>&#8221;Tasapuolisuuden kokemus on kaikille t\u00e4rke\u00e4\u00e4. Kaikkien yhdenvertainen kuuleminen on t\u00e4rke\u00e4\u00e4. Avoimuus ty\u00f6teht\u00e4vien jakamisessa ja muutostilanteissa lis\u00e4\u00e4 luottamusta. Eri-ik\u00e4iset ihmiset ty\u00f6yhteis\u00f6ss\u00e4 on rikkaus ja yhteisty\u00f6ll\u00e4 on mahdollista saavuttaa hyvi\u00e4 tuloksia ja ty\u00f6niloa. Eri tilanteissa erilaiset n\u00e4kemykset nousevat esille ja joskus kompromissiratkaisut ovat paikallaan.&#8221;<\/p>\n<p>[\/et_pb_text][\/et_pb_column][\/et_pb_row][et_pb_row _builder_version=&#8221;3.0.98&#8243; use_custom_width=&#8221;on&#8221; custom_width_px=&#8221;700px&#8221;][et_pb_column type=&#8221;4_4&#8243;][et_pb_text admin_label=&#8221;Kysymys&#8221; _builder_version=&#8221;3.0.98&#8243; background_layout=&#8221;light&#8221; module_class=&#8221;kysely-otsikko&#8221;]<\/p>\n<p>4. Mit\u00e4 mahdollisuuksia moninaisuus on tuonut tiimiisi\/yksikk\u00f6\u00f6si?<\/p>\n<p>[\/et_pb_text][et_pb_text admin_label=&#8221;Vastausvaihtoehdot&#8221; _builder_version=&#8221;3.0.98&#8243; background_layout=&#8221;light&#8221; module_class=&#8221;vastausvaihtoehdot&#8221;]<\/p>\n<form>\n    <input type=\"checkbox\">Erilaisen osaamisen hy\u00f6dynt\u00e4minen<br \/>\n    <input type=\"checkbox\">Vastavuoroisuus mm. vanhemmat\/nuoremmat ty\u00f6ntekij\u00e4t<br \/>\n    <input type=\"checkbox\">Hiljaisen tiedon siirt\u00e4minen<br \/>\n    <input type=\"checkbox\">Erilaiset n\u00e4k\u00f6kulmat ja taustat osana ty\u00f6yhteis\u00f6n rikkautta<br \/>\n    <input type=\"checkbox\">Esimiesty\u00f6n rikastuminen<br \/>\n<\/form>\n<p>[\/et_pb_text][et_pb_text admin_label=&#8221;Kyselynappula&#8221; _builder_version=&#8221;3.0.98&#8243; background_layout=&#8221;light&#8221; module_class=&#8221;kysely-nappula&#8221;]<\/p>\n<p><a href=\"\/moni-toimii\/itsearviointitesti-esimiehelle\/kysymys5\">&gt;<\/a><\/p>\n<p>[\/et_pb_text][\/et_pb_column][\/et_pb_row][\/et_pb_section]<\/p>\n","protected":false},"excerpt":{"rendered":"<p>[et_pb_section bb_built=&#8221;1&#8243; _builder_version=&#8221;3.0.98&#8243; module_class=&#8221;background-green&#8221;][et_pb_row _builder_version=&#8221;3.0.98&#8243; use_custom_width=&#8221;on&#8221; custom_width_px=&#8221;700px&#8221;][et_pb_column type=&#8221;4_4&#8243;][et_pb_text admin_label=&#8221;Vastaus edelliseen kysymykseen&#8221; _builder_version=&#8221;3.0.98&#8243; background_layout=&#8221;light&#8221; module_class=&#8221;introteksti vaaka&#8221;] &#8221;Tasapuolisuuden kokemus on kaikille t\u00e4rke\u00e4\u00e4. Kaikkien yhdenvertainen kuuleminen on t\u00e4rke\u00e4\u00e4. Avoimuus ty\u00f6teht\u00e4vien jakamisessa ja muutostilanteissa lis\u00e4\u00e4 luottamusta. Eri-ik\u00e4iset ihmiset ty\u00f6yhteis\u00f6ss\u00e4 on rikkaus ja yhteisty\u00f6ll\u00e4 on mahdollista saavuttaa hyvi\u00e4 tuloksia ja ty\u00f6niloa. Eri tilanteissa erilaiset n\u00e4kemykset nousevat esille ja joskus kompromissiratkaisut [&hellip;]<\/p>\n","protected":false},"author":1,"featured_media":0,"parent":253,"menu_order":0,"comment_status":"closed","ping_status":"closed","template":"","meta":[],"_links":{"self":[{"href":"https:\/\/vanha.karelia.fi\/fi\/moni-toimii\/wp-json\/wp\/v2\/pages\/289"}],"collection":[{"href":"https:\/\/vanha.karelia.fi\/fi\/moni-toimii\/wp-json\/wp\/v2\/pages"}],"about":[{"href":"https:\/\/vanha.karelia.fi\/fi\/moni-toimii\/wp-json\/wp\/v2\/types\/page"}],"author":[{"embeddable":true,"href":"https:\/\/vanha.karelia.fi\/fi\/moni-toimii\/wp-json\/wp\/v2\/users\/1"}],"replies":[{"embeddable":true,"href":"https:\/\/vanha.karelia.fi\/fi\/moni-toimii\/wp-json\/wp\/v2\/comments?post=289"}],"version-history":[{"count":1,"href":"https:\/\/vanha.karelia.fi\/fi\/moni-toimii\/wp-json\/wp\/v2\/pages\/289\/revisions"}],"predecessor-version":[{"id":325,"href":"https:\/\/vanha.karelia.fi\/fi\/moni-toimii\/wp-json\/wp\/v2\/pages\/289\/revisions\/325"}],"up":[{"embeddable":true,"href":"https:\/\/vanha.karelia.fi\/fi\/moni-toimii\/wp-json\/wp\/v2\/pages\/253"}],"wp:attachment":[{"href":"https:\/\/vanha.karelia.fi\/fi\/moni-toimii\/wp-json\/wp\/v2\/media?parent=289"}],"curies":[{"name":"wp","href":"https:\/\/api.w.org\/{rel}","templated":true}]}}