{"id":291,"date":"2018-03-21T15:10:51","date_gmt":"2018-03-21T13:10:51","guid":{"rendered":"http:\/\/www.karelia.fi\/fi\/moni-toimii\/?page_id=291"},"modified":"2018-03-23T08:16:06","modified_gmt":"2018-03-23T06:16:06","slug":"kysymys5","status":"publish","type":"page","link":"https:\/\/vanha.karelia.fi\/fi\/moni-toimii\/itsearviointitesti-esimiehelle\/kysymys5\/","title":{"rendered":"Kysymys5"},"content":{"rendered":"<p>[et_pb_section bb_built=&#8221;1&#8243; _builder_version=&#8221;3.0.98&#8243; module_class=&#8221;background-green&#8221;][et_pb_row _builder_version=&#8221;3.0.98&#8243; use_custom_width=&#8221;on&#8221; custom_width_px=&#8221;700px&#8221;][et_pb_column type=&#8221;4_4&#8243;][et_pb_text admin_label=&#8221;Ty\u00f6yhteis\u00f6n toimivuus on organisaation avaintekij\u00e4&#8230; (intro)&#8221; _builder_version=&#8221;3.0.98&#8243; background_layout=&#8221;light&#8221; module_class=&#8221;introteksti vaaka&#8221;]<\/p>\n<p>&#8221;Moninaisuus tuo mahdollisuuksia osaamisen kehitt\u00e4miseen ja toimintatapojen uudistamiseen jokaisen ty\u00f6tekij\u00e4n kohdalla. Mentorointi ja hiljaisen tiedon siirt\u00e4minen ovat hyvi\u00e4 toimintatapoja osaamisen kehitt\u00e4misess\u00e4. Erilaiset n\u00e4k\u00f6kulmat ja erilainen osaaminen vahvistavat tiimien toimintaa ja lis\u00e4\u00e4v\u00e4t luovuutta. Erilaiset vahvuudet laajentavat organisaation osaamista. Erilaiset n\u00e4k\u00f6kulmat ja mielipiteet sek\u00e4 erilaisista taustoista tulevat ihmiset el\u00e4v\u00f6itt\u00e4v\u00e4t ja rikastuttavat ty\u00f6yhteis\u00f6\u00e4 ja esimiesty\u00f6t\u00e4.&#8221;<\/p>\n<p>[\/et_pb_text][\/et_pb_column][\/et_pb_row][et_pb_row _builder_version=&#8221;3.0.98&#8243; use_custom_width=&#8221;on&#8221; custom_width_px=&#8221;700px&#8221;][et_pb_column type=&#8221;4_4&#8243;][et_pb_text admin_label=&#8221;Kysymys&#8221; _builder_version=&#8221;3.0.98&#8243; background_layout=&#8221;light&#8221; module_class=&#8221;kysely-otsikko&#8221;]<\/p>\n<p>5. Millaisilla toimenpiteill\u00e4 olet tukenut moninaisuutta omassa tiimiss\u00e4si\/yksik\u00f6ss\u00e4si?<\/p>\n<p>[\/et_pb_text][et_pb_text admin_label=&#8221;Vastausvaihtoehdot&#8221; _builder_version=&#8221;3.0.98&#8243; background_layout=&#8221;light&#8221; module_class=&#8221;vastausvaihtoehdot&#8221;]<\/p>\n<form>\n    <input type=\"checkbox\">Ty\u00f6parit<br \/>\n    <input type=\"checkbox\">Tasapuolinen kuuleminen eri tilanteissa<br \/>\n    <input type=\"checkbox\">Ergonomia<br \/>\n    <input type=\"checkbox\">Toisista v\u00e4litt\u00e4misen kulttuurin vahvistaminen<br \/>\n    <input type=\"checkbox\">Mentorointi<br \/>\n    <input type=\"checkbox\">Ty\u00f6nohjaus<br \/>\n    <input type=\"checkbox\">Ty\u00f6kuvan muutokset<br \/>\n<\/form>\n<p>[\/et_pb_text][et_pb_text admin_label=&#8221;Kyselynappula&#8221; _builder_version=&#8221;3.0.98&#8243; background_layout=&#8221;light&#8221; module_class=&#8221;kysely-nappula&#8221;]<\/p>\n<p><a href=\"\/moni-toimii\/itsearviointitesti-esimiehelle\/loppu\">&gt;<\/a><\/p>\n<p>[\/et_pb_text][\/et_pb_column][\/et_pb_row][\/et_pb_section]<\/p>\n","protected":false},"excerpt":{"rendered":"<p>[et_pb_section bb_built=&#8221;1&#8243; _builder_version=&#8221;3.0.98&#8243; module_class=&#8221;background-green&#8221;][et_pb_row _builder_version=&#8221;3.0.98&#8243; use_custom_width=&#8221;on&#8221; custom_width_px=&#8221;700px&#8221;][et_pb_column type=&#8221;4_4&#8243;][et_pb_text admin_label=&#8221;Ty\u00f6yhteis\u00f6n toimivuus on organisaation avaintekij\u00e4&#8230; (intro)&#8221; _builder_version=&#8221;3.0.98&#8243; background_layout=&#8221;light&#8221; module_class=&#8221;introteksti vaaka&#8221;] &#8221;Moninaisuus tuo mahdollisuuksia osaamisen kehitt\u00e4miseen ja toimintatapojen uudistamiseen jokaisen ty\u00f6tekij\u00e4n kohdalla. Mentorointi ja hiljaisen tiedon siirt\u00e4minen ovat hyvi\u00e4 toimintatapoja osaamisen kehitt\u00e4misess\u00e4. Erilaiset n\u00e4k\u00f6kulmat ja erilainen osaaminen vahvistavat tiimien toimintaa ja lis\u00e4\u00e4v\u00e4t luovuutta. Erilaiset vahvuudet laajentavat organisaation osaamista. [&hellip;]<\/p>\n","protected":false},"author":1,"featured_media":0,"parent":253,"menu_order":0,"comment_status":"closed","ping_status":"closed","template":"","meta":[],"_links":{"self":[{"href":"https:\/\/vanha.karelia.fi\/fi\/moni-toimii\/wp-json\/wp\/v2\/pages\/291"}],"collection":[{"href":"https:\/\/vanha.karelia.fi\/fi\/moni-toimii\/wp-json\/wp\/v2\/pages"}],"about":[{"href":"https:\/\/vanha.karelia.fi\/fi\/moni-toimii\/wp-json\/wp\/v2\/types\/page"}],"author":[{"embeddable":true,"href":"https:\/\/vanha.karelia.fi\/fi\/moni-toimii\/wp-json\/wp\/v2\/users\/1"}],"replies":[{"embeddable":true,"href":"https:\/\/vanha.karelia.fi\/fi\/moni-toimii\/wp-json\/wp\/v2\/comments?post=291"}],"version-history":[{"count":1,"href":"https:\/\/vanha.karelia.fi\/fi\/moni-toimii\/wp-json\/wp\/v2\/pages\/291\/revisions"}],"predecessor-version":[{"id":326,"href":"https:\/\/vanha.karelia.fi\/fi\/moni-toimii\/wp-json\/wp\/v2\/pages\/291\/revisions\/326"}],"up":[{"embeddable":true,"href":"https:\/\/vanha.karelia.fi\/fi\/moni-toimii\/wp-json\/wp\/v2\/pages\/253"}],"wp:attachment":[{"href":"https:\/\/vanha.karelia.fi\/fi\/moni-toimii\/wp-json\/wp\/v2\/media?parent=291"}],"curies":[{"name":"wp","href":"https:\/\/api.w.org\/{rel}","templated":true}]}}