{"id":293,"date":"2018-03-21T15:11:54","date_gmt":"2018-03-21T13:11:54","guid":{"rendered":"http:\/\/www.karelia.fi\/fi\/moni-toimii\/?page_id=293"},"modified":"2018-03-23T08:16:17","modified_gmt":"2018-03-23T06:16:17","slug":"loppu","status":"publish","type":"page","link":"https:\/\/vanha.karelia.fi\/fi\/moni-toimii\/itsearviointitesti-esimiehelle\/loppu\/","title":{"rendered":"Loppu"},"content":{"rendered":"<p>[et_pb_section bb_built=&#8221;1&#8243; _builder_version=&#8221;3.0.98&#8243; module_class=&#8221;background-green&#8221;][et_pb_row _builder_version=&#8221;3.0.98&#8243; use_custom_width=&#8221;on&#8221; custom_width_px=&#8221;700px&#8221;][et_pb_column type=&#8221;4_4&#8243;][et_pb_text admin_label=&#8221;Ty\u00f6yhteis\u00f6n toimivuus on organisaation avaintekij\u00e4&#8230; (intro)&#8221; _builder_version=&#8221;3.0.98&#8243; background_layout=&#8221;light&#8221; module_class=&#8221;introteksti vaaka&#8221;]<\/p>\n<p>&#8221;Ty\u00f6ntekij\u00e4n arvostus vaikuttaa ty\u00f6yhteis\u00f6n ilmapiiriin. Yhteis\u00f6llisyyden vahvistaminen onkin t\u00e4rke\u00e4\u00e4. On hyv\u00e4 huomioida eri tilanteissa olevat ty\u00f6ntekij\u00e4t niin, ett\u00e4 se hy\u00f6dytt\u00e4\u00e4 kaikkia osapuolia. Toimintakyky ei aina liity ik\u00e4\u00e4n vaan esim. ergonomiaan kannattaa kiinnitt\u00e4\u00e4 huomiota kaikkien ty\u00f6ntekij\u00f6iden kohdalla. V\u00e4likehityskeskustelut voivat olla hyv\u00e4 keino kuulluksi tulemisessa puolin ja toisin. Ty\u00f6ryhmien muodostaminen erilaisista ja erilaista osaamista omaavista ihmisist\u00e4 mahdollistaa ty\u00f6n tuottavuuden lis\u00e4\u00e4ntymisen.&#8221;<\/p>\n<p>[\/et_pb_text][\/et_pb_column][\/et_pb_row][et_pb_row _builder_version=&#8221;3.0.98&#8243; use_custom_width=&#8221;on&#8221; custom_width_px=&#8221;700px&#8221;][et_pb_column type=&#8221;4_4&#8243;][et_pb_text admin_label=&#8221;Kyselynappula&#8221; _builder_version=&#8221;3.0.98&#8243; background_layout=&#8221;light&#8221; module_class=&#8221;kysely-nappula&#8221;]<\/p>\n<p><a href=\"\/moni-toimii\">Takaisin etusivulle<\/a><\/p>\n<p>[\/et_pb_text][\/et_pb_column][\/et_pb_row][\/et_pb_section]<\/p>\n","protected":false},"excerpt":{"rendered":"<p>[et_pb_section bb_built=&#8221;1&#8243; _builder_version=&#8221;3.0.98&#8243; module_class=&#8221;background-green&#8221;][et_pb_row _builder_version=&#8221;3.0.98&#8243; use_custom_width=&#8221;on&#8221; custom_width_px=&#8221;700px&#8221;][et_pb_column type=&#8221;4_4&#8243;][et_pb_text admin_label=&#8221;Ty\u00f6yhteis\u00f6n toimivuus on organisaation avaintekij\u00e4&#8230; (intro)&#8221; _builder_version=&#8221;3.0.98&#8243; background_layout=&#8221;light&#8221; module_class=&#8221;introteksti vaaka&#8221;] &#8221;Ty\u00f6ntekij\u00e4n arvostus vaikuttaa ty\u00f6yhteis\u00f6n ilmapiiriin. Yhteis\u00f6llisyyden vahvistaminen onkin t\u00e4rke\u00e4\u00e4. On hyv\u00e4 huomioida eri tilanteissa olevat ty\u00f6ntekij\u00e4t niin, ett\u00e4 se hy\u00f6dytt\u00e4\u00e4 kaikkia osapuolia. Toimintakyky ei aina liity ik\u00e4\u00e4n vaan esim. ergonomiaan kannattaa kiinnitt\u00e4\u00e4 huomiota kaikkien ty\u00f6ntekij\u00f6iden kohdalla. V\u00e4likehityskeskustelut [&hellip;]<\/p>\n","protected":false},"author":1,"featured_media":0,"parent":253,"menu_order":0,"comment_status":"closed","ping_status":"closed","template":"","meta":[],"_links":{"self":[{"href":"https:\/\/vanha.karelia.fi\/fi\/moni-toimii\/wp-json\/wp\/v2\/pages\/293"}],"collection":[{"href":"https:\/\/vanha.karelia.fi\/fi\/moni-toimii\/wp-json\/wp\/v2\/pages"}],"about":[{"href":"https:\/\/vanha.karelia.fi\/fi\/moni-toimii\/wp-json\/wp\/v2\/types\/page"}],"author":[{"embeddable":true,"href":"https:\/\/vanha.karelia.fi\/fi\/moni-toimii\/wp-json\/wp\/v2\/users\/1"}],"replies":[{"embeddable":true,"href":"https:\/\/vanha.karelia.fi\/fi\/moni-toimii\/wp-json\/wp\/v2\/comments?post=293"}],"version-history":[{"count":1,"href":"https:\/\/vanha.karelia.fi\/fi\/moni-toimii\/wp-json\/wp\/v2\/pages\/293\/revisions"}],"predecessor-version":[{"id":327,"href":"https:\/\/vanha.karelia.fi\/fi\/moni-toimii\/wp-json\/wp\/v2\/pages\/293\/revisions\/327"}],"up":[{"embeddable":true,"href":"https:\/\/vanha.karelia.fi\/fi\/moni-toimii\/wp-json\/wp\/v2\/pages\/253"}],"wp:attachment":[{"href":"https:\/\/vanha.karelia.fi\/fi\/moni-toimii\/wp-json\/wp\/v2\/media?parent=293"}],"curies":[{"name":"wp","href":"https:\/\/api.w.org\/{rel}","templated":true}]}}