{"id":300,"date":"2018-03-21T15:21:51","date_gmt":"2018-03-21T13:21:51","guid":{"rendered":"http:\/\/www.karelia.fi\/fi\/moni-toimii\/?page_id=300"},"modified":"2018-03-23T08:17:36","modified_gmt":"2018-03-23T06:17:36","slug":"kysymys2","status":"publish","type":"page","link":"https:\/\/vanha.karelia.fi\/fi\/moni-toimii\/itsearviointitesti-tyontekijalle\/kysymys2\/","title":{"rendered":"Kysymys2"},"content":{"rendered":"<p>[et_pb_section bb_built=&#8221;1&#8243; _builder_version=&#8221;3.0.98&#8243; module_class=&#8221;background-green&#8221;][et_pb_row _builder_version=&#8221;3.0.98&#8243; use_custom_width=&#8221;on&#8221; custom_width_px=&#8221;700px&#8221;][et_pb_column type=&#8221;4_4&#8243;][et_pb_text admin_label=&#8221;Edellisen kysymyksen vastaus&#8221; _builder_version=&#8221;3.0.98&#8243; background_layout=&#8221;light&#8221; module_class=&#8221;introteksti vaaka&#8221;]<\/p>\n<p>&#8221;Moninaisuuden erilaisia tekij\u00f6it\u00e4 on paljon. Vaikka tekij\u00e4t ovatkin osa ty\u00f6n arkea, on hyv\u00e4 tiedostaa ja tunnistaa ty\u00f6yhteis\u00f6n moninaisuuden kirjo. Moninaisuuden tunnistaminen voi olla ty\u00f6hyvinvointia lis\u00e4\u00e4v\u00e4 tekij\u00e4. Tunnistatko muita kuin kysymyksess\u00e4 mainittuja tekij\u00f6it\u00e4 omassa ty\u00f6yhteis\u00f6ss\u00e4si?&#8221;<\/p>\n<p>[\/et_pb_text][\/et_pb_column][\/et_pb_row][et_pb_row _builder_version=&#8221;3.0.98&#8243; use_custom_width=&#8221;on&#8221; custom_width_px=&#8221;700px&#8221;][et_pb_column type=&#8221;4_4&#8243;][et_pb_text admin_label=&#8221;Kysymys&#8221; _builder_version=&#8221;3.0.98&#8243; background_layout=&#8221;light&#8221; module_class=&#8221;kysely-otsikko&#8221;]<\/p>\n<p>2. Miten eri moninaisuuden tekij\u00e4t n\u00e4kyv\u00e4t omassa ty\u00f6ss\u00e4si\/ty\u00f6yhteis\u00f6ss\u00e4si?<\/p>\n<p>[\/et_pb_text][et_pb_text admin_label=&#8221;Vastausvaihtoehdot&#8221; _builder_version=&#8221;3.0.98&#8243; background_layout=&#8221;light&#8221; module_class=&#8221;vastausvaihtoehdot&#8221;]<\/p>\n<form>\n    <input type=\"checkbox\">I\u00e4n huomioiminen ty\u00f6n m\u00e4\u00e4r\u00e4ss\u00e4 tai teht\u00e4vien haasteellisuudessa<br \/>\n    <input type=\"checkbox\">Ty\u00f6kyvyn tai muun el\u00e4m\u00e4ntilanteen huomioiminen ty\u00f6ss\u00e4<br \/>\n    <input type=\"checkbox\">Koulutuksen ja osaamisen huomioiminen ty\u00f6teht\u00e4vien organisoinnissa<br \/>\n    <input type=\"checkbox\">Ty\u00f6yhteis\u00f6n j\u00e4senten eri kulttuuritaustat<br \/>\n    <input type=\"checkbox\">Vieraan kielen k\u00e4ytt\u00e4minen<br \/>\n<\/form>\n<p>[\/et_pb_text][et_pb_text admin_label=&#8221;Kyselynappula&#8221; _builder_version=&#8221;3.0.98&#8243; background_layout=&#8221;light&#8221; module_class=&#8221;kysely-nappula&#8221;]<\/p>\n<p><a href=\"\/moni-toimii\/itsearviointitesti-tyontekijalle\/kysymys3\">&gt;<\/a><\/p>\n<p>[\/et_pb_text][\/et_pb_column][\/et_pb_row][\/et_pb_section]<\/p>\n","protected":false},"excerpt":{"rendered":"<p>[et_pb_section bb_built=&#8221;1&#8243; _builder_version=&#8221;3.0.98&#8243; module_class=&#8221;background-green&#8221;][et_pb_row _builder_version=&#8221;3.0.98&#8243; use_custom_width=&#8221;on&#8221; custom_width_px=&#8221;700px&#8221;][et_pb_column type=&#8221;4_4&#8243;][et_pb_text admin_label=&#8221;Edellisen kysymyksen vastaus&#8221; _builder_version=&#8221;3.0.98&#8243; background_layout=&#8221;light&#8221; module_class=&#8221;introteksti vaaka&#8221;] &#8221;Moninaisuuden erilaisia tekij\u00f6it\u00e4 on paljon. Vaikka tekij\u00e4t ovatkin osa ty\u00f6n arkea, on hyv\u00e4 tiedostaa ja tunnistaa ty\u00f6yhteis\u00f6n moninaisuuden kirjo. Moninaisuuden tunnistaminen voi olla ty\u00f6hyvinvointia lis\u00e4\u00e4v\u00e4 tekij\u00e4. Tunnistatko muita kuin kysymyksess\u00e4 mainittuja tekij\u00f6it\u00e4 omassa ty\u00f6yhteis\u00f6ss\u00e4si?&#8221; [\/et_pb_text][\/et_pb_column][\/et_pb_row][et_pb_row _builder_version=&#8221;3.0.98&#8243; use_custom_width=&#8221;on&#8221; custom_width_px=&#8221;700px&#8221;][et_pb_column type=&#8221;4_4&#8243;][et_pb_text admin_label=&#8221;Kysymys&#8221; [&hellip;]<\/p>\n","protected":false},"author":1,"featured_media":0,"parent":257,"menu_order":0,"comment_status":"closed","ping_status":"closed","template":"","meta":[],"_links":{"self":[{"href":"https:\/\/vanha.karelia.fi\/fi\/moni-toimii\/wp-json\/wp\/v2\/pages\/300"}],"collection":[{"href":"https:\/\/vanha.karelia.fi\/fi\/moni-toimii\/wp-json\/wp\/v2\/pages"}],"about":[{"href":"https:\/\/vanha.karelia.fi\/fi\/moni-toimii\/wp-json\/wp\/v2\/types\/page"}],"author":[{"embeddable":true,"href":"https:\/\/vanha.karelia.fi\/fi\/moni-toimii\/wp-json\/wp\/v2\/users\/1"}],"replies":[{"embeddable":true,"href":"https:\/\/vanha.karelia.fi\/fi\/moni-toimii\/wp-json\/wp\/v2\/comments?post=300"}],"version-history":[{"count":1,"href":"https:\/\/vanha.karelia.fi\/fi\/moni-toimii\/wp-json\/wp\/v2\/pages\/300\/revisions"}],"predecessor-version":[{"id":329,"href":"https:\/\/vanha.karelia.fi\/fi\/moni-toimii\/wp-json\/wp\/v2\/pages\/300\/revisions\/329"}],"up":[{"embeddable":true,"href":"https:\/\/vanha.karelia.fi\/fi\/moni-toimii\/wp-json\/wp\/v2\/pages\/257"}],"wp:attachment":[{"href":"https:\/\/vanha.karelia.fi\/fi\/moni-toimii\/wp-json\/wp\/v2\/media?parent=300"}],"curies":[{"name":"wp","href":"https:\/\/api.w.org\/{rel}","templated":true}]}}