{"id":302,"date":"2018-03-21T15:23:45","date_gmt":"2018-03-21T13:23:45","guid":{"rendered":"http:\/\/www.karelia.fi\/fi\/moni-toimii\/?page_id=302"},"modified":"2018-03-23T08:17:42","modified_gmt":"2018-03-23T06:17:42","slug":"kysymys3","status":"publish","type":"page","link":"https:\/\/vanha.karelia.fi\/fi\/moni-toimii\/itsearviointitesti-tyontekijalle\/kysymys3\/","title":{"rendered":"Kysymys3"},"content":{"rendered":"<p>[et_pb_section bb_built=&#8221;1&#8243; _builder_version=&#8221;3.0.98&#8243; module_class=&#8221;background-green&#8221;][et_pb_row _builder_version=&#8221;3.0.98&#8243; use_custom_width=&#8221;on&#8221; custom_width_px=&#8221;700px&#8221;][et_pb_column type=&#8221;4_4&#8243;][et_pb_text admin_label=&#8221;Edellisen kysymyksen vastaus&#8221; _builder_version=&#8221;3.0.98&#8243; background_layout=&#8221;light&#8221; module_class=&#8221;introteksti vaaka&#8221;]<\/p>\n<p>&#8221;Ik\u00e4, eri syist\u00e4 johtuva ty\u00f6kyvyn aleneminen, el\u00e4m\u00e4ntilanteet, koulutus ja osaaminen ovat tekij\u00f6it\u00e4, jotka voivat joskus aiheuttaa h\u00e4mmennyst\u00e4 ty\u00f6paikalla. Moninaisuuden esille nostaminen ja n\u00e4kyv\u00e4ksi tekeminen onkin t\u00e4rke\u00e4\u00e4 my\u00f6nteisen organisaatiokulttuurin kehittymisen kannalta. Jokainen ty\u00f6ntekij\u00e4 voi omalta osaltaan olla vaikuttamassa organisaatiokulttuurin kehittymiseen olemalla itse avoin ja suhtautumalla avoimesti omaan ty\u00f6yhteis\u00f6\u00f6n ja ty\u00f6kaverehin.&#8221;<\/p>\n<p>[\/et_pb_text][\/et_pb_column][\/et_pb_row][et_pb_row _builder_version=&#8221;3.0.98&#8243; use_custom_width=&#8221;on&#8221; custom_width_px=&#8221;700px&#8221;][et_pb_column type=&#8221;4_4&#8243;][et_pb_text admin_label=&#8221;Kysymys&#8221; _builder_version=&#8221;3.0.98&#8243; background_layout=&#8221;light&#8221; module_class=&#8221;kysely-otsikko&#8221;]<\/p>\n<p>3. Mit\u00e4 haasteita moninaisuus on tuonut omaan ty\u00f6h\u00f6si?<\/p>\n<p>[\/et_pb_text][et_pb_text admin_label=&#8221;Vastausvaihtoehdot&#8221; _builder_version=&#8221;3.0.98&#8243; background_layout=&#8221;light&#8221; module_class=&#8221;vastausvaihtoehdot&#8221;]<\/p>\n<form>\n    <input type=\"checkbox\">Tasapuolisuuden kokemus eri tilanteissa<br \/>\n    <input type=\"checkbox\">Erilaisten ty\u00f6n tekemisen tapojen ymm\u00e4rt\u00e4minen ja hyv\u00e4ksyminen<br \/>\n    <input type=\"checkbox\">Erilaisten mielipiteiden hyv\u00e4ksyminen<br \/>\n    <input type=\"checkbox\">Erilaisten ihmisten hyv\u00e4ksyminen<br \/>\n    <input type=\"checkbox\">Yhteisty\u00f6 eri kulttuuritaustoista tulevien ihmisten kanssa<br \/>\n<\/form>\n<p>[\/et_pb_text][et_pb_text admin_label=&#8221;Kyselynappula&#8221; _builder_version=&#8221;3.0.98&#8243; background_layout=&#8221;light&#8221; module_class=&#8221;kysely-nappula&#8221;]<\/p>\n<p><a href=\"\/moni-toimii\/itsearviointitesti-tyontekijalle\/kysymys4\">&gt;<\/a><\/p>\n<p>[\/et_pb_text][\/et_pb_column][\/et_pb_row][\/et_pb_section]<\/p>\n","protected":false},"excerpt":{"rendered":"<p>[et_pb_section bb_built=&#8221;1&#8243; _builder_version=&#8221;3.0.98&#8243; module_class=&#8221;background-green&#8221;][et_pb_row _builder_version=&#8221;3.0.98&#8243; use_custom_width=&#8221;on&#8221; custom_width_px=&#8221;700px&#8221;][et_pb_column type=&#8221;4_4&#8243;][et_pb_text admin_label=&#8221;Edellisen kysymyksen vastaus&#8221; _builder_version=&#8221;3.0.98&#8243; background_layout=&#8221;light&#8221; module_class=&#8221;introteksti vaaka&#8221;] &#8221;Ik\u00e4, eri syist\u00e4 johtuva ty\u00f6kyvyn aleneminen, el\u00e4m\u00e4ntilanteet, koulutus ja osaaminen ovat tekij\u00f6it\u00e4, jotka voivat joskus aiheuttaa h\u00e4mmennyst\u00e4 ty\u00f6paikalla. Moninaisuuden esille nostaminen ja n\u00e4kyv\u00e4ksi tekeminen onkin t\u00e4rke\u00e4\u00e4 my\u00f6nteisen organisaatiokulttuurin kehittymisen kannalta. Jokainen ty\u00f6ntekij\u00e4 voi omalta osaltaan olla vaikuttamassa organisaatiokulttuurin kehittymiseen olemalla [&hellip;]<\/p>\n","protected":false},"author":1,"featured_media":0,"parent":257,"menu_order":0,"comment_status":"closed","ping_status":"closed","template":"","meta":[],"_links":{"self":[{"href":"https:\/\/vanha.karelia.fi\/fi\/moni-toimii\/wp-json\/wp\/v2\/pages\/302"}],"collection":[{"href":"https:\/\/vanha.karelia.fi\/fi\/moni-toimii\/wp-json\/wp\/v2\/pages"}],"about":[{"href":"https:\/\/vanha.karelia.fi\/fi\/moni-toimii\/wp-json\/wp\/v2\/types\/page"}],"author":[{"embeddable":true,"href":"https:\/\/vanha.karelia.fi\/fi\/moni-toimii\/wp-json\/wp\/v2\/users\/1"}],"replies":[{"embeddable":true,"href":"https:\/\/vanha.karelia.fi\/fi\/moni-toimii\/wp-json\/wp\/v2\/comments?post=302"}],"version-history":[{"count":1,"href":"https:\/\/vanha.karelia.fi\/fi\/moni-toimii\/wp-json\/wp\/v2\/pages\/302\/revisions"}],"predecessor-version":[{"id":330,"href":"https:\/\/vanha.karelia.fi\/fi\/moni-toimii\/wp-json\/wp\/v2\/pages\/302\/revisions\/330"}],"up":[{"embeddable":true,"href":"https:\/\/vanha.karelia.fi\/fi\/moni-toimii\/wp-json\/wp\/v2\/pages\/257"}],"wp:attachment":[{"href":"https:\/\/vanha.karelia.fi\/fi\/moni-toimii\/wp-json\/wp\/v2\/media?parent=302"}],"curies":[{"name":"wp","href":"https:\/\/api.w.org\/{rel}","templated":true}]}}