{"id":309,"date":"2018-03-21T15:33:50","date_gmt":"2018-03-21T13:33:50","guid":{"rendered":"http:\/\/www.karelia.fi\/fi\/moni-toimii\/?page_id=309"},"modified":"2018-03-23T08:17:55","modified_gmt":"2018-03-23T06:17:55","slug":"kysymys5","status":"publish","type":"page","link":"https:\/\/vanha.karelia.fi\/fi\/moni-toimii\/itsearviointitesti-tyontekijalle\/kysymys5\/","title":{"rendered":"Kysymys5"},"content":{"rendered":"<p>[et_pb_section bb_built=&#8221;1&#8243; _builder_version=&#8221;3.0.98&#8243; module_class=&#8221;background-green&#8221;][et_pb_row _builder_version=&#8221;3.0.98&#8243; use_custom_width=&#8221;on&#8221; custom_width_px=&#8221;700px&#8221;][et_pb_column type=&#8221;4_4&#8243;][et_pb_text admin_label=&#8221;Edellisen kysymyksen vastaus&#8221; _builder_version=&#8221;3.0.98&#8243; background_layout=&#8221;light&#8221; module_class=&#8221;introteksti vaaka&#8221;]<\/p>\n<p>&#8221;Moninaisuus tuo mahdollisuuksia oman osaamisen kehitt\u00e4miseen ja toimintatapojen uudistamiseen. Esimerkiksi toisen ty\u00f6n varjostaminen yhden p\u00e4iv\u00e4n ajan voi hyv\u00e4 keino oppia uutta omassa ty\u00f6ss\u00e4 toteutettavaksi. Mit\u00e4 muita mahdollisuuksia n\u00e4et moninaisuudessa?&#8221;<\/p>\n<p>[\/et_pb_text][\/et_pb_column][\/et_pb_row][et_pb_row _builder_version=&#8221;3.0.98&#8243; use_custom_width=&#8221;on&#8221; custom_width_px=&#8221;700px&#8221;][et_pb_column type=&#8221;4_4&#8243;][et_pb_text admin_label=&#8221;Kysymys&#8221; _builder_version=&#8221;3.0.98&#8243; background_layout=&#8221;light&#8221; module_class=&#8221;kysely-otsikko&#8221;]<\/p>\n<p>5. Miten olet itse tukenut moninaisuutta omassa ty\u00f6yhteis\u00f6ss\u00e4si<\/p>\n<p>[\/et_pb_text][et_pb_text admin_label=&#8221;Vastausvaihtoehdot&#8221; _builder_version=&#8221;3.0.98&#8243; background_layout=&#8221;light&#8221; module_class=&#8221;vastausvaihtoehdot&#8221;]<\/p>\n<form>\n    <input type=\"checkbox\">Auttamalla ja tukemalla ty\u00f6kavereita muutoksissa<br \/>\n    <input type=\"checkbox\">Omalla asenteella ja suhtautumisella omaan\/toisten ty\u00f6h\u00f6n<br \/>\n    <input type=\"checkbox\">Hyv\u00e4ksym\u00e4ll\u00e4 erilaiset ihmiset<br \/>\n    <input type=\"checkbox\">Hyv\u00e4ksym\u00e4ll\u00e4 erilaiset ty\u00f6n teon tavat<br \/>\n    <input type=\"checkbox\">Ottamalla huomioon ty\u00f6kaverin el\u00e4m\u00e4ntilanteen<br \/>\n<\/form>\n<p>[\/et_pb_text][et_pb_text admin_label=&#8221;Kyselynappula&#8221; _builder_version=&#8221;3.0.98&#8243; background_layout=&#8221;light&#8221; module_class=&#8221;kysely-nappula&#8221;]<\/p>\n<p><a href=\"\/moni-toimii\/itsearviointitesti-tyontekijalle\/loppu\">&gt;<\/a><\/p>\n<p>[\/et_pb_text][\/et_pb_column][\/et_pb_row][\/et_pb_section]<\/p>\n","protected":false},"excerpt":{"rendered":"<p>[et_pb_section bb_built=&#8221;1&#8243; _builder_version=&#8221;3.0.98&#8243; module_class=&#8221;background-green&#8221;][et_pb_row _builder_version=&#8221;3.0.98&#8243; use_custom_width=&#8221;on&#8221; custom_width_px=&#8221;700px&#8221;][et_pb_column type=&#8221;4_4&#8243;][et_pb_text admin_label=&#8221;Edellisen kysymyksen vastaus&#8221; _builder_version=&#8221;3.0.98&#8243; background_layout=&#8221;light&#8221; module_class=&#8221;introteksti vaaka&#8221;] &#8221;Moninaisuus tuo mahdollisuuksia oman osaamisen kehitt\u00e4miseen ja toimintatapojen uudistamiseen. Esimerkiksi toisen ty\u00f6n varjostaminen yhden p\u00e4iv\u00e4n ajan voi hyv\u00e4 keino oppia uutta omassa ty\u00f6ss\u00e4 toteutettavaksi. Mit\u00e4 muita mahdollisuuksia n\u00e4et moninaisuudessa?&#8221; [\/et_pb_text][\/et_pb_column][\/et_pb_row][et_pb_row _builder_version=&#8221;3.0.98&#8243; use_custom_width=&#8221;on&#8221; custom_width_px=&#8221;700px&#8221;][et_pb_column type=&#8221;4_4&#8243;][et_pb_text admin_label=&#8221;Kysymys&#8221; _builder_version=&#8221;3.0.98&#8243; background_layout=&#8221;light&#8221; module_class=&#8221;kysely-otsikko&#8221;] 5. Miten [&hellip;]<\/p>\n","protected":false},"author":1,"featured_media":0,"parent":257,"menu_order":0,"comment_status":"closed","ping_status":"closed","template":"","meta":[],"_links":{"self":[{"href":"https:\/\/vanha.karelia.fi\/fi\/moni-toimii\/wp-json\/wp\/v2\/pages\/309"}],"collection":[{"href":"https:\/\/vanha.karelia.fi\/fi\/moni-toimii\/wp-json\/wp\/v2\/pages"}],"about":[{"href":"https:\/\/vanha.karelia.fi\/fi\/moni-toimii\/wp-json\/wp\/v2\/types\/page"}],"author":[{"embeddable":true,"href":"https:\/\/vanha.karelia.fi\/fi\/moni-toimii\/wp-json\/wp\/v2\/users\/1"}],"replies":[{"embeddable":true,"href":"https:\/\/vanha.karelia.fi\/fi\/moni-toimii\/wp-json\/wp\/v2\/comments?post=309"}],"version-history":[{"count":1,"href":"https:\/\/vanha.karelia.fi\/fi\/moni-toimii\/wp-json\/wp\/v2\/pages\/309\/revisions"}],"predecessor-version":[{"id":332,"href":"https:\/\/vanha.karelia.fi\/fi\/moni-toimii\/wp-json\/wp\/v2\/pages\/309\/revisions\/332"}],"up":[{"embeddable":true,"href":"https:\/\/vanha.karelia.fi\/fi\/moni-toimii\/wp-json\/wp\/v2\/pages\/257"}],"wp:attachment":[{"href":"https:\/\/vanha.karelia.fi\/fi\/moni-toimii\/wp-json\/wp\/v2\/media?parent=309"}],"curies":[{"name":"wp","href":"https:\/\/api.w.org\/{rel}","templated":true}]}}