{"id":311,"date":"2018-03-21T15:34:29","date_gmt":"2018-03-21T13:34:29","guid":{"rendered":"http:\/\/www.karelia.fi\/fi\/moni-toimii\/?page_id=311"},"modified":"2018-03-23T08:18:04","modified_gmt":"2018-03-23T06:18:04","slug":"loppu","status":"publish","type":"page","link":"https:\/\/vanha.karelia.fi\/fi\/moni-toimii\/itsearviointitesti-tyontekijalle\/loppu\/","title":{"rendered":"Loppu"},"content":{"rendered":"<p>[et_pb_section bb_built=&#8221;1&#8243; _builder_version=&#8221;3.0.98&#8243; module_class=&#8221;background-green&#8221;][et_pb_row _builder_version=&#8221;3.0.98&#8243; use_custom_width=&#8221;on&#8221; custom_width_px=&#8221;700px&#8221;][et_pb_column type=&#8221;4_4&#8243;][et_pb_text admin_label=&#8221;Ty\u00f6yhteis\u00f6n toimivuus on organisaation avaintekij\u00e4&#8230; (intro)&#8221; _builder_version=&#8221;3.0.98&#8243; background_layout=&#8221;light&#8221; module_class=&#8221;introteksti vaaka&#8221;]<\/p>\n<p>&#8221;Jokainen voi valita oman suhtautumisensa moninaiseen ty\u00f6yhteis\u00f6\u00f6n. Tiedostamalla asian voi vaikuttaa omaan ajatteluun ja toimintaan. Voi my\u00f6s huomata, ett\u00e4 hyvin pienill\u00e4kin asioilla saattaa olla merkityst\u00e4 muun muassa t\u00f6iden sujuvuuteen. Tietoisuus voi vahvistaa yhteis\u00f6llisyytt\u00e4 sek\u00e4 my\u00f6nteisyytt\u00e4.&#8221;<\/p>\n<p>[\/et_pb_text][\/et_pb_column][\/et_pb_row][et_pb_row _builder_version=&#8221;3.0.98&#8243; use_custom_width=&#8221;on&#8221; custom_width_px=&#8221;700px&#8221;][et_pb_column type=&#8221;4_4&#8243;][et_pb_text admin_label=&#8221;Kyselynappula&#8221; _builder_version=&#8221;3.0.98&#8243; background_layout=&#8221;light&#8221; module_class=&#8221;kysely-nappula&#8221;]<\/p>\n<p><a href=\"\/moni-toimii\">Takaisin etusivulle<\/a><\/p>\n<p>[\/et_pb_text][\/et_pb_column][\/et_pb_row][\/et_pb_section]<\/p>\n","protected":false},"excerpt":{"rendered":"<p>[et_pb_section bb_built=&#8221;1&#8243; _builder_version=&#8221;3.0.98&#8243; module_class=&#8221;background-green&#8221;][et_pb_row _builder_version=&#8221;3.0.98&#8243; use_custom_width=&#8221;on&#8221; custom_width_px=&#8221;700px&#8221;][et_pb_column type=&#8221;4_4&#8243;][et_pb_text admin_label=&#8221;Ty\u00f6yhteis\u00f6n toimivuus on organisaation avaintekij\u00e4&#8230; (intro)&#8221; _builder_version=&#8221;3.0.98&#8243; background_layout=&#8221;light&#8221; module_class=&#8221;introteksti vaaka&#8221;] &#8221;Jokainen voi valita oman suhtautumisensa moninaiseen ty\u00f6yhteis\u00f6\u00f6n. Tiedostamalla asian voi vaikuttaa omaan ajatteluun ja toimintaan. Voi my\u00f6s huomata, ett\u00e4 hyvin pienill\u00e4kin asioilla saattaa olla merkityst\u00e4 muun muassa t\u00f6iden sujuvuuteen. Tietoisuus voi vahvistaa yhteis\u00f6llisyytt\u00e4 sek\u00e4 my\u00f6nteisyytt\u00e4.&#8221; [\/et_pb_text][\/et_pb_column][\/et_pb_row][et_pb_row _builder_version=&#8221;3.0.98&#8243; [&hellip;]<\/p>\n","protected":false},"author":1,"featured_media":0,"parent":257,"menu_order":0,"comment_status":"closed","ping_status":"closed","template":"","meta":[],"_links":{"self":[{"href":"https:\/\/vanha.karelia.fi\/fi\/moni-toimii\/wp-json\/wp\/v2\/pages\/311"}],"collection":[{"href":"https:\/\/vanha.karelia.fi\/fi\/moni-toimii\/wp-json\/wp\/v2\/pages"}],"about":[{"href":"https:\/\/vanha.karelia.fi\/fi\/moni-toimii\/wp-json\/wp\/v2\/types\/page"}],"author":[{"embeddable":true,"href":"https:\/\/vanha.karelia.fi\/fi\/moni-toimii\/wp-json\/wp\/v2\/users\/1"}],"replies":[{"embeddable":true,"href":"https:\/\/vanha.karelia.fi\/fi\/moni-toimii\/wp-json\/wp\/v2\/comments?post=311"}],"version-history":[{"count":1,"href":"https:\/\/vanha.karelia.fi\/fi\/moni-toimii\/wp-json\/wp\/v2\/pages\/311\/revisions"}],"predecessor-version":[{"id":333,"href":"https:\/\/vanha.karelia.fi\/fi\/moni-toimii\/wp-json\/wp\/v2\/pages\/311\/revisions\/333"}],"up":[{"embeddable":true,"href":"https:\/\/vanha.karelia.fi\/fi\/moni-toimii\/wp-json\/wp\/v2\/pages\/257"}],"wp:attachment":[{"href":"https:\/\/vanha.karelia.fi\/fi\/moni-toimii\/wp-json\/wp\/v2\/media?parent=311"}],"curies":[{"name":"wp","href":"https:\/\/api.w.org\/{rel}","templated":true}]}}