{"id":14,"date":"2018-02-27T10:38:14","date_gmt":"2018-02-27T10:38:14","guid":{"rendered":"https:\/\/vanha.karelia.fi\/korkeakoulustartti\/?page_id=14"},"modified":"2020-12-04T14:03:38","modified_gmt":"2020-12-04T12:03:38","slug":"tyoelamalle","status":"publish","type":"page","link":"https:\/\/vanha.karelia.fi\/korkeakoulustartti\/tyoelamalle\/","title":{"rendered":"Ty\u00f6el\u00e4m\u00e4lle"},"content":{"rendered":"<h1><strong>Ty\u00f6el\u00e4m\u00e4n edustaja<\/strong><\/h1>\n<ul>\n<li><strong>Haluatko kertoa uratarinasi alavalintojaan pohtiville nuorille? <\/strong><\/li>\n<li><strong>Onko edustamaasi yritykseen tai organisaatioon mahdollista tulla tutustumisk\u00e4ynnille? \u00a0<\/strong><\/li>\n<\/ul>\n<p>Korkeakoulustartti-hanke tekee yhteisty\u00f6t\u00e4 ty\u00f6el\u00e4m\u00e4n kanssa. Hankkeen toimenpiteill\u00e4 tuetaan pohjoiskarjalaisia nuoria korkeakouluopintoihin hakeutumisessa toisen asteen koulutuksen j\u00e4lkeen; erityisesti lukion suorittaneita nuoria, joilla ei ole jatko-opintopaikkaa eik\u00e4 ammatillista tutkintoa.<\/p>\n<p>Korkeakoulustartti lis\u00e4\u00e4 nuorten tietoutta ty\u00f6el\u00e4m\u00e4st\u00e4 ja ty\u00f6paikoista, joihin tarvitaan korkeakoulututkinto. Ty\u00f6el\u00e4m\u00e4n tuntemus ja tieto potentiaalisista tulevaisuuden ty\u00f6teht\u00e4vist\u00e4 helpottavat nuoren valintaa t\u00e4rke\u00e4ss\u00e4 el\u00e4m\u00e4nvaiheessa, kun h\u00e4n valitsee tulevaa opintouraansa. Hanke j\u00e4rjest\u00e4\u00e4 valmennusta ja ohjausta nuoren valintojen tueksi.<\/p>\n<p>J\u00e4rjest\u00e4mme mm. ty\u00f6el\u00e4m\u00e4infoja ja tutustumisk\u00e4yntej\u00e4 ty\u00f6paikkoihin Pohjois-Karjalan alueella. Henkil\u00f6kohtainen KorkeakouluTET tarjoaa nuorelle mahdollisuuden tutustua eri ty\u00f6paikkoihin ja niiden ty\u00f6teht\u00e4viin varjostamalla, eli seuraamalla henkil\u00f6kunnan ty\u00f6skentely\u00e4. Nuorten ohjauksen ja valmennuksen tavoitteena on my\u00f6s sujuvoittaa nuorten kouluttautumista sellaisille aloille, joille heid\u00e4n on realistista ty\u00f6llisty\u00e4, jolloin osaamisen ja ty\u00f6el\u00e4m\u00e4n tarpeiden kohtaanto paranee.<\/p>\n<p>&nbsp;<\/p>\n<h1><strong>Miksi Korkeakoulustartti?<\/strong><\/h1>\n<p style=\"text-align: left;\">Pohjois-Karjalassa on tunnistettu akuutti tarve ohjauksen suuntaamiseen erityisesti niille nuorille, joilla ei ole lukion j\u00e4lkeist\u00e4 jatko-opintopaikkaa eik\u00e4 ammatillista koulutusta. N\u00e4it\u00e4 nuoria ovat esimerkiksi ylioppilastutkinnon suorittaneet nuoret, jotka eiv\u00e4t ole p\u00e4\u00e4sseet jatko-opintoihin. Suomessa vuosittain uusista ylioppilaista l\u00e4hes 70% j\u00e4\u00e4 koulutuksen ulkopuolelle ja korkeakouluopintojen keskim\u00e4\u00e4r\u00e4inen aloittamisik\u00e4 on 24 vuotta. Pohjois-Karjalassa pelk\u00e4st\u00e4\u00e4n ylioppilastutkinnon suorittaneiden alle 30-vuotiaiden ty\u00f6nhakijoiden m\u00e4\u00e4r\u00e4 on yli tuhat ja m\u00e4\u00e4r\u00e4 kasvaa vuosittain noin sadalla.<\/p>\n<p style=\"text-align: left;\">Korkeakoulustartti-hanke pyrkii vastaamaan tunnistettuun tarpeeseen tekem\u00e4ll\u00e4 yhteisty\u00f6t\u00e4 maakunnan ohjaustoimijoiden ja ty\u00f6el\u00e4m\u00e4n kanssa. Korkeakoulustartti-hankkeessa on kolme toimenpidekokonaisuutta: Valmennus nuorille, Ohjausmallin yhteiskehitt\u00e4minen ja Ty\u00f6el\u00e4m\u00e4yhteisty\u00f6 koulutuksen nivelvaiheessa.<\/p>\n<p>Toimenpiteet toteutetaan yhteisty\u00f6n\u00e4 Karelia-ammattikorkeakoulun ja It\u00e4-Suomen yliopiston kanssa Pohjois-Karjalan alueella. Hanke toimii ajalla 1.1.2018-31.12.2020. Toimintaa rahoittaa Euroopan Unionin Euroopan Sosiaalirahasto ja Etel\u00e4-Savon ELY-keskus.<\/p>\n<p>&nbsp;<\/p>\n<h3>Ty\u00f6el\u00e4m\u00e4yhteisty\u00f6t\u00e4 hankkeessa:<\/h3>\n<p>Mainostoimisto Fabrik Oy<\/p>\n<p>Siun Sote<\/p>\n<p>Fastroi Oy<\/p>\n<p>Mainostoimisto Hurry Oy<\/p>\n<p>PKO<\/p>\n<p>ISLAB<\/p>\n<p>Joensuun Tulkkikeskus<\/p>\n<p>Osuuspankki Joensuu<\/p>\n<p>Siun Sote, keskussairaala<\/p>\n<p>Pohjois-Karjalan Sosiaaliturvayhdistys ry<\/p>\n<p>yhteis\u00f6pedagogi Annu Jantunen, Joensuun kaupunki,<br \/>\nduuniagentti Anne Kokkonen, Luotsi\/ Joensuun kaupunki,<br \/>\nTE-palvelut Ohjaamossa<\/p>\n<p>elokuvaaja Miska Karioja, Misetrone<\/p>\n<p>kutsuntaupseeri Jarmo Kolu, Puolustusvoimat<\/p>\n<p>Muotoilija, Muotoilustudio Katriina Nuutinen,<br \/>\ngraafinen suunnittelija Jussi Santaniemi Monarkia Graphics,<br \/>\nk\u00e4sikirjoittaja Aki Ryyn\u00e4nen, Korpipaja<\/p>\n<p>PK Terveys<\/p>\n<p>Euroopan mets\u00e4instituutti EFI<\/p>\n<p>&nbsp;<\/p>\n<p>&nbsp;<\/p>\n<p>&nbsp;<\/p>\n<p>&nbsp;<\/p>\n<p>&nbsp;<\/p>\n<p>&nbsp;<\/p>\n<p>&nbsp;<\/p>\n","protected":false},"excerpt":{"rendered":"<p>Ty\u00f6el\u00e4m\u00e4n edustaja Haluatko kertoa uratarinasi alavalintojaan pohtiville nuorille? Onko edustamaasi yritykseen tai organisaatioon mahdollista tulla [&hellip;]<\/p>\n","protected":false},"author":2,"featured_media":223,"parent":0,"menu_order":3,"comment_status":"closed","ping_status":"closed","template":"","meta":{"_exactmetrics_skip_tracking":false,"_exactmetrics_sitenote_active":false,"_exactmetrics_sitenote_note":"","_exactmetrics_sitenote_category":0,"footnotes":""},"class_list":["post-14","page","type-page","status-publish","has-post-thumbnail","hentry"],"aioseo_notices":[],"_links":{"self":[{"href":"https:\/\/vanha.karelia.fi\/korkeakoulustartti\/wp-json\/wp\/v2\/pages\/14"}],"collection":[{"href":"https:\/\/vanha.karelia.fi\/korkeakoulustartti\/wp-json\/wp\/v2\/pages"}],"about":[{"href":"https:\/\/vanha.karelia.fi\/korkeakoulustartti\/wp-json\/wp\/v2\/types\/page"}],"author":[{"embeddable":true,"href":"https:\/\/vanha.karelia.fi\/korkeakoulustartti\/wp-json\/wp\/v2\/users\/2"}],"replies":[{"embeddable":true,"href":"https:\/\/vanha.karelia.fi\/korkeakoulustartti\/wp-json\/wp\/v2\/comments?post=14"}],"version-history":[{"count":25,"href":"https:\/\/vanha.karelia.fi\/korkeakoulustartti\/wp-json\/wp\/v2\/pages\/14\/revisions"}],"predecessor-version":[{"id":887,"href":"https:\/\/vanha.karelia.fi\/korkeakoulustartti\/wp-json\/wp\/v2\/pages\/14\/revisions\/887"}],"wp:featuredmedia":[{"embeddable":true,"href":"https:\/\/vanha.karelia.fi\/korkeakoulustartti\/wp-json\/wp\/v2\/media\/223"}],"wp:attachment":[{"href":"https:\/\/vanha.karelia.fi\/korkeakoulustartti\/wp-json\/wp\/v2\/media?parent=14"}],"curies":[{"name":"wp","href":"https:\/\/api.w.org\/{rel}","templated":true}]}}