{"id":415,"date":"2018-09-14T10:28:02","date_gmt":"2018-09-14T08:28:02","guid":{"rendered":"https:\/\/vanha.karelia.fi\/korkeakoulustartti\/?page_id=415"},"modified":"2020-12-04T13:47:42","modified_gmt":"2020-12-04T11:47:42","slug":"ohjaustoimijoille","status":"publish","type":"page","link":"https:\/\/vanha.karelia.fi\/korkeakoulustartti\/ohjaustoimijoille\/","title":{"rendered":"Ohjaustoimijoille"},"content":{"rendered":"<h1>Hankkeen p\u00e4\u00e4t\u00f6swebinaari 11.12.2020<\/h1>\n<p><strong>PALASET ONNISTUNEESTI PAIKALLEEN &#8211;<\/strong>P\u00e4\u00e4t\u00f6swebinaari ohjaustoimijoille:<\/p>\n<p>Korkeakoulustartti j\u00e4rjest\u00e4\u00e4 hankkeen p\u00e4\u00e4t\u00f6swebinaariin ohjaustoimijoille perjantaina <strong>11.12. klo 8:30-12:00<\/strong>. Webinaarissa tutustutaan hankkeessa kehitettyihin ohjauksen ty\u00f6menetelmiin ja v\u00e4lineisiin sek\u00e4 jaetaan hankkeen aikana syntyneit\u00e4 onnistumisen kokemuksia. Seminaarissa kuullaan puheenvuoroja hankkeemme yhteisty\u00f6verkostolta ja lis\u00e4ksi puhumassa tulevaisuuden keskeisist\u00e4 ty\u00f6el\u00e4m\u00e4taidoista on kirjailija ja muutosvalmentaja Maaretta Tukiainen. Webinaarissa my\u00f6s julkaistaan Palaset Paikalleen -urasuunnittelupeli.<\/p>\n<p><strong>Ohjelma:<\/strong><\/p>\n<p><strong>8:30-8:45<\/strong> Tervetuloa hankkeen p\u00e4\u00e4t\u00f6swebinaariin<br \/>\n<strong>8:45-9:30<\/strong> Tulevaisuus on meid\u00e4n! &#8211; Tulevaisuuden keskeiset ty\u00f6el\u00e4m\u00e4taidot, muutosvalmentaja &amp; kirjailija Maaretta Tukiainen<br \/>\n<strong>9:30-9:50<\/strong> Uraohjaus ja nuoren el\u00e4m\u00e4ntilanne \u2013 hankkeen yhteisty\u00f6verkoston n\u00e4k\u00f6kulmia ohjausty\u00f6h\u00f6n<br \/>\n<strong>9:50-10:00<\/strong> Tauko<br \/>\n<strong>10:00-11:00<\/strong> Hankkeen tulokset ja niiden hy\u00f6dynt\u00e4minen ohjaustoiminnassa<br \/>\n-Urasuunnitteluk\u00e4sikirja Palaset paikalleen -vaihtoehdoista valinnoiksi, Korkeakoulukortit ja Kohti Korkeakoulua -opas<br \/>\n-Kokemuksia ty\u00f6el\u00e4m\u00e4l\u00e4ht\u00f6isest\u00e4 uravalmennuksesta lukioissa<br \/>\n<strong>11:00-11:15<\/strong> Yhteytt\u00e4, yhteis\u00f6llisyytt\u00e4 ja toimijuutta rakentamassa-yliopisto-opettaja Heli Pesonen, UEF<br \/>\n<strong>11:15-11:40<\/strong> Palaset paikalleen -urasuunnittelupelin lanseeraus<br \/>\n<strong>11:40-12:00<\/strong> Miten onnistuimme? Kysymyksi\u00e4 ja keskustelua<\/p>\n<p>Seminaarin juontaa Arttu K\u00e4yhk\u00f6, Rookie Communications Oy<\/p>\n<p>&nbsp;<\/p>\n<p>Lis\u00e4tiedot: niina.pennanen@karelia.fi, 050 330 4719<\/p>\n<p>Ilmoittaudu mukaan <strong>9.12.<\/strong> menness\u00e4<\/p>\n<p><a href=\"https:\/\/tinyurl.com\/korkeakoulustartti\">https:\/\/tinyurl.com\/korkeakoulustartti<\/a><\/p>\n<p>Et\u00e4yhteyslinkki l\u00e4hetet\u00e4\u00e4n ilmoittautuneille s\u00e4hk\u00f6postissa.<\/p>\n<p>&nbsp;<\/p>\n<p><em>Tervetuloa mukaan!<\/em><\/p>\n<p>&nbsp;<\/p>\n<p>&nbsp;<\/p>\n","protected":false},"excerpt":{"rendered":"<p>Hankkeen p\u00e4\u00e4t\u00f6swebinaari 11.12.2020 PALASET ONNISTUNEESTI PAIKALLEEN &#8211;P\u00e4\u00e4t\u00f6swebinaari ohjaustoimijoille: Korkeakoulustartti j\u00e4rjest\u00e4\u00e4 hankkeen p\u00e4\u00e4t\u00f6swebinaariin ohjaustoimijoille perjantaina 11.12. [&hellip;]<\/p>\n","protected":false},"author":7,"featured_media":417,"parent":0,"menu_order":0,"comment_status":"closed","ping_status":"closed","template":"","meta":{"_exactmetrics_skip_tracking":false,"_exactmetrics_sitenote_active":false,"_exactmetrics_sitenote_note":"","_exactmetrics_sitenote_category":0,"footnotes":""},"class_list":["post-415","page","type-page","status-publish","has-post-thumbnail","hentry"],"aioseo_notices":[],"_links":{"self":[{"href":"https:\/\/vanha.karelia.fi\/korkeakoulustartti\/wp-json\/wp\/v2\/pages\/415"}],"collection":[{"href":"https:\/\/vanha.karelia.fi\/korkeakoulustartti\/wp-json\/wp\/v2\/pages"}],"about":[{"href":"https:\/\/vanha.karelia.fi\/korkeakoulustartti\/wp-json\/wp\/v2\/types\/page"}],"author":[{"embeddable":true,"href":"https:\/\/vanha.karelia.fi\/korkeakoulustartti\/wp-json\/wp\/v2\/users\/7"}],"replies":[{"embeddable":true,"href":"https:\/\/vanha.karelia.fi\/korkeakoulustartti\/wp-json\/wp\/v2\/comments?post=415"}],"version-history":[{"count":56,"href":"https:\/\/vanha.karelia.fi\/korkeakoulustartti\/wp-json\/wp\/v2\/pages\/415\/revisions"}],"predecessor-version":[{"id":885,"href":"https:\/\/vanha.karelia.fi\/korkeakoulustartti\/wp-json\/wp\/v2\/pages\/415\/revisions\/885"}],"wp:featuredmedia":[{"embeddable":true,"href":"https:\/\/vanha.karelia.fi\/korkeakoulustartti\/wp-json\/wp\/v2\/media\/417"}],"wp:attachment":[{"href":"https:\/\/vanha.karelia.fi\/korkeakoulustartti\/wp-json\/wp\/v2\/media?parent=415"}],"curies":[{"name":"wp","href":"https:\/\/api.w.org\/{rel}","templated":true}]}}