{"id":57,"date":"2018-03-02T16:09:17","date_gmt":"2018-03-02T14:09:17","guid":{"rendered":"https:\/\/vanha.karelia.fi\/korkeakoulustartti\/?page_id=57"},"modified":"2020-09-08T14:01:37","modified_gmt":"2020-09-08T12:01:37","slug":"ota-yhteytta","status":"publish","type":"page","link":"https:\/\/vanha.karelia.fi\/korkeakoulustartti\/ota-yhteytta\/","title":{"rendered":"Ota yhteytt\u00e4"},"content":{"rendered":"<h1><strong>Ota yhteytt\u00e4<\/strong><\/h1>\n<p>&nbsp;<\/p>\n<table style=\"width: 507px; height: 1200px; border-spacing: 10px 10px;\" cellpadding=\"10\">\n<tbody>\n<tr>\n<td><img decoding=\"async\" class=\"wp-image-287 size-medium aligncenter\" src=\"https:\/\/vanha.karelia.fi\/korkeakoulustartti\/wp-content\/uploads\/2018\/05\/niina-259x300.png\" alt=\"\" width=\"259\" height=\"300\" hspace=\"20\" srcset=\"https:\/\/vanha.karelia.fi\/korkeakoulustartti\/wp-content\/uploads\/2018\/05\/niina-259x300.png 259w, https:\/\/vanha.karelia.fi\/korkeakoulustartti\/wp-content\/uploads\/2018\/05\/niina-768x891.png 768w, https:\/\/vanha.karelia.fi\/korkeakoulustartti\/wp-content\/uploads\/2018\/05\/niina-883x1024.png 883w\" sizes=\"(max-width: 259px) 100vw, 259px\" \/><\/td>\n<td><strong>Niina Pennanen<\/strong><br \/>\nprojektip\u00e4\u00e4llikk\u00f6<br \/>\nniina.pennanen@karelia.fi<br \/>\npuh. 050 330 4719<br \/>\nTikkarinne 9, 80200 Joensuu<\/td>\n<\/tr>\n<tr>\n<td><img decoding=\"async\" class=\"aligncenter wp-image-287\" src=\"https:\/\/vanha.karelia.fi\/korkeakoulustartti\/wp-content\/uploads\/2018\/09\/satu_www1.jpg\" alt=\"\" width=\"259\" height=\"300\" \/><\/td>\n<td><strong>Satu Saarinen<br \/>\n<\/strong>opinto-ohjaaja<br \/>\nsatu.saarinen@karelia.fi<\/td>\n<\/tr>\n<tr>\n<td><\/td>\n<td><strong>Mervi Kurula<br \/>\n<\/strong>projektisuunnittelija<strong><br \/>\n<\/strong>mm. ty\u00f6el\u00e4m\u00e4yhteydet, vierailut<br \/>\nmervi.kurula@karelia.fi<\/td>\n<\/tr>\n<tr>\n<td><\/td>\n<td><strong>Joni Lahtinen<br \/>\n<\/strong>projektikoordinaattori<br \/>\njoni.lahtinen@karelia.fi<\/td>\n<\/tr>\n<\/tbody>\n<\/table>\n<p>***<\/p>\n<p>1.1.2018-31.7.2020 saakka<\/p>\n<p><strong>Heli Pesonen<br \/>\n<\/strong>projektiasiantuntija<br \/>\nheli.pesonen@uef.fi<\/p>\n<p><strong>Katariina Waltzer<\/strong><br \/>\nprojektiasiantuntija<br \/>\nkatariina.waltzer@uef.fi<br \/>\npuh. 050 442 4407<\/p>\n<p><strong>Korkeakoulustartti-blogin julkaisuista vastaa toimituskunta:<\/strong><\/p>\n<div id=\"page\" class=\"hfeed site\">\n<div id=\"main\" class=\"wrapper\">\n<div id=\"primary\" class=\"site-content\">\n<div id=\"content\" role=\"main\">\n<article id=\"post-33\" class=\"post-33 page type-page status-publish hentry\">\n<div class=\"entry-content\">\n<p>Niina Pennanen, Karelia-amk<\/p>\n<p>Satu Saarinen, Karelia-amk (15.11.2018 alkaen)<\/p>\n<p>Katariina Waltzer, It\u00e4-Suomen yliopisto (31.7.2020 saakka)<br \/>\nKirsi Taskinen, Karelia-amk (14.11.2018 saakka)<\/p>\n<p>&nbsp;<\/p>\n<\/div>\n<\/article>\n<\/div>\n<\/div>\n<\/div>\n<\/div>\n","protected":false},"excerpt":{"rendered":"<p>Ota yhteytt\u00e4 &nbsp; Niina Pennanen projektip\u00e4\u00e4llikk\u00f6 niina.pennanen@karelia.fi puh. 050 330 4719 Tikkarinne 9, 80200 Joensuu [&hellip;]<\/p>\n","protected":false},"author":3,"featured_media":0,"parent":0,"menu_order":5,"comment_status":"closed","ping_status":"closed","template":"","meta":{"_exactmetrics_skip_tracking":false,"_exactmetrics_sitenote_active":false,"_exactmetrics_sitenote_note":"","_exactmetrics_sitenote_category":0,"footnotes":""},"class_list":["post-57","page","type-page","status-publish","hentry"],"aioseo_notices":[],"_links":{"self":[{"href":"https:\/\/vanha.karelia.fi\/korkeakoulustartti\/wp-json\/wp\/v2\/pages\/57"}],"collection":[{"href":"https:\/\/vanha.karelia.fi\/korkeakoulustartti\/wp-json\/wp\/v2\/pages"}],"about":[{"href":"https:\/\/vanha.karelia.fi\/korkeakoulustartti\/wp-json\/wp\/v2\/types\/page"}],"author":[{"embeddable":true,"href":"https:\/\/vanha.karelia.fi\/korkeakoulustartti\/wp-json\/wp\/v2\/users\/3"}],"replies":[{"embeddable":true,"href":"https:\/\/vanha.karelia.fi\/korkeakoulustartti\/wp-json\/wp\/v2\/comments?post=57"}],"version-history":[{"count":47,"href":"https:\/\/vanha.karelia.fi\/korkeakoulustartti\/wp-json\/wp\/v2\/pages\/57\/revisions"}],"predecessor-version":[{"id":850,"href":"https:\/\/vanha.karelia.fi\/korkeakoulustartti\/wp-json\/wp\/v2\/pages\/57\/revisions\/850"}],"wp:attachment":[{"href":"https:\/\/vanha.karelia.fi\/korkeakoulustartti\/wp-json\/wp\/v2\/media?parent=57"}],"curies":[{"name":"wp","href":"https:\/\/api.w.org\/{rel}","templated":true}]}}